{"id":2385,"date":"2022-03-31T10:14:41","date_gmt":"2022-03-31T08:14:41","guid":{"rendered":"https:\/\/auparadisdescampeurs.com\/startseite\/"},"modified":"2026-03-27T11:04:26","modified_gmt":"2026-03-27T10:04:26","slug":"startseite","status":"publish","type":"page","link":"https:\/\/auparadisdescampeurs.com\/de\/","title":{"rendered":"Startseite"},"content":{"rendered":"\n<section class=\"wp-container-69da38f48e0e2 wp-block-group alignfull F-05-a loco-container-scroll\"><div class=\"wp-block-group__inner-container\">\n<figure class=\"wp-block-gallery has-nested-images columns-5 is-cropped\">\n<figure class=\"wp-block-image size-full\"><img width=\"1920\" height=\"1280\" src=\"https:\/\/auparadisdescampeurs.com\/wp-content\/uploads\/2022\/06\/LL55-b-ret-web-1.jpg\" alt=\"\" class=\"wp-image-3838\" srcset=\"https:\/\/auparadisdescampeurs.com\/wp-content\/uploads\/2022\/06\/LL55-b-ret-web-1.jpg 1920w, https:\/\/auparadisdescampeurs.com\/wp-content\/uploads\/2022\/06\/LL55-b-ret-web-1-300x200.jpg 300w, https:\/\/auparadisdescampeurs.com\/wp-content\/uploads\/2022\/06\/LL55-b-ret-web-1-1024x683.jpg 1024w, https:\/\/auparadisdescampeurs.com\/wp-content\/uploads\/2022\/06\/LL55-b-ret-web-1-768x512.jpg 768w, https:\/\/auparadisdescampeurs.com\/wp-content\/uploads\/2022\/06\/LL55-b-ret-web-1-1536x1024.jpg 1536w\" sizes=\"(max-width: 1920px) 100vw, 1920px\" \/><\/figure>\n\n\n\n<figure class=\"wp-block-image size-full\"><img width=\"1920\" height=\"1280\" src=\"https:\/\/auparadisdescampeurs.com\/wp-content\/uploads\/2022\/06\/LM2-a-ret.webjpg-1.jpg\" alt=\"\" class=\"wp-image-3843\" srcset=\"https:\/\/auparadisdescampeurs.com\/wp-content\/uploads\/2022\/06\/LM2-a-ret.webjpg-1.jpg 1920w, https:\/\/auparadisdescampeurs.com\/wp-content\/uploads\/2022\/06\/LM2-a-ret.webjpg-1-300x200.jpg 300w, https:\/\/auparadisdescampeurs.com\/wp-content\/uploads\/2022\/06\/LM2-a-ret.webjpg-1-1024x683.jpg 1024w, https:\/\/auparadisdescampeurs.com\/wp-content\/uploads\/2022\/06\/LM2-a-ret.webjpg-1-768x512.jpg 768w, https:\/\/auparadisdescampeurs.com\/wp-content\/uploads\/2022\/06\/LM2-a-ret.webjpg-1-1536x1024.jpg 1536w\" sizes=\"(max-width: 1920px) 100vw, 1920px\" \/><\/figure>\n\n\n\n<figure class=\"wp-block-image size-full\"><img width=\"1920\" height=\"1292\" src=\"https:\/\/auparadisdescampeurs.com\/wp-content\/uploads\/2023\/02\/aurore-1920x12001-4.jpg\" alt=\"\" class=\"wp-image-4171\" srcset=\"https:\/\/auparadisdescampeurs.com\/wp-content\/uploads\/2023\/02\/aurore-1920x12001-4.jpg 1920w, https:\/\/auparadisdescampeurs.com\/wp-content\/uploads\/2023\/02\/aurore-1920x12001-4-300x202.jpg 300w, https:\/\/auparadisdescampeurs.com\/wp-content\/uploads\/2023\/02\/aurore-1920x12001-4-1024x689.jpg 1024w, https:\/\/auparadisdescampeurs.com\/wp-content\/uploads\/2023\/02\/aurore-1920x12001-4-768x517.jpg 768w, https:\/\/auparadisdescampeurs.com\/wp-content\/uploads\/2023\/02\/aurore-1920x12001-4-1536x1034.jpg 1536w\" sizes=\"(max-width: 1920px) 100vw, 1920px\" \/><\/figure>\n\n\n\n<figure class=\"wp-block-image size-large\"><img width=\"1024\" height=\"683\" src=\"https:\/\/auparadisdescampeurs.com\/wp-content\/uploads\/2025\/09\/Design-sans-titre-4-1-3-1024x683.png\" alt=\"Camping Le Paradis Des Campeurs : Design Sans Titre 4 (1)\" class=\"wp-image-7129\" srcset=\"https:\/\/auparadisdescampeurs.com\/wp-content\/uploads\/2025\/09\/Design-sans-titre-4-1-3-1024x683.png 1024w, https:\/\/auparadisdescampeurs.com\/wp-content\/uploads\/2025\/09\/Design-sans-titre-4-1-3-300x200.png 300w, https:\/\/auparadisdescampeurs.com\/wp-content\/uploads\/2025\/09\/Design-sans-titre-4-1-3-768x512.png 768w, https:\/\/auparadisdescampeurs.com\/wp-content\/uploads\/2025\/09\/Design-sans-titre-4-1-3-1536x1024.png 1536w, https:\/\/auparadisdescampeurs.com\/wp-content\/uploads\/2025\/09\/Design-sans-titre-4-1-3.png 2048w\" sizes=\"(max-width: 1024px) 100vw, 1024px\" \/><\/figure>\n\n\n\n<figure class=\"wp-block-image size-large\"><img width=\"1024\" height=\"683\" src=\"https:\/\/auparadisdescampeurs.com\/wp-content\/uploads\/2025\/08\/guinguette-matin-1-1024x683.jpg\" alt=\"Camping Le Paradis Des Campeurs : Guinguette Matin 1\" class=\"wp-image-7089\" srcset=\"https:\/\/auparadisdescampeurs.com\/wp-content\/uploads\/2025\/08\/guinguette-matin-1-1024x683.jpg 1024w, https:\/\/auparadisdescampeurs.com\/wp-content\/uploads\/2025\/08\/guinguette-matin-1-300x200.jpg 300w, https:\/\/auparadisdescampeurs.com\/wp-content\/uploads\/2025\/08\/guinguette-matin-1-768x512.jpg 768w, https:\/\/auparadisdescampeurs.com\/wp-content\/uploads\/2025\/08\/guinguette-matin-1-1536x1024.jpg 1536w, https:\/\/auparadisdescampeurs.com\/wp-content\/uploads\/2025\/08\/guinguette-matin-1.jpg 1920w\" sizes=\"(max-width: 1024px) 100vw, 1024px\" \/><\/figure>\n<\/figure>\n\n\n\n<div class=\"wp-block-columns\">\n<div class=\"wp-block-column\" style=\"flex-basis:100%\">\n<div class=\"wp-container-69da38f48ddf2 wp-block-group\"><div class=\"wp-block-group__inner-container\"><ctv-searchbar><\/ctv-searchbar>\n<\/div><\/div>\n<\/div>\n<\/div>\n<\/div><\/section>\n\n<section class=\"wp-container-69da38f490f8b wp-block-group F-25-a\"><div class=\"wp-block-group__inner-container\">\n<div class=\"wp-block-columns\">\n<div class=\"wp-block-column\">\n<div class=\"wp-block-columns\">\n<div class=\"wp-block-column\"><div class=\"wp-block-site-logo\"><a href=\"https:\/\/auparadisdescampeurs.com\/de\/\" class=\"custom-logo-link\" rel=\"home\"><img width=\"200\" height=\"54\" src=\"https:\/\/auparadisdescampeurs.com\/wp-content\/uploads\/2022\/04\/LOGO-horizontal.png\" class=\"custom-logo\" alt=\"Campingplatz Le Paradis des Campeurs\" srcset=\"https:\/\/auparadisdescampeurs.com\/wp-content\/uploads\/2022\/04\/LOGO-horizontal.png 2048w, https:\/\/auparadisdescampeurs.com\/wp-content\/uploads\/2022\/04\/LOGO-horizontal-300x81.png 300w, https:\/\/auparadisdescampeurs.com\/wp-content\/uploads\/2022\/04\/LOGO-horizontal-1024x277.png 1024w, https:\/\/auparadisdescampeurs.com\/wp-content\/uploads\/2022\/04\/LOGO-horizontal-768x208.png 768w, https:\/\/auparadisdescampeurs.com\/wp-content\/uploads\/2022\/04\/LOGO-horizontal-1536x416.png 1536w\" sizes=\"(max-width: 200px) 100vw, 200px\" \/><\/a><\/div><\/div>\n\n\n\n<div class=\"wp-block-column\"><\/div>\n\n\n\n<div class=\"wp-block-column\">\n<p><i class=\"fal fa-star\"><\/i><i class=\"fal fa-star\"><\/i><i class=\"fal fa-star\"><\/i><i class=\"fal fa-star\"><\/i><\/p>\n<\/div>\n<\/div>\n\n\n\n<p class=\"titre1 texte-hn\">Au Paradis des Campeurs<\/p>\n\n\n\n<p>Direkter Zugang zum Strand von La Gaillarde<\/p>\n\n\n\n<div class=\"wp-block-columns\">\n<div class=\"wp-block-column\"><i class=\"fal fa-comments\"><\/i>\n<\/div>\n\n\n\n<div class=\"wp-block-column\">\n<p><a itemprop=\"telephone\" href=\"tel:+33494969355\">04 94 96 93 55<\/a><br\/><a itemprop=\"email\" href=\"mailto:info@campingpdc.fr\">info@campingpdc.fr<\/a><\/p>\n<\/div>\n<\/div>\n\n\n\n<div class=\"wp-block-columns\">\n<div class=\"wp-block-column\"><i class=\"fal fa-map-marker-check\"><\/i>\n<\/div>\n\n\n\n<div class=\"wp-block-column\">\n<p><a href=\"https:\/\/www.google.com\/maps\/place\/Camping+Au+Paradis+Des+Campeurs\/@43.3652089,6.7086404,17z\/data=!4m9!3m8!1s0x12cebdd42b06366f:0xbad898cf981e2369!5m2!4m1!1i2!8m2!3d43.3656618!4d6.7125558!16s%2Fg%2F11c5rq6y22?entry=ttu\" data-type=\"URL\" data-id=\"https:\/\/www.google.com\/maps\/place\/Camping+Au+Paradis+Des+Campeurs\/@43.3652089,6.7086404,17z\/data=!4m9!3m8!1s0x12cebdd42b06366f:0xbad898cf981e2369!5m2!4m1!1i2!8m2!3d43.3656618!4d6.7125558!16s%2Fg%2F11c5rq6y22?entry=ttu\" target=\"_blank\" rel=\"noreferrer noopener\"><span class=\"wrp_adresse\"><span itemprop=\"address\">RD559 La Gaillarde Plage<br \/>\r\n83380 Les Issambres \u2013 Roquebrune sur Argens<\/span><\/span><\/a><\/p>\n<\/div>\n<\/div>\n\n\n\n<div class=\"wp-container-69da38f48ec67 wp-block-group cadre\"><div class=\"wp-block-group__inner-container\">\n<div class=\"wp-block-columns\">\n<div class=\"wp-block-column\"><i class=\"fal fa-home-alt\"><\/i>\n\n\n\n<p class=\"has-text-align-center\">101 Mobilheime und Lodges<\/p>\n<\/div>\n\n\n\n<div class=\"wp-block-column\"><i class=\"fal fa-campground\"><\/i>\n\n\n\n<p class=\"has-text-align-center\">91 Stellpl\u00e4tze<\/p>\n<\/div>\n<\/div>\n<\/div><\/div>\n\n\n\n<aside class=\"wp-container-69da38f490a81 wp-block-group\"><div class=\"wp-block-group__inner-container\">\n<ul id=\"block-adc2faa9-fada-4c63-8e21-10336c7cb7ba\"><li><a href=\"https:\/\/auparadisdescampeurs.com\/wp-content\/uploads\/2025\/10\/Conditions-ge\u0301ne\u0301rales-de-vente-Allemand.docx\" target=\"_blank\" rel=\"noopener\" class=\"file\">Allgemeine Gesch\u00e4ftsbedingungen<\/a><\/li><li><a href=\"https:\/\/auparadisdescampeurs.com\/wp-content\/uploads\/2026\/01\/Allemand-.pdf\" target=\"_blank\" rel=\"noopener\" class=\"file\">Preise f\u00fcr Stellpl\u00e4tze 2026<\/a><\/li><li><a href=\"https:\/\/auparadisdescampeurs.com\/wp-content\/uploads\/2026\/01\/Franc%CC%A7ais-1.pdf\"><a href=\"https:\/\/auparadisdescampeurs.com\/wp-content\/uploads\/2025\/10\/Conditions-ge\u0301ne\u0301rales-de-vente-Allemand.docx\" target=\"_blank\" rel=\"noopener\" class=\"file\">Allgemeine Gesch\u00e4ftsbedingungen<\/a><\/a><\/li><\/ul>\n\n\n\n<div class=\"wp-container-69da38f4907cc wp-block-buttons\">\n<div class=\"wp-block-button btn_gal small\"><a class=\"wp-block-button__link\" href=\"https:\/\/auparadisdescampeurs.com\/de\/fotogalerie\/\">Zur Fotogalerie<\/a><\/div>\n<\/div>\n<\/div><\/aside>\n\n\n\n<figure class=\"wp-block-image size-full\"><img width=\"472\" height=\"401\" src=\"https:\/\/auparadisdescampeurs.com\/wp-content\/uploads\/2022\/03\/map.png\" alt=\"\" class=\"wp-image-613\" srcset=\"https:\/\/auparadisdescampeurs.com\/wp-content\/uploads\/2022\/03\/map.png 472w, https:\/\/auparadisdescampeurs.com\/wp-content\/uploads\/2022\/03\/map-300x255.png 300w\" sizes=\"(max-width: 472px) 100vw, 472px\" \/><\/figure>\n<\/div>\n\n\n\n<div class=\"wp-block-column\">\n<div class=\"wp-block-columns pictos\">\n<div class=\"wp-block-column\"><i class=\"fal fa-umbrella-beach\"><\/i>\n\n\n\n<p class=\"has-text-align-center\">Direkter Zugang zum Strand<\/p>\n<\/div>\n\n\n\n<div class=\"wp-block-column\"><i class=\"fal fa-calendar-check\"><\/i>\n\n\n\n<p class=\"has-text-align-center\">Das ganze Jahr \u00fcber ge\u00f6ffnet<\/p>\n<\/div>\n\n\n\n<div class=\"wp-block-column\"><i class=\"fal fa-trees\"><\/i>\n\n\n\n<p class=\"has-text-align-center\">Direkter Zugang zum Wald<\/p>\n<\/div>\n\n\n\n<div class=\"wp-block-column\"><i class=\"fal fa-bicycle\"><\/i>\n\n\n\n<p class=\"has-text-align-center\">Fahrradwege in der N\u00e4he<\/p>\n<\/div>\n<\/div>\n\n\n\n<h2 class=\"sstitre\" id=\"bienvenue-au-camping-4-etoiles-au-paradis-des-campeurs-avec-acces-direct-a-la-plage\">Willkommen auf dem 4-Sterne-Campingplatz Au Paradis des Campeurs mit direktem Zugang zum Strand<\/h2>\n\n\n\n<p class=\"has-text-align-center\">Wir laden Sie zu einem Urlaub an einem einzigartigen und nat\u00fcrlichen Ort ein!<\/p>\n\n\n\n<p>Im Herzen der C\u00f4te d&#8217;Azur angesiedelt, hat Au Paradis des Campeurs <strong>direkten Zugang zu einem der sch\u00f6nsten Str\u00e4nde der C\u00f4te d&#8217;Azur<\/strong> (<a rel=\"noreferrer noopener\" href=\"https:\/\/www.google.com\/search?q=plage+de+la+gaillarde&amp;client=firefox-b-d&amp;sxsrf=ALeKk01iiw6t8aCnNVBoYG_5RmbixbeyBw:1588001791283&amp;source=lnms&amp;tbm=isch&amp;sa=X&amp;ved=2ahUKEwj236_V94jpAhWhxYUKHaByD9QQ_AUoAnoECBUQBA&amp;biw=1908&amp;bih=938\" target=\"_blank\">Plage de la Gaillarde<\/a>) und zum Wald. Ein Garant f\u00fcr Sch\u00f6nheit, Komfort und Frische. <strong>11 Kilometer von Sainte-Maxime und 20 Minuten mit dem Boot von Saint-Tropez entfernt.<\/strong><\/p>\n\n\n\n<p><\/p>\n<\/div>\n<\/div>\n<\/div><\/section>\n\n<h1 class=\"has-text-align-center\" id=\"notre-guinguette-restaurant-vue-mer\">Unser Restaurant \u201eGuinguette\u201c mit Meerblick<\/h1>\n\n<div class=\"wp-block-image\"><figure class=\"aligncenter size-large is-resized\"><img src=\"https:\/\/auparadisdescampeurs.com\/wp-content\/uploads\/2025\/08\/guinguette-matin-5-1024x683.jpg\" alt=\"\" class=\"wp-image-7095\" width=\"813\" height=\"542\" srcset=\"https:\/\/auparadisdescampeurs.com\/wp-content\/uploads\/2025\/08\/guinguette-matin-5-1024x683.jpg 1024w, https:\/\/auparadisdescampeurs.com\/wp-content\/uploads\/2025\/08\/guinguette-matin-5-300x200.jpg 300w, https:\/\/auparadisdescampeurs.com\/wp-content\/uploads\/2025\/08\/guinguette-matin-5-768x512.jpg 768w, https:\/\/auparadisdescampeurs.com\/wp-content\/uploads\/2025\/08\/guinguette-matin-5-1536x1024.jpg 1536w, https:\/\/auparadisdescampeurs.com\/wp-content\/uploads\/2025\/08\/guinguette-matin-5.jpg 1920w\" sizes=\"(max-width: 813px) 100vw, 813px\" \/><\/figure><\/div>\n\n<div class=\"wp-container-69da38f4912bc wp-block-buttons\">\n<div class=\"wp-block-button aligncenter is-style-fill\"><a class=\"wp-block-button__link\" href=\"https:\/\/auparadisdescampeurs.com\/de\/?page_id=6723\">Hier entdecken<\/a><\/div>\n<\/div>\n\n<div style=\"height:46px\" aria-hidden=\"true\" class=\"wp-block-spacer\"><\/div>\n\n<div class=\"wp-block-columns\">\n<div class=\"wp-block-column\" style=\"flex-basis:66.66%\">\n<figure class=\"wp-block-image size-large\"><img width=\"1024\" height=\"683\" src=\"https:\/\/auparadisdescampeurs.com\/wp-content\/uploads\/2025\/07\/guinguette-soir-5-1024x683.jpg\" alt=\"\" class=\"wp-image-6990\" srcset=\"https:\/\/auparadisdescampeurs.com\/wp-content\/uploads\/2025\/07\/guinguette-soir-5-1024x683.jpg 1024w, https:\/\/auparadisdescampeurs.com\/wp-content\/uploads\/2025\/07\/guinguette-soir-5-300x200.jpg 300w, https:\/\/auparadisdescampeurs.com\/wp-content\/uploads\/2025\/07\/guinguette-soir-5-768x512.jpg 768w, https:\/\/auparadisdescampeurs.com\/wp-content\/uploads\/2025\/07\/guinguette-soir-5-1536x1024.jpg 1536w, https:\/\/auparadisdescampeurs.com\/wp-content\/uploads\/2025\/07\/guinguette-soir-5-scaled.jpg 2048w\" sizes=\"(max-width: 1024px) 100vw, 1024px\" \/><\/figure>\n<\/div>\n\n\n\n<div class=\"wp-block-column\" style=\"flex-basis:33.33%\">\n<p><\/p>\n\n\n\n<h2 id=\"vue-mer-produits-locaux-coucher-de-soleil-et-convivialite\">Meerblick, lokale Produkte, Sonnenuntergang und Geselligkeit<\/h2>\n\n\n\n<h2 id=\"notre-guinguette-s-engage-a-n-utiliser-que-des-produits-bio-provenant-de-circuits-courts-nos-legumes-viandes-et-fruits-viennent-de-producteurs-locaux-avec-qui-nous-travaillons-depuis-plusieurs-annees\">Unsere Guinguette hat sich dazu verpflichtet, ausschlie\u00dflich Bio-Produkte aus der Region zu verwenden. Unser Gem\u00fcse, Fleisch und Obst stammt von lokalen Erzeugern, mit denen wir seit mehreren Jahren zusammenarbeiten. <\/h2>\n<\/div>\n<\/div>\n\n<div style=\"height:22px\" aria-hidden=\"true\" class=\"wp-block-spacer\"><\/div>\n\n<section class=\"wp-container-69da38f4928ef wp-block-group alignfull F-80-a has-bg-1-background-color has-background\"><div class=\"wp-block-group__inner-container\">\n<div class=\"wp-block-columns\">\n<div class=\"wp-block-column\">\n<figure class=\"wp-block-image size-large\"><img width=\"1024\" height=\"683\" src=\"https:\/\/auparadisdescampeurs.com\/wp-content\/uploads\/2022\/06\/PDC-LM2-a-1-1024x683.jpg\" alt=\"\" class=\"wp-image-3806\" srcset=\"https:\/\/auparadisdescampeurs.com\/wp-content\/uploads\/2022\/06\/PDC-LM2-a-1-1024x683.jpg 1024w, https:\/\/auparadisdescampeurs.com\/wp-content\/uploads\/2022\/06\/PDC-LM2-a-1-300x200.jpg 300w, https:\/\/auparadisdescampeurs.com\/wp-content\/uploads\/2022\/06\/PDC-LM2-a-1-768x512.jpg 768w, https:\/\/auparadisdescampeurs.com\/wp-content\/uploads\/2022\/06\/PDC-LM2-a-1-1536x1024.jpg 1536w, https:\/\/auparadisdescampeurs.com\/wp-content\/uploads\/2022\/06\/PDC-LM2-a-1.jpg 1920w\" sizes=\"(max-width: 1024px) 100vw, 1024px\" \/><\/figure>\n\n\n\n<div class=\"wp-container-69da38f491684 wp-block-buttons\">\n<div class=\"wp-block-button btn_lien\"><a class=\"wp-block-button__link\" href=\"https:\/\/auparadisdescampeurs.com\/de\/vermietungen\/\">Unterk\u00fcnfte mit privatem Pool<\/a><\/div>\n<\/div>\n<\/div>\n\n\n\n<div class=\"wp-block-column\">\n<figure class=\"wp-block-image size-full\"><img width=\"1024\" height=\"768\" src=\"https:\/\/auparadisdescampeurs.com\/wp-content\/uploads\/2022\/03\/Lodge-luxe-vue-foret-terasse-1.jpg\" alt=\"Camping Campasun Le Paradis Des Campeurs : Lodge Luxe Vue Foret Terasse 1\" class=\"wp-image-1052\" srcset=\"https:\/\/auparadisdescampeurs.com\/wp-content\/uploads\/2022\/03\/Lodge-luxe-vue-foret-terasse-1.jpg 1024w, https:\/\/auparadisdescampeurs.com\/wp-content\/uploads\/2022\/03\/Lodge-luxe-vue-foret-terasse-1-300x225.jpg 300w, https:\/\/auparadisdescampeurs.com\/wp-content\/uploads\/2022\/03\/Lodge-luxe-vue-foret-terasse-1-768x576.jpg 768w\" sizes=\"(max-width: 1024px) 100vw, 1024px\" \/><\/figure>\n\n\n\n<div class=\"wp-container-69da38f491984 wp-block-buttons\">\n<div class=\"wp-block-button btn_lien\"><a class=\"wp-block-button__link\" href=\"https:\/\/auparadisdescampeurs.com\/de\/vermietungen\/\">Vermietungen<\/a><\/div>\n<\/div>\n<\/div>\n\n\n\n<div class=\"wp-block-column\">\n<figure class=\"wp-block-image size-full\"><img width=\"751\" height=\"800\" src=\"https:\/\/auparadisdescampeurs.com\/wp-content\/uploads\/2025\/09\/Design-sans-titre-4.png\" alt=\"Camping Le Paradis Des Campeurs : Design Sans Titre 4\" class=\"wp-image-7137\" srcset=\"https:\/\/auparadisdescampeurs.com\/wp-content\/uploads\/2025\/09\/Design-sans-titre-4.png 751w, https:\/\/auparadisdescampeurs.com\/wp-content\/uploads\/2025\/09\/Design-sans-titre-4-282x300.png 282w\" sizes=\"(max-width: 751px) 100vw, 751px\" \/><\/figure>\n\n\n\n<div class=\"wp-container-69da38f491c79 wp-block-buttons\">\n<div class=\"wp-block-button btn_lien\"><a class=\"wp-block-button__link\" href=\"https:\/\/auparadisdescampeurs.com\/de\/standorte\/\">Standorte<\/a><\/div>\n<\/div>\n<\/div>\n<\/div>\n\n\n\n<div class=\"wp-block-columns\">\n<div class=\"wp-block-column\">\n<figure class=\"wp-block-image size-full\"><img width=\"533\" height=\"800\" src=\"https:\/\/auparadisdescampeurs.com\/wp-content\/uploads\/2022\/03\/Alentours.jpg\" alt=\"Camping Campasun Le Paradis Des Campeurs : Alentours\" class=\"wp-image-931\" srcset=\"https:\/\/auparadisdescampeurs.com\/wp-content\/uploads\/2022\/03\/Alentours.jpg 533w, https:\/\/auparadisdescampeurs.com\/wp-content\/uploads\/2022\/03\/Alentours-200x300.jpg 200w\" sizes=\"(max-width: 533px) 100vw, 533px\" \/><\/figure>\n\n\n\n<div class=\"wp-container-69da38f491f8c wp-block-buttons\">\n<div class=\"wp-block-button btn_lien\"><a class=\"wp-block-button__link\" href=\"https:\/\/auparadisdescampeurs.com\/de\/umgebung\/\">Umgebung<\/a><\/div>\n<\/div>\n<\/div>\n\n\n\n<div class=\"wp-block-column\">\n<figure class=\"wp-block-image size-full\"><img width=\"708\" height=\"734\" src=\"https:\/\/auparadisdescampeurs.com\/wp-content\/uploads\/2022\/03\/Activites-1.jpg\" alt=\"Camping Campasun Le Paradis Des Campeurs : Activit&#xE9;s\" class=\"wp-image-1061\" srcset=\"https:\/\/auparadisdescampeurs.com\/wp-content\/uploads\/2022\/03\/Activites-1.jpg 708w, https:\/\/auparadisdescampeurs.com\/wp-content\/uploads\/2022\/03\/Activites-1-289x300.jpg 289w\" sizes=\"(max-width: 708px) 100vw, 708px\" \/><\/figure>\n\n\n\n<div class=\"wp-container-69da38f49231a wp-block-buttons\">\n<div class=\"wp-block-button btn_lien\"><a class=\"wp-block-button__link\" href=\"https:\/\/auparadisdescampeurs.com\/de\/aktivitaeten\/\">Aktivit\u00e4ten<\/a><\/div>\n<\/div>\n<\/div>\n\n\n\n<div class=\"wp-block-column\">\n<figure class=\"wp-block-image size-full\"><img width=\"1000\" height=\"667\" src=\"https:\/\/auparadisdescampeurs.com\/wp-content\/uploads\/2022\/03\/vacances-sud-de-la-france.jpg\" alt=\"\" class=\"wp-image-464\" srcset=\"https:\/\/auparadisdescampeurs.com\/wp-content\/uploads\/2022\/03\/vacances-sud-de-la-france.jpg 1000w, https:\/\/auparadisdescampeurs.com\/wp-content\/uploads\/2022\/03\/vacances-sud-de-la-france-300x200.jpg 300w, https:\/\/auparadisdescampeurs.com\/wp-content\/uploads\/2022\/03\/vacances-sud-de-la-france-768x512.jpg 768w\" sizes=\"(max-width: 1000px) 100vw, 1000px\" \/><\/figure>\n\n\n\n<div class=\"wp-container-69da38f492623 wp-block-buttons\">\n<div class=\"wp-block-button btn_lien\"><a class=\"wp-block-button__link\" href=\"https:\/\/auparadisdescampeurs.com\/de\/dienste\/\">Dienste<\/a><\/div>\n<\/div>\n<\/div>\n<\/div>\n<\/div><\/section>\n\n<div class=\"wp-container-69da38f492d32 wp-block-group alignfull F-70-a\"><div class=\"wp-block-group__inner-container\">\n<div class=\"wp-block-columns\">\n<div class=\"wp-block-column\">\n<h2 class=\"titre1 anim-texte-left\" id=\"lycaoniam-adnexam-isauriae-se-contulerunt-ibique\">Aktivit\u00e4ten nach Lust und Laune&#8230;<\/h2>\n\n\n\n<p>Wir befinden uns in Les Issambres in unmittelbarer N\u00e4he von Sainte-Maxime und Saint-Tropez und den Vorzeiged\u00f6rfern der Provence.<\/p>\n\n\n\n<p>Sie k\u00f6nnen diese wundersch\u00f6ne Umgebung ganz entspannt und mit verschiedenen sportlichen Aktivit\u00e4ten genie\u00dfen: Wanderungen mit dem Elektro-Mountainbike, Paddeln oder Kajakfahren.<\/p>\n\n\n\n<p><strong>Unser Versprechen: Sie in einem herzlichen und famili\u00e4ren Geist an einem au\u00dfergew\u00f6hnlichen Ort zu empfangen!<\/strong><\/p>\n<\/div>\n\n\n\n<div class=\"wp-block-column\">\n<figure class=\"wp-block-gallery has-nested-images columns-3 is-cropped\">\n<figure class=\"wp-block-image size-full\"><img src=\"https:\/\/www.campasun.eu\/wp-content\/uploads\/2022\/02\/alexander-van-steenberge-aJEJ9siAppM-unsplash-1000.jpg\" alt=\"\" class=\"wp-image-701\"\/><figcaption>Eine Region, die es zu <strong>entdecken gilt<\/strong><\/figcaption><\/figure>\n\n\n\n<figure class=\"wp-block-image size-full\"><img src=\"https:\/\/www.campasun.eu\/wp-content\/uploads\/2022\/02\/filip-mroz-zK049OFP4uI-unsplash_900.jpg\" alt=\"\" class=\"wp-image-702\"\/><\/figure>\n\n\n\n<figure class=\"wp-block-image size-large\"><img src=\"https:\/\/www.campasun.eu\/wp-content\/uploads\/2022\/02\/eirik-skarstein-kr1S95OlIC8-unsplash-900-683x1024.jpg\" alt=\"\" class=\"wp-image-704\"\/><\/figure>\n\n\n\n<figure class=\"wp-block-image size-large\"><img src=\"https:\/\/www.campasun.eu\/wp-content\/uploads\/2022\/02\/levi-stute-xre_45BydTs-unsplash-900-683x1024.jpg\" alt=\"\" class=\"wp-image-705\"\/><\/figure>\n\n\n\n<figure class=\"wp-block-image size-large\"><img src=\"https:\/\/www.campasun.eu\/wp-content\/uploads\/2022\/02\/philippe-oursel-hEzxeDOMXoo-unsplash-900-683x1024.jpg\" alt=\"\" class=\"wp-image-703\"\/><\/figure>\n\n\n\n<figure class=\"wp-block-image size-full\"><img src=\"https:\/\/www.campasun.eu\/wp-content\/uploads\/2022\/02\/jeff-dunham-fq673rUxrsQ-unsplash-1000.jpg\" alt=\"\" class=\"wp-image-697\"\/><\/figure>\n<\/figure>\n<\/div>\n<\/div>\n<\/div><\/div>\n\n<div style=\"height:81px\" aria-hidden=\"true\" class=\"wp-block-spacer\"><\/div>\n\n<div class=\"wp-block-media-text alignwide has-media-on-the-right is-stacked-on-mobile\" style=\"grid-template-columns:auto 56%\"><figure class=\"wp-block-media-text__media\"><img width=\"1024\" height=\"686\" src=\"https:\/\/auparadisdescampeurs.com\/wp-content\/uploads\/2026\/03\/Victoria-1024x686.jpg\" alt=\"Camping Le Paradis Des Campeurs : Victoria\" class=\"wp-image-7641 size-full\" srcset=\"https:\/\/auparadisdescampeurs.com\/wp-content\/uploads\/2026\/03\/Victoria-1024x686.jpg 1024w, https:\/\/auparadisdescampeurs.com\/wp-content\/uploads\/2026\/03\/Victoria-300x201.jpg 300w, https:\/\/auparadisdescampeurs.com\/wp-content\/uploads\/2026\/03\/Victoria-768x515.jpg 768w, https:\/\/auparadisdescampeurs.com\/wp-content\/uploads\/2026\/03\/Victoria-1536x1029.jpg 1536w, https:\/\/auparadisdescampeurs.com\/wp-content\/uploads\/2026\/03\/Victoria-scaled.jpg 2048w\" sizes=\"(max-width: 1024px) 100vw, 1024px\" \/><\/figure><div class=\"wp-block-media-text__content\">\n<p class=\"has-large-font-size\">Neuheit 2026<\/p>\n\n\n\n<h2 id=\"lodge-victoria-spa-prive-2-personnes\"><strong>Lodge Victoria \u2013 Privates Spa f\u00fcr 2 Personen<\/strong><\/h2>\n\n\n\n<div class=\"wp-container-69da38f493065 wp-block-buttons\">\n<div class=\"wp-block-button is-style-fill\"><a class=\"wp-block-button__link\" href=\"https:\/\/reservation.secureholiday.net\/fr\/9221\/search\/product-view\/149459\">Hier buchen<\/a><\/div>\n<\/div>\n<\/div><\/div>\n\n<div style=\"height:90px\" aria-hidden=\"true\" class=\"wp-block-spacer\"><\/div>\n\n<!-- Facebook Pixel Code -->\n<script>\n!function(f,b,e,v,n,t,s)\n{if(f.fbq)return;n=f.fbq=function(){n.callMethod?\nn.callMethod.apply(n,arguments):n.queue.push(arguments)};\nif(!f._fbq)f._fbq=n;n.push=n;n.loaded=!0;n.version='2.0';\nn.queue=[];t=b.createElement(e);t.async=!0;\nt.src=v;s=b.getElementsByTagName(e)[0];\ns.parentNode.insertBefore(t,s)}(window,document,'script',\n'https:\/\/connect.facebook.net\/en_US\/fbevents.js');\n fbq('init', '1179471133686997'); \nfbq('track', 'PageView');\n<\/script>\n<noscript>\n <img height=\"1\" width=\"1\" src=\"https:\/\/www.facebook.com\/tr?id=1179471133686997&#038;ev=PageView%20&#038;noscript=1\"\/>\n<\/noscript>\n","protected":false},"excerpt":{"rendered":"<p>Au Paradis des Campeurs Direkter Zugang zum Strand von La Gaillarde 101 Mobilheime und Lodges 91 Stellpl\u00e4tze Direkter Zugang zum Strand Das ganze Jahr \u00fcber ge\u00f6ffnet Direkter Zugang zum Wald Fahrradwege in der N\u00e4he Willkommen auf dem 4-Sterne-Campingplatz Au Paradis des Campeurs mit direktem Zugang zum Strand Wir laden Sie zu einem Urlaub an einem [&hellip;]<\/p>\n","protected":false},"author":1,"featured_media":0,"parent":0,"menu_order":0,"comment_status":"closed","ping_status":"closed","template":"","meta":[],"acf":[],"_links":{"self":[{"href":"https:\/\/auparadisdescampeurs.com\/de\/wp-json\/wp\/v2\/pages\/2385"}],"collection":[{"href":"https:\/\/auparadisdescampeurs.com\/de\/wp-json\/wp\/v2\/pages"}],"about":[{"href":"https:\/\/auparadisdescampeurs.com\/de\/wp-json\/wp\/v2\/types\/page"}],"author":[{"embeddable":true,"href":"https:\/\/auparadisdescampeurs.com\/de\/wp-json\/wp\/v2\/users\/1"}],"replies":[{"embeddable":true,"href":"https:\/\/auparadisdescampeurs.com\/de\/wp-json\/wp\/v2\/comments?post=2385"}],"version-history":[{"count":6,"href":"https:\/\/auparadisdescampeurs.com\/de\/wp-json\/wp\/v2\/pages\/2385\/revisions"}],"predecessor-version":[{"id":7691,"href":"https:\/\/auparadisdescampeurs.com\/de\/wp-json\/wp\/v2\/pages\/2385\/revisions\/7691"}],"wp:attachment":[{"href":"https:\/\/auparadisdescampeurs.com\/de\/wp-json\/wp\/v2\/media?parent=2385"}],"curies":[{"name":"wp","href":"https:\/\/api.w.org\/{rel}","templated":true}]}}