{"id":2454,"date":"2022-03-31T10:59:37","date_gmt":"2022-03-31T08:59:37","guid":{"rendered":"https:\/\/auparadisdescampeurs.com\/standorte\/"},"modified":"2026-04-16T15:02:46","modified_gmt":"2026-04-16T13:02:46","slug":"standorte","status":"publish","type":"page","link":"https:\/\/auparadisdescampeurs.com\/de\/standorte\/","title":{"rendered":"Standorte"},"content":{"rendered":"\n<section class=\"wp-container-69e5ddaa761ce wp-block-group alignfull F-05-b\"><div class=\"wp-block-group__inner-container\">\n<figure class=\"wp-block-image size-large wp-embed-aspect-16-9 wp-has-aspect-ratio\"><img width=\"1024\" height=\"683\" src=\"https:\/\/auparadisdescampeurs.com\/wp-content\/uploads\/2025\/09\/Design-sans-titre-4-1-3-1024x683.png\" alt=\"\" class=\"wp-image-7132\" srcset=\"https:\/\/auparadisdescampeurs.com\/wp-content\/uploads\/2025\/09\/Design-sans-titre-4-1-3-1024x683.png 1024w, https:\/\/auparadisdescampeurs.com\/wp-content\/uploads\/2025\/09\/Design-sans-titre-4-1-3-300x200.png 300w, https:\/\/auparadisdescampeurs.com\/wp-content\/uploads\/2025\/09\/Design-sans-titre-4-1-3-768x512.png 768w, https:\/\/auparadisdescampeurs.com\/wp-content\/uploads\/2025\/09\/Design-sans-titre-4-1-3-1536x1024.png 1536w, https:\/\/auparadisdescampeurs.com\/wp-content\/uploads\/2025\/09\/Design-sans-titre-4-1-3-2048x1365.png 2048w\" sizes=\"(max-width: 1024px) 100vw, 1024px\" \/><\/figure>\n<\/div><\/section>\n\n\n\n<section class=\"wp-container-69e5ddaa7695d wp-block-group alignfull F-60-b\"><div class=\"wp-block-group__inner-container\">\n<div class=\"wp-block-columns\">\n<div class=\"wp-block-column\">\n<h1 class=\"has-text-align-left texte-hn\" id=\"emplacements-de-camping-en-provence\">Stellpl\u00e4tze in der Provence<\/h1>\n\n\n\n<div class=\"wp-block-columns\">\n<div class=\"wp-block-column\" style=\"flex-basis:0%\"><\/div>\n\n\n\n<div class=\"wp-block-column\" style=\"flex-basis:66.66%\">\n<p>100 freie Stellpl\u00e4tze, die sich \u00fcber 7 Hektar erstrecken, mit direktem Zugang zum Meer und zum Wald.<\/p>\n\n\n\n<p>Wir bieten Ihnen 3 Arten von Stellpl\u00e4tzen an:<\/p>\n\n\n\n<p>&#8211;<strong>Standards (60m2 bis 70m2)<\/strong> Mit 6 Ampere Strom<\/p>\n\n\n\n<p>&#8211;<strong>Komfort (60m2 bis 80m2)<\/strong> Trinkwasserbrunnen auf dem Stellplatz und Strom 6 Ampere<\/p>\n\n\n\n<p>&#8211;<strong>Gro\u00dfer Komfort (100m2 bis 130m2).<\/strong> Trinkwasserbrunnen auf dem Stellplatz und Strom 10 Ampere<\/p>\n\n\n\n<p><strong>-Gro\u00dfz\u00fcgiger Luxuskomfort (95 m\u00b2 bis 110 m\u00b2): <\/strong>Trinkwasserbrunnen mit Waschbecken, private Toilette, Au\u00dfenk\u00fcche auf dem Stellplatz und 10-Ampere-Stromanschluss.<\/p>\n\n\n\n<p>F\u00fcr jeden der Stellpl\u00e4tze haben Sie Zugang zu den Sanit\u00e4ranlagen und Duschen.<\/p>\n\n\n\n<p><strong>ACSI-Karten werden<\/strong> an einigen unserer Standorte akzeptiert.<\/p>\n\n\n\n<p>F\u00fcr unsere <strong>Wohnmobilisten<\/strong>ist die Entleerung auch in den Preisen f\u00fcr unsere Stellpl\u00e4tze inbegriffen.<\/p>\n\n\n\n<p><strong>Kommen Sie mit einer Gruppe<\/strong> <strong>? <\/strong>reservieren Sie einen Bereich des Campingplatzes und einen Versammlungsraum (<a href=\"https:\/\/auparadisdescampeurs.com\/de\/kontakt-anreise\/\" data-type=\"page\" data-id=\"93\">Kontaktieren Sie uns<\/a>).<\/p>\n\n\n\n<div class=\"wp-container-69e5ddaa76627 wp-block-buttons\">\n<div class=\"wp-block-button btn_resa_sans_js\"><a class=\"wp-block-button__link\" href=\"https:\/\/bookingpremium.secureholiday.net\/de\/9221\/search\/product-list?filterStatus=hideFilters&amp;productType=pitch\" target=\"_blank\" rel=\"noreferrer noopener\">Einen Platz buchen<\/a><\/div>\n\n\n\n<div class=\"wp-block-button btn_scroll small\"><a class=\"wp-block-button__link\" href=\"#dispo_prix\">Preise pro Woche<\/a><\/div>\n<\/div>\n<\/div>\n<\/div>\n<\/div>\n\n\n\n<div class=\"wp-block-column\">\n<figure class=\"wp-block-image size-full fade-left btn_resa_empl\"><img width=\"1024\" height=\"683\" src=\"https:\/\/auparadisdescampeurs.com\/wp-content\/uploads\/2022\/03\/emplacement-3-1-min-1024x683-1.jpg\" alt=\"Camping Campasun Le Paradis Des Campeurs : Emplacement 3 1 Min 1024x683\" class=\"wp-image-596\" srcset=\"https:\/\/auparadisdescampeurs.com\/wp-content\/uploads\/2022\/03\/emplacement-3-1-min-1024x683-1.jpg 1024w, https:\/\/auparadisdescampeurs.com\/wp-content\/uploads\/2022\/03\/emplacement-3-1-min-1024x683-1-300x200.jpg 300w, https:\/\/auparadisdescampeurs.com\/wp-content\/uploads\/2022\/03\/emplacement-3-1-min-1024x683-1-768x512.jpg 768w\" sizes=\"(max-width: 1024px) 100vw, 1024px\" \/><\/figure>\n<\/div>\n<\/div>\n<\/div><\/section>\n\n\n\n<section id=\"dispo_prix\" class=\"wp-container-69e5ddaa76c86 wp-block-group\"><div class=\"wp-block-group__inner-container\"><ctv-availability data-product-type=\"pitch\" data-background-color=\"#FFFFFFFF\" ><\/ctv-availability>\n<\/div><\/section>\n","protected":false},"excerpt":{"rendered":"<p>Stellpl\u00e4tze in der Provence 100 freie Stellpl\u00e4tze, die sich \u00fcber 7 Hektar erstrecken, mit direktem Zugang zum Meer und zum Wald. Wir bieten Ihnen 3 Arten von Stellpl\u00e4tzen an: &#8211;Standards (60m2 bis 70m2) Mit 6 Ampere Strom &#8211;Komfort (60m2 bis 80m2) Trinkwasserbrunnen auf dem Stellplatz und Strom 6 Ampere &#8211;Gro\u00dfer Komfort (100m2 bis 130m2). Trinkwasserbrunnen [&hellip;]<\/p>\n","protected":false},"author":1,"featured_media":0,"parent":0,"menu_order":0,"comment_status":"closed","ping_status":"closed","template":"","meta":[],"acf":[],"_links":{"self":[{"href":"https:\/\/auparadisdescampeurs.com\/de\/wp-json\/wp\/v2\/pages\/2454"}],"collection":[{"href":"https:\/\/auparadisdescampeurs.com\/de\/wp-json\/wp\/v2\/pages"}],"about":[{"href":"https:\/\/auparadisdescampeurs.com\/de\/wp-json\/wp\/v2\/types\/page"}],"author":[{"embeddable":true,"href":"https:\/\/auparadisdescampeurs.com\/de\/wp-json\/wp\/v2\/users\/1"}],"replies":[{"embeddable":true,"href":"https:\/\/auparadisdescampeurs.com\/de\/wp-json\/wp\/v2\/comments?post=2454"}],"version-history":[{"count":6,"href":"https:\/\/auparadisdescampeurs.com\/de\/wp-json\/wp\/v2\/pages\/2454\/revisions"}],"predecessor-version":[{"id":7878,"href":"https:\/\/auparadisdescampeurs.com\/de\/wp-json\/wp\/v2\/pages\/2454\/revisions\/7878"}],"wp:attachment":[{"href":"https:\/\/auparadisdescampeurs.com\/de\/wp-json\/wp\/v2\/media?parent=2454"}],"curies":[{"name":"wp","href":"https:\/\/api.w.org\/{rel}","templated":true}]}}