{"id":2508,"date":"2022-03-31T11:20:38","date_gmt":"2022-03-31T09:20:38","guid":{"rendered":"https:\/\/auparadisdescampeurs.com\/haeufig-gestellte-fragen\/"},"modified":"2025-06-29T16:58:35","modified_gmt":"2025-06-29T14:58:35","slug":"haeufig-gestellte-fragen","status":"publish","type":"page","link":"https:\/\/auparadisdescampeurs.com\/de\/haeufig-gestellte-fragen\/","title":{"rendered":"H\u00e4ufig gestellte Fragen"},"content":{"rendered":"\n<section class=\"wp-container-69d104048cdcd wp-block-group alignfull F-05-b\"><div class=\"wp-block-group__inner-container\">\n<figure class=\"wp-block-image size-full wp-embed-aspect-16-9 wp-has-aspect-ratio\"><img width=\"2048\" height=\"1343\" src=\"https:\/\/auparadisdescampeurs.com\/wp-content\/uploads\/2022\/03\/DSC_6861.jpg\" alt=\"\" class=\"wp-image-2254\" srcset=\"https:\/\/auparadisdescampeurs.com\/wp-content\/uploads\/2022\/03\/DSC_6861.jpg 2048w, https:\/\/auparadisdescampeurs.com\/wp-content\/uploads\/2022\/03\/DSC_6861-300x197.jpg 300w, https:\/\/auparadisdescampeurs.com\/wp-content\/uploads\/2022\/03\/DSC_6861-1024x672.jpg 1024w, https:\/\/auparadisdescampeurs.com\/wp-content\/uploads\/2022\/03\/DSC_6861-768x504.jpg 768w, https:\/\/auparadisdescampeurs.com\/wp-content\/uploads\/2022\/03\/DSC_6861-1536x1007.jpg 1536w\" sizes=\"(max-width: 2048px) 100vw, 2048px\" \/><\/figure>\n<\/div><\/section>\n\n\n\n<h1 class=\"has-text-align-center\" id=\"foire-aux-questions\">H\u00e4ufig gestellte Fragen<\/h1>\n\n\n\n<div class=\"wp-block-group accordeon\"><div class=\"wp-block-group__inner-container\">\n<p>Wann haben wir ge\u00f6ffnet?<\/p>\n\n\n\n<div class=\"wp-container-69d104048d147 wp-block-group\"><div class=\"wp-block-group__inner-container\">\n<p>Au Paradis des Campeurs ist ganzj\u00e4hrig ge\u00f6ffnet!<\/p>\n<\/div><\/div>\n<\/div><\/div>\n\n\n\n<div class=\"wp-block-group accordeon\"><div class=\"wp-block-group__inner-container\">\n<p>Au Paradis des Campeurs \u2013 wo ist das?<\/p>\n\n\n\n<div class=\"wp-container-69d104048d481 wp-block-group\"><div class=\"wp-block-group__inner-container\">\n<p>Am Meer an der franz\u00f6sischen Riviera im Var zwischen Cannes und Saint-Tropez, zwischen Fr\u00e9jus und Saint-Maxime<\/p>\n<\/div><\/div>\n<\/div><\/div>\n\n\n\n<div class=\"wp-block-group accordeon\"><div class=\"wp-block-group__inner-container\">\n<p>Welche Kategorie von Campingplatz ist das?<\/p>\n\n\n\n<div class=\"wp-container-69d104048d7e5 wp-block-group\"><div class=\"wp-block-group__inner-container\">\n<p>4 Sterne<\/p>\n<\/div><\/div>\n<\/div><\/div>\n\n\n\n<div class=\"wp-block-group accordeon\"><div class=\"wp-block-group__inner-container\">\n<p>Was ist die Fl\u00e4che des Campingplatzes?<\/p>\n\n\n\n<div class=\"wp-container-69d104048db09 wp-block-group\"><div class=\"wp-block-group__inner-container\">\n<p>7 Hektar<\/p>\n<\/div><\/div>\n<\/div><\/div>\n\n\n\n<div class=\"wp-block-group accordeon\"><div class=\"wp-block-group__inner-container\">\n<p>Ist es schattiert?<\/p>\n\n\n\n<div class=\"wp-container-69d104048de13 wp-block-group\"><div class=\"wp-block-group__inner-container\">\n<p>Es h\u00e4ngt von der Lage der Unterkunft ab, aber alle unsere Mietobjekte sind mit halb\u00fcberdachten Terrassen aus Camargue-Fu\u00dfmatten ausgestattet. Die Stellpl\u00e4tze sind gut von Vegetation umgeben, dies h\u00e4ngt jedoch auch von der Exposition ab.<\/p>\n<\/div><\/div>\n<\/div><\/div>\n\n\n\n<div class=\"wp-block-group accordeon\"><div class=\"wp-block-group__inner-container\">\n<p>Akzeptieren Sie Tiere? Gibt es Str\u00e4nde f\u00fcr Hunde?<\/p>\n\n\n\n<div class=\"wp-container-69d104048e124 wp-block-group\"><div class=\"wp-block-group__inner-container\">\n<p>Tiere sind auf dem Campingplatz erlaubt! Sie m\u00fcssen an der Leine gef\u00fchrt werden. Der direkte Zugang zum Wald erm\u00f6glicht es Ihnen, mit ihnen spazieren zu gehen, und 100 Meter vom Campingplatz entfernt befindet sich ein Strand, an dem Hunde erlaubt sind!<\/p>\n<\/div><\/div>\n<\/div><\/div>\n\n\n\n<div class=\"wp-block-group accordeon\"><div class=\"wp-block-group__inner-container\">\n<p>Gibt es einen Kinderclub und einen Jugendclub?<\/p>\n\n\n\n<div class=\"wp-container-69d104048e43e wp-block-group\"><div class=\"wp-block-group__inner-container\">\n<p>Wir haben keinen Kinder- oder Jugendclub.<\/p>\n<\/div><\/div>\n<\/div><\/div>\n\n\n\n<div class=\"wp-block-group accordeon\"><div class=\"wp-block-group__inner-container\">\n<p>Gibt es Unterhaltung f\u00fcr Erwachsene?<\/p>\n\n\n\n<div class=\"wp-container-69d104048e763 wp-block-group\"><div class=\"wp-block-group__inner-container\">\n<p>Der Campingplatz bietet kein Animationsprogramm f\u00fcr Erwachsene an.<\/p>\n<\/div><\/div>\n<\/div><\/div>\n\n\n\n<div class=\"wp-block-group accordeon\"><div class=\"wp-block-group__inner-container\">\n<p>Welche Dienstleistungen werden angeboten?<\/p>\n\n\n\n<div class=\"wp-container-69d104048ea75 wp-block-group\"><div class=\"wp-block-group__inner-container\">\n<p>Der Campingplatz bietet eine WLAN-Verbindung, ein Restaurant, eine Snackbar und ein Lebensmittelgesch\u00e4ft. Es gibt auch einen Waschsalon. Weitere Informationen finden Sie in unserem Abschnitt \u201eDienstleistungen\u201c.<\/p>\n<\/div><\/div>\n<\/div><\/div>\n\n\n\n<div class=\"wp-block-group accordeon\"><div class=\"wp-block-group__inner-container\">\n<p>Welche Aktivit\u00e4ten k\u00f6nnen im Umkreis von 10 km ausge\u00fcbt werden?<\/p>\n\n\n\n<div class=\"wp-container-69d104048ed76 wp-block-group\"><div class=\"wp-block-group__inner-container\">\n<p>Au Paradis des Campeurs liegt im Zentrum der sch\u00f6nsten Orte an der franz\u00f6sischen Riviera, es gibt viele Aktivit\u00e4ten in der Umgebung. Alle nautischen Aktivit\u00e4ten (Paddel, Kanu, Windsurfen, Bootsverleih, Tauchen\u2026), aber auch viele Spazierg\u00e4nge oder Wanderungen. Ganz zu schweigen von den benachbarten St\u00e4dten und D\u00f6rfern, die alle das ganze Jahr \u00fcber lebhaft sind.<\/p>\n<\/div><\/div>\n<\/div><\/div>\n\n\n\n<div class=\"wp-block-group accordeon\"><div class=\"wp-block-group__inner-container\">\n<p>Kann das Fahrzeug neben der Unterkunft geparkt werden?<\/p>\n\n\n\n<div class=\"wp-container-69d104048f0b7 wp-block-group\"><div class=\"wp-block-group__inner-container\">\n<p>Der Campingplatz ver\u00e4ndert sich st\u00e4ndig, wir m\u00f6chten einen Ort schaffen, an dem der Verkehr f\u00fcr alle bequem ist. Einige Unterk\u00fcnfte verf\u00fcgen \u00fcber einen Parkplatz, andere befinden sich etwa zwanzig Meter von ihrer Unterkunft entfernt in einem daf\u00fcr vorgesehenen Bereich.<\/p>\n<\/div><\/div>\n<\/div><\/div>\n\n\n\n<div class=\"wp-block-group accordeon\"><div class=\"wp-block-group__inner-container\">\n<p>Ist der Campingplatz f\u00fcr Personen mit eingeschr\u00e4nkter Mobilit\u00e4t zug\u00e4nglich?<\/p>\n\n\n\n<div class=\"wp-container-69d104048f3d9 wp-block-group\"><div class=\"wp-block-group__inner-container\">\n<p>Der gesamte Campingplatz ist f\u00fcr alle Personen mit eingeschr\u00e4nkter Mobilit\u00e4t zug\u00e4nglich. Zugang zu sanit\u00e4ren Einrichtungen, Rezeption, Strand, Restaurant usw. Wir vermieten auch PMR-Unterk\u00fcnfte. Ein Handiplage befindet sich in San Peire, 4 Kilometer vom Campingplatz entfernt. Z\u00f6gern Sie nicht, uns f\u00fcr weitere Informationen zu kontaktieren.<\/p>\n<\/div><\/div>\n<\/div><\/div>\n\n\n\n<div class=\"wp-block-group accordeon\"><div class=\"wp-block-group__inner-container\">\n<p>Bieten Sie einen Fahrradverleih an?<\/p>\n\n\n\n<div class=\"wp-container-69d104048f6ec wp-block-group\"><div class=\"wp-block-group__inner-container\">\n<p>Wir bieten City-Bike-Verleih, auch mit Elektrounterst\u00fctzung, sowie Elektro-Mountainbikes an. Wir haben verschiedene Gr\u00f6\u00dfen f\u00fcr jedes Alter!<\/p>\n<\/div><\/div>\n<\/div><\/div>\n\n\n\n<div class=\"wp-block-group accordeon\"><div class=\"wp-block-group__inner-container\">\n<p>Gibt es Radwege in der N\u00e4he?<\/p>\n\n\n\n<div class=\"wp-container-69d104048fa13 wp-block-group\"><div class=\"wp-block-group__inner-container\">\n<p>Der Campingplatz ist dank der Radwege, die direkt davor verlaufen, leicht mit dem Fahrrad erreichbar.<\/p>\n<\/div><\/div>\n<\/div><\/div>\n\n\n\n<div class=\"wp-block-group accordeon\"><div class=\"wp-block-group__inner-container\">\n<p>Welche Zahlungsmittel werden akzeptiert?<\/p>\n\n\n\n<div class=\"wp-container-69d104048fd2e wp-block-group\"><div class=\"wp-block-group__inner-container\">\n<p>Schecks werden nur akzeptiert, wenn die Anzahlung f\u00fcr eine Reservierung geleistet wird (mehrere Wochen vor Anreise). ANCV-Schecks werden ebenso akzeptiert wie Bargeld und Kreditkarten (Visa, Mastercard). American Express werden nicht akzeptiert.<\/p>\n<\/div><\/div>\n<\/div><\/div>\n\n\n\n<div class=\"wp-block-group accordeon\"><div class=\"wp-block-group__inner-container\">\n<p>Wie weit ist das Au Paradis des Campeurs vom Bahnhof und Flughafen entfernt?<\/p>\n\n\n\n<div class=\"wp-container-69d1040490043 wp-block-group\"><div class=\"wp-block-group__inner-container\">\n<p>Der Campingplatz liegt 11 km vom TGV-Bahnhof und Busbahnhof Saint-Rapha\u00ebl Valescure entfernt. (20 Minuten mit dem Auto). Es ist 67 km vom Flughafen Nizza entfernt (55 Minuten mit dem Auto).<\/p>\n<\/div><\/div>\n<\/div><\/div>\n\n\n\n<div class=\"wp-block-group accordeon\"><div class=\"wp-block-group__inner-container\">\n<p>Hat der Campingplatz ein Schwimmbad?<\/p>\n\n\n\n<div class=\"wp-container-69d1040490352 wp-block-group\"><div class=\"wp-block-group__inner-container\">\n<p>Nein, es gibt kein Schwimmbad. Einige Unterk\u00fcnfte haben ihren eigenen privaten Swimmingpool\/Spa auf ihrer Terrasse (Lodge M\u00e9diterran\u00e9e, Capri, Riviera, Ocean, Spa 2- und 3-Zimmer).<\/p>\n<\/div><\/div>\n<\/div><\/div>\n\n\n\n<div class=\"wp-block-group accordeon\"><div class=\"wp-block-group__inner-container\">\n<p>Sind Haushaltsw\u00e4sche und Endreinigung in der Reservierung enthalten?<\/p>\n\n\n\n<div class=\"wp-container-69d1040490669 wp-block-group\"><div class=\"wp-block-group__inner-container\">\n<p>Bettw\u00e4sche und Endreinigung sind zus\u00e4tzliche Leistungen. Sie k\u00f6nnen Ihre Bettw\u00e4sche zum Zeitpunkt der Buchung sowie das Reinigungspaket reservieren.<\/p>\n<\/div><\/div>\n<\/div><\/div>\n\n\n\n<div class=\"wp-block-group accordeon\"><div class=\"wp-block-group__inner-container\">\n<p>Ist Grillen erlaubt?<\/p>\n\n\n\n<div class=\"wp-container-69d1040490989 wp-block-group\"><div class=\"wp-block-group__inner-container\">\n<p>Elektro- und Gasgrills sind erlaubt. Denken Sie bei Stellpl\u00e4tzen mit Elektrogrill daran, die Stromst\u00e4rke nicht zu \u00fcberschreiten.<\/p>\n<\/div><\/div>\n<\/div><\/div>\n","protected":false},"excerpt":{"rendered":"<p>H\u00e4ufig gestellte Fragen<\/p>\n","protected":false},"author":1,"featured_media":0,"parent":0,"menu_order":0,"comment_status":"closed","ping_status":"closed","template":"","meta":[],"acf":[],"_links":{"self":[{"href":"https:\/\/auparadisdescampeurs.com\/de\/wp-json\/wp\/v2\/pages\/2508"}],"collection":[{"href":"https:\/\/auparadisdescampeurs.com\/de\/wp-json\/wp\/v2\/pages"}],"about":[{"href":"https:\/\/auparadisdescampeurs.com\/de\/wp-json\/wp\/v2\/types\/page"}],"author":[{"embeddable":true,"href":"https:\/\/auparadisdescampeurs.com\/de\/wp-json\/wp\/v2\/users\/1"}],"replies":[{"embeddable":true,"href":"https:\/\/auparadisdescampeurs.com\/de\/wp-json\/wp\/v2\/comments?post=2508"}],"version-history":[{"count":4,"href":"https:\/\/auparadisdescampeurs.com\/de\/wp-json\/wp\/v2\/pages\/2508\/revisions"}],"predecessor-version":[{"id":6429,"href":"https:\/\/auparadisdescampeurs.com\/de\/wp-json\/wp\/v2\/pages\/2508\/revisions\/6429"}],"wp:attachment":[{"href":"https:\/\/auparadisdescampeurs.com\/de\/wp-json\/wp\/v2\/media?parent=2508"}],"curies":[{"name":"wp","href":"https:\/\/api.w.org\/{rel}","templated":true}]}}