{"id":2520,"date":"2022-03-31T11:21:34","date_gmt":"2022-03-31T09:21:34","guid":{"rendered":"https:\/\/auparadisdescampeurs.com\/dienste\/"},"modified":"2022-03-31T11:21:36","modified_gmt":"2022-03-31T09:21:36","slug":"dienste","status":"publish","type":"page","link":"https:\/\/auparadisdescampeurs.com\/de\/dienste\/","title":{"rendered":"Dienste"},"content":{"rendered":"\n<section class=\"wp-container-69eb099d5caf7 wp-block-group alignfull F-05-b\"><div class=\"wp-block-group__inner-container\">\n<figure class=\"wp-block-image size-full wp-embed-aspect-16-9 wp-has-aspect-ratio\"><img width=\"2048\" height=\"941\" src=\"https:\/\/auparadisdescampeurs.com\/wp-content\/uploads\/2022\/03\/pano-resto-1.jpg\" alt=\"\" class=\"wp-image-2261\" srcset=\"https:\/\/auparadisdescampeurs.com\/wp-content\/uploads\/2022\/03\/pano-resto-1.jpg 2048w, https:\/\/auparadisdescampeurs.com\/wp-content\/uploads\/2022\/03\/pano-resto-1-300x138.jpg 300w, https:\/\/auparadisdescampeurs.com\/wp-content\/uploads\/2022\/03\/pano-resto-1-1024x471.jpg 1024w, https:\/\/auparadisdescampeurs.com\/wp-content\/uploads\/2022\/03\/pano-resto-1-768x353.jpg 768w, https:\/\/auparadisdescampeurs.com\/wp-content\/uploads\/2022\/03\/pano-resto-1-1536x706.jpg 1536w\" sizes=\"(max-width: 2048px) 100vw, 2048px\" \/><\/figure><\/div><\/section>\n\n<section class=\"wp-container-69eb099d5d2f0 wp-block-group\"><div class=\"wp-block-group__inner-container\">\n<h1 class=\"has-text-align-center\" id=\"services\">Dienste<\/h1>\n\n\n\n<div class=\"wp-block-columns pictos anim-fade-up\">\n<div class=\"wp-block-column\"><i class=\"fal fa-umbrella-beach\"><\/i>\n\n\n\n<p class=\"has-text-align-left\"><strong>Zugang zum Strand<\/strong><\/p>\n\n\n\n<p class=\"has-text-align-left\">Der Campingplatz hat einen privaten Zugang zum 40 Meter entfernten Strand von Gaillarde. 100 Meter vom Campingplatz entfernt befindet sich auch einer der wenigen Str\u00e4nde, der unsere Hundefreunde akzeptiert.<\/p>\n<\/div>\n\n\n\n<div class=\"wp-block-column\"><i class=\"fal fa-wifi\"><\/i>\n\n\n\n<p class=\"has-text-align-left\"><strong>Kabellos<\/strong><\/p>\n\n\n\n<p>Eine WLAN-Verbindung wird gegen Aufpreis angeboten.<\/p>\n<\/div>\n\n\n\n<div class=\"wp-block-column\"><i class=\"fal fa-croissant\"><\/i>\n\n\n\n<p class=\"has-text-align-left\"><strong>Brot &amp; H\u00f6rnchen<\/strong><\/p>\n\n\n\n<p>Das ganze Jahr \u00fcber bietet der Campingplatz den Verkauf von Brot und Geb\u00e4ck an<\/p>\n<\/div>\n<\/div>\n\n\n\n<div class=\"wp-block-columns pictos anim-fade-up\">\n<div class=\"wp-block-column\"><i class=\"fal fa-utensils-alt\"><\/i>\n\n\n\n<p class=\"has-text-align-left\"><strong>Restaurant<\/strong><\/p>\n\n\n\n<p>Das Restaurant ist von April bis Ende Oktober ge\u00f6ffnet. Es bietet eine abwechslungsreiche Speisekarte f\u00fcr jeden Geschmack sowie Pizzen vor Ort oder zum Mitnehmen.<\/p>\n<\/div>\n\n\n\n<div class=\"wp-block-column\"><i class=\"fal fa-cocktail\"><\/i>\n\n\n\n<p class=\"has-text-align-left\"><strong>Bar<\/strong><\/p>\n\n\n\n<p>Genie\u00dfen Sie von April bis Oktober zu jeder Tageszeit eine Cocktailpause<\/p>\n<\/div>\n\n\n\n<div class=\"wp-block-column\"><i class=\"fal fa-french-fries\"><\/i>\n\n\n\n<p class=\"has-text-align-left\"><strong>Snack<\/strong><\/p>\n\n\n\n<p>Der Imbiss ist von April bis Oktober ge\u00f6ffnet. Sie k\u00f6nnen auch Brath\u00e4hnchen haben!<\/p>\n<\/div>\n<\/div>\n\n\n\n<div class=\"wp-block-columns pictos anim-fade-up\">\n<div class=\"wp-block-column\"><i class=\"fal fa-shopping-basket\"><\/i>\n\n\n\n<p class=\"has-text-align-left\"><strong>Lebensmittelgesch\u00e4ft<\/strong><\/p>\n\n\n\n<p>Ge\u00f6ffnet von April bis Oktober finden Sie hier alles, was Sie zum Einkaufen und Proviant ben\u00f6tigen. Verpassen Sie nicht den Obst- und Gem\u00fcsestand.<\/p>\n<\/div>\n\n\n\n<div class=\"wp-block-column\"><i class=\"fal fa-washer\"><\/i>\n\n\n\n<p class=\"has-text-align-left\"><strong>W\u00e4scherei<\/strong><\/p>\n\n\n\n<p>Der Campingplatz verf\u00fcgt \u00fcber einen Waschsalon. Waschmaschine und Trockner stehen Ihnen zur Verf\u00fcgung.<\/p>\n<\/div>\n\n\n\n<div class=\"wp-block-column\"><i class=\"fal fa-rv\"><\/i>\n\n\n\n<p class=\"has-text-align-left\"><strong>Abfluss<\/strong><\/p>\n\n\n\n<p>Wohnmobilbesitzer haben einen geeigneten Platz zum Leeren ihres Fahrzeugs zur Verf\u00fcgung, dieser Service ist im Preis ihrer Reservierung enthalten.<\/p>\n<\/div>\n<\/div>\n<\/div><\/section>\n\n<section class=\"wp-container-69eb099d5d6af wp-block-group alignfull F-85-a\"><div class=\"wp-block-group__inner-container\">\n<div class=\"wp-block-columns\">\n<div class=\"wp-block-column\">\n<figure class=\"wp-block-image size-full\"><img width=\"1024\" height=\"683\" src=\"https:\/\/auparadisdescampeurs.com\/wp-content\/uploads\/2022\/03\/gaellelerebeller-auparadisdescampeurs-bd-3-copie-copie-1024x683-1.jpg\" alt=\"Camping Campasun Le Paradis Des Campeurs : Gaellelerebeller Auparadisdescampeurs Bd 3 Kopie Kopie 1024x683\" class=\"wp-image-564\" srcset=\"https:\/\/auparadisdescampeurs.com\/wp-content\/uploads\/2022\/03\/gaellelerebeller-auparadisdescampeurs-bd-3-copie-copie-1024x683-1.jpg 1024w, https:\/\/auparadisdescampeurs.com\/wp-content\/uploads\/2022\/03\/gaellelerebeller-auparadisdescampeurs-bd-3-copie-copie-1024x683-1-300x200.jpg 300w, https:\/\/auparadisdescampeurs.com\/wp-content\/uploads\/2022\/03\/gaellelerebeller-auparadisdescampeurs-bd-3-copie-copie-1024x683-1-768x512.jpg 768w\" sizes=\"(max-width: 1024px) 100vw, 1024px\" \/><\/figure><\/div>\n\n\n\n<div class=\"wp-block-column has-bg-1-background-color has-background\">\n<figure class=\"wp-block-image size-full\"><img width=\"1024\" height=\"683\" src=\"https:\/\/auparadisdescampeurs.com\/wp-content\/uploads\/2022\/03\/gaellelerebeller-auparadisdescampeurs-bd-14-copie-copie-1024x683-1.jpg\" alt=\"Camping Campasun Le Paradis Des Campeurs : Gaellelerebeller Auparadisdescampeurs Bd 14 Kopie Kopie 1024x683\" class=\"wp-image-581\" srcset=\"https:\/\/auparadisdescampeurs.com\/wp-content\/uploads\/2022\/03\/gaellelerebeller-auparadisdescampeurs-bd-14-copie-copie-1024x683-1.jpg 1024w, https:\/\/auparadisdescampeurs.com\/wp-content\/uploads\/2022\/03\/gaellelerebeller-auparadisdescampeurs-bd-14-copie-copie-1024x683-1-300x200.jpg 300w, https:\/\/auparadisdescampeurs.com\/wp-content\/uploads\/2022\/03\/gaellelerebeller-auparadisdescampeurs-bd-14-copie-copie-1024x683-1-768x512.jpg 768w\" sizes=\"(max-width: 1024px) 100vw, 1024px\" \/><\/figure><\/div>\n\n\n\n<div class=\"wp-block-column\">\n<figure class=\"wp-block-image size-full\"><img width=\"520\" height=\"380\" src=\"https:\/\/auparadisdescampeurs.com\/wp-content\/uploads\/2022\/03\/gaellelerebeller-auparadisdescampeurs-bd-20-copie-2-520x380-1.jpg\" alt=\"\" class=\"wp-image-563\" srcset=\"https:\/\/auparadisdescampeurs.com\/wp-content\/uploads\/2022\/03\/gaellelerebeller-auparadisdescampeurs-bd-20-copie-2-520x380-1.jpg 520w, https:\/\/auparadisdescampeurs.com\/wp-content\/uploads\/2022\/03\/gaellelerebeller-auparadisdescampeurs-bd-20-copie-2-520x380-1-300x219.jpg 300w\" sizes=\"(max-width: 520px) 100vw, 520px\" \/><\/figure><\/div>\n<\/div>\n<\/div><\/section>\n\n<section class=\"wp-container-69eb099d5d9e5 wp-block-group F-55-a\"><div class=\"wp-block-group__inner-container\">\n<p class=\"titre1\"><strong>Informationen und touristische Informationen<\/strong><\/p>\n\n\n\n<div class=\"wp-block-columns\">\n<div class=\"wp-block-column\" style=\"flex-basis:33.33%\"><\/div>\n\n\n\n<div class=\"wp-block-column\" style=\"flex-basis:66.66%\">\n<p>Z\u00f6gern Sie nicht, uns w\u00e4hrend Ihres Aufenthaltes an der Rezeption zu besuchen, wenn Sie Informationen \u00fcber die Region und die Aktivit\u00e4ten in der Umgebung w\u00fcnschen. Wir geben Ihnen gerne die besten Informationen, damit Ihr Urlaub noch mehr als perfekt wird!<\/p>\n<\/div>\n<\/div>\n<\/div><\/section>\n","protected":false},"excerpt":{"rendered":"<p>Dienste Zugang zum Strand Der Campingplatz hat einen privaten Zugang zum 40 Meter entfernten Strand von Gaillarde. 100 Meter vom Campingplatz entfernt befindet sich auch einer der wenigen Str\u00e4nde, der unsere Hundefreunde akzeptiert. Kabellos Eine WLAN-Verbindung wird gegen Aufpreis angeboten. Brot &amp; H\u00f6rnchen Das ganze Jahr \u00fcber bietet der Campingplatz den Verkauf von Brot und [&hellip;]<\/p>\n","protected":false},"author":1,"featured_media":0,"parent":0,"menu_order":0,"comment_status":"closed","ping_status":"closed","template":"","meta":[],"acf":[],"_links":{"self":[{"href":"https:\/\/auparadisdescampeurs.com\/de\/wp-json\/wp\/v2\/pages\/2520"}],"collection":[{"href":"https:\/\/auparadisdescampeurs.com\/de\/wp-json\/wp\/v2\/pages"}],"about":[{"href":"https:\/\/auparadisdescampeurs.com\/de\/wp-json\/wp\/v2\/types\/page"}],"author":[{"embeddable":true,"href":"https:\/\/auparadisdescampeurs.com\/de\/wp-json\/wp\/v2\/users\/1"}],"replies":[{"embeddable":true,"href":"https:\/\/auparadisdescampeurs.com\/de\/wp-json\/wp\/v2\/comments?post=2520"}],"version-history":[{"count":3,"href":"https:\/\/auparadisdescampeurs.com\/de\/wp-json\/wp\/v2\/pages\/2520\/revisions"}],"predecessor-version":[{"id":2523,"href":"https:\/\/auparadisdescampeurs.com\/de\/wp-json\/wp\/v2\/pages\/2520\/revisions\/2523"}],"wp:attachment":[{"href":"https:\/\/auparadisdescampeurs.com\/de\/wp-json\/wp\/v2\/media?parent=2520"}],"curies":[{"name":"wp","href":"https:\/\/api.w.org\/{rel}","templated":true}]}}