{"id":2749,"date":"2022-03-31T15:16:24","date_gmt":"2022-03-31T13:16:24","guid":{"rendered":"https:\/\/auparadisdescampeurs.com\/aktivitaeten-2\/"},"modified":"2025-06-29T16:55:43","modified_gmt":"2025-06-29T14:55:43","slug":"aktivitaeten","status":"publish","type":"page","link":"https:\/\/auparadisdescampeurs.com\/de\/aktivitaeten\/","title":{"rendered":"Aktivit\u00e4ten"},"content":{"rendered":"\n<section class=\"wp-container-69d4ceb42fbba wp-block-group alignfull F-05-b\"><div class=\"wp-block-group__inner-container\">\n<figure class=\"wp-block-image size-full wp-embed-aspect-16-9 wp-has-aspect-ratio\"><img width=\"1920\" height=\"945\" src=\"https:\/\/auparadisdescampeurs.com\/wp-content\/uploads\/2022\/03\/Activites-2-e1648642391964.jpg\" alt=\"\" class=\"wp-image-2241\" srcset=\"https:\/\/auparadisdescampeurs.com\/wp-content\/uploads\/2022\/03\/Activites-2-e1648642391964.jpg 1920w, https:\/\/auparadisdescampeurs.com\/wp-content\/uploads\/2022\/03\/Activites-2-e1648642391964-300x148.jpg 300w, https:\/\/auparadisdescampeurs.com\/wp-content\/uploads\/2022\/03\/Activites-2-e1648642391964-1024x504.jpg 1024w, https:\/\/auparadisdescampeurs.com\/wp-content\/uploads\/2022\/03\/Activites-2-e1648642391964-768x378.jpg 768w, https:\/\/auparadisdescampeurs.com\/wp-content\/uploads\/2022\/03\/Activites-2-e1648642391964-1536x756.jpg 1536w\" sizes=\"(max-width: 1920px) 100vw, 1920px\" \/><\/figure>\n<\/div><\/section>\n\n\n\n<section class=\"wp-container-69d4ceb4301cd wp-block-group\"><div class=\"wp-block-group__inner-container\">\n<h1 class=\"has-text-align-center\" id=\"activites\">Aktivit\u00e4ten<\/h1>\n\n\n\n<div class=\"wp-block-columns pictos anim-fade-up\">\n<div class=\"wp-block-column\"><\/div>\n\n\n\n<div class=\"wp-block-column\"><\/div>\n\n\n\n<div class=\"wp-block-column\"><i class=\"fal fa-music\"><\/i>\n\n\n\n<p class=\"has-text-align-left\"><strong><strong>Musical-Abend<\/strong><\/strong><\/p>\n\n\n\n<p>2 Mal pro Woche werden im Restaurant des Campingplatzes Konzerte veranstaltet!<\/p>\n<\/div>\n<\/div>\n\n\n\n<div class=\"wp-block-columns pictos anim-fade-up\">\n<div class=\"wp-block-column\"><i class=\"fal fa-bicycle\"><\/i>\n\n\n\n<p class=\"has-text-align-left\"><strong><strong>Mein Urlaub mit dem Fahrrad<\/strong><\/strong><\/p>\n\n\n\n<p>Damit Sie Ihr Auto vergessen k\u00f6nnen, bieten wir Ihnen an, die Fahrr\u00e4der zu einem sehr g\u00fcnstigen Preis in den Preis Ihrer Unterkunft einzuschlie\u00dfen. Der Campingplatz und die umliegenden D\u00f6rfer sind dank der Fahrradwege sehr gut mit dem Fahrrad zu erreichen. Teilen Sie uns bei der Buchung Ihren Wunsch mit!<\/p>\n<\/div>\n\n\n\n<div class=\"wp-block-column\"><i class=\"fal fa-water\"><\/i>\n\n\n\n<p class=\"has-text-align-left\"><strong><strong>Paddle und Kanu<\/strong><\/strong><\/p>\n\n\n\n<p>Vergessen Sie nicht unseren direkten Zugang zum Strand, 40 Meter und Sie sind da! Wir bieten Ihnen die M\u00f6glichkeit, ein Paddel oder ein Kanu zu mieten, stehend oder sitzend, diese Aktivit\u00e4ten sind ideal f\u00fcr alle. Sie k\u00f6nnen zu den Calanques und wilden Buchten in der N\u00e4he des Campingplatzes gehen und dort die Umgebung genie\u00dfen. <\/p>\n<\/div>\n\n\n\n<div class=\"wp-block-column\"><i class=\"fal fa-baseball-ball\"><\/i>\n\n\n\n<p class=\"has-text-align-left\"><strong><strong>Petanque<\/strong><\/strong><\/p>\n\n\n\n<p>Unser Platz befindet sich auf dem h\u00f6chsten Punkt des Campingplatzes. Genie\u00dfen Sie Ihr Spiel mit Blick auf das Meer und schl\u00fcrfen Sie Ihren Anis-Sirup oder Pastis!<\/p>\n<\/div>\n<\/div>\n\n\n\n<div class=\"wp-block-columns pictos anim-fade-up\">\n<div class=\"wp-block-column\"><i class=\"fal fa-table-tennis\"><\/i>\n\n\n\n<p class=\"has-text-align-left\"><strong><strong>Tischtennis<\/strong><\/strong><\/p>\n\n\n\n<p>Tischtennisplatten stehen auf dem Campingplatz f\u00fcr alle zur Verf\u00fcgung. Sie k\u00f6nnen sie nach Belieben nutzen. Schneeschuhe stehen an der Rezeption zur Verf\u00fcgung.<\/p>\n<\/div>\n\n\n\n<div class=\"wp-block-column\"><i class=\"fal fa-hiking\"><\/i>\n\n\n\n<p class=\"has-text-align-left\"><strong>Sportliche Aktivit\u00e4ten<\/strong><\/p>\n\n\n\n<p>F\u00fcr die Sportlicheren steht eine gro\u00dfe Auswahl an <strong>Wassersport- oder Landaktivit\u00e4ten<\/strong> zur Verf\u00fcgung.Wir laden Sie ein, unsere Rubrik \u201eUmgebung\u201c zu konsultieren.<\/p>\n<\/div>\n<\/div>\n<\/div><\/section>\n\n\n\n<section class=\"wp-container-69d4ceb43059e wp-block-group alignfull F-85-a\"><div class=\"wp-block-group__inner-container\">\n<div class=\"wp-block-columns\">\n<div class=\"wp-block-column\">\n<figure class=\"wp-block-image size-large\"><img width=\"682\" height=\"1024\" src=\"https:\/\/auparadisdescampeurs.com\/wp-content\/uploads\/2022\/03\/standup-paddleboarding-g87d8d1b09_1280-682x1024.jpg\" alt=\"Camping Campasun Le Paradis Des Campeurs : Standup Paddleboarding G87d8d1b09 1280\" class=\"wp-image-952\" srcset=\"https:\/\/auparadisdescampeurs.com\/wp-content\/uploads\/2022\/03\/standup-paddleboarding-g87d8d1b09_1280-682x1024.jpg 682w, https:\/\/auparadisdescampeurs.com\/wp-content\/uploads\/2022\/03\/standup-paddleboarding-g87d8d1b09_1280-200x300.jpg 200w, https:\/\/auparadisdescampeurs.com\/wp-content\/uploads\/2022\/03\/standup-paddleboarding-g87d8d1b09_1280-768x1152.jpg 768w, https:\/\/auparadisdescampeurs.com\/wp-content\/uploads\/2022\/03\/standup-paddleboarding-g87d8d1b09_1280.jpg 853w\" sizes=\"(max-width: 682px) 100vw, 682px\" \/><\/figure>\n<\/div>\n\n\n\n<div class=\"wp-block-column has-bg-1-background-color has-background\">\n<figure class=\"wp-block-image size-large\"><img width=\"1024\" height=\"576\" src=\"https:\/\/auparadisdescampeurs.com\/wp-content\/uploads\/2022\/03\/kayak-g0985df195_1280-1024x576.jpg\" alt=\"Camping Campasun Le Paradis Des Campeurs : Kayak G0985df195 1280\" class=\"wp-image-953\" srcset=\"https:\/\/auparadisdescampeurs.com\/wp-content\/uploads\/2022\/03\/kayak-g0985df195_1280-1024x576.jpg 1024w, https:\/\/auparadisdescampeurs.com\/wp-content\/uploads\/2022\/03\/kayak-g0985df195_1280-300x169.jpg 300w, https:\/\/auparadisdescampeurs.com\/wp-content\/uploads\/2022\/03\/kayak-g0985df195_1280-768x432.jpg 768w, https:\/\/auparadisdescampeurs.com\/wp-content\/uploads\/2022\/03\/kayak-g0985df195_1280.jpg 1280w\" sizes=\"(max-width: 1024px) 100vw, 1024px\" \/><\/figure>\n<\/div>\n\n\n\n<div class=\"wp-block-column\">\n<figure class=\"wp-block-image size-full\"><img width=\"408\" height=\"612\" src=\"https:\/\/auparadisdescampeurs.com\/wp-content\/uploads\/2022\/03\/istockphoto-1316911416-612x612-1.jpg\" alt=\"Camping Campasun Le Paradis Des Campeurs : Large Group Of School Kids Having Fun In Nature.\" class=\"wp-image-979\" srcset=\"https:\/\/auparadisdescampeurs.com\/wp-content\/uploads\/2022\/03\/istockphoto-1316911416-612x612-1.jpg 408w, https:\/\/auparadisdescampeurs.com\/wp-content\/uploads\/2022\/03\/istockphoto-1316911416-612x612-1-200x300.jpg 200w\" sizes=\"(max-width: 408px) 100vw, 408px\" \/><\/figure>\n<\/div>\n<\/div>\n<\/div><\/section>\n","protected":false},"excerpt":{"rendered":"<p>Aktivit\u00e4ten Musical-Abend 2 Mal pro Woche werden im Restaurant des Campingplatzes Konzerte veranstaltet! Mein Urlaub mit dem Fahrrad Damit Sie Ihr Auto vergessen k\u00f6nnen, bieten wir Ihnen an, die Fahrr\u00e4der zu einem sehr g\u00fcnstigen Preis in den Preis Ihrer Unterkunft einzuschlie\u00dfen. Der Campingplatz und die umliegenden D\u00f6rfer sind dank der Fahrradwege sehr gut mit dem [&hellip;]<\/p>\n","protected":false},"author":1,"featured_media":0,"parent":0,"menu_order":0,"comment_status":"closed","ping_status":"closed","template":"","meta":[],"acf":[],"_links":{"self":[{"href":"https:\/\/auparadisdescampeurs.com\/de\/wp-json\/wp\/v2\/pages\/2749"}],"collection":[{"href":"https:\/\/auparadisdescampeurs.com\/de\/wp-json\/wp\/v2\/pages"}],"about":[{"href":"https:\/\/auparadisdescampeurs.com\/de\/wp-json\/wp\/v2\/types\/page"}],"author":[{"embeddable":true,"href":"https:\/\/auparadisdescampeurs.com\/de\/wp-json\/wp\/v2\/users\/1"}],"replies":[{"embeddable":true,"href":"https:\/\/auparadisdescampeurs.com\/de\/wp-json\/wp\/v2\/comments?post=2749"}],"version-history":[{"count":6,"href":"https:\/\/auparadisdescampeurs.com\/de\/wp-json\/wp\/v2\/pages\/2749\/revisions"}],"predecessor-version":[{"id":6428,"href":"https:\/\/auparadisdescampeurs.com\/de\/wp-json\/wp\/v2\/pages\/2749\/revisions\/6428"}],"wp:attachment":[{"href":"https:\/\/auparadisdescampeurs.com\/de\/wp-json\/wp\/v2\/media?parent=2749"}],"curies":[{"name":"wp","href":"https:\/\/api.w.org\/{rel}","templated":true}]}}