{"id":4506,"date":"2023-06-26T10:18:33","date_gmt":"2023-06-26T08:18:33","guid":{"rendered":"https:\/\/auparadisdescampeurs.com\/?page_id=4506"},"modified":"2023-06-26T10:18:34","modified_gmt":"2023-06-26T08:18:34","slug":"weinstrasse","status":"publish","type":"page","link":"https:\/\/auparadisdescampeurs.com\/de\/weinstrasse\/","title":{"rendered":"Weinstra\u00dfe"},"content":{"rendered":"\n<section class=\"wp-container-69dcdd16d28da wp-block-group alignfull F-05-b\"><div class=\"wp-block-group__inner-container\">\n<figure class=\"wp-block-image size-full wp-embed-aspect-16-9 wp-has-aspect-ratio\"><img width=\"2048\" height=\"979\" src=\"https:\/\/auparadisdescampeurs.com\/wp-content\/uploads\/2022\/03\/BV-tropez-23-scaled.jpg\" alt=\"\" class=\"wp-image-2248\" srcset=\"https:\/\/auparadisdescampeurs.com\/wp-content\/uploads\/2022\/03\/BV-tropez-23-scaled.jpg 2048w, https:\/\/auparadisdescampeurs.com\/wp-content\/uploads\/2022\/03\/BV-tropez-23-300x143.jpg 300w, https:\/\/auparadisdescampeurs.com\/wp-content\/uploads\/2022\/03\/BV-tropez-23-1024x490.jpg 1024w, https:\/\/auparadisdescampeurs.com\/wp-content\/uploads\/2022\/03\/BV-tropez-23-768x367.jpg 768w, https:\/\/auparadisdescampeurs.com\/wp-content\/uploads\/2022\/03\/BV-tropez-23-1536x734.jpg 1536w\" sizes=\"(max-width: 2048px) 100vw, 2048px\" \/><\/figure>\n<\/div><\/section>\n\n\n\n<section class=\"wp-container-69dcdd16d2f49 wp-block-group F-35-a\"><div class=\"wp-block-group__inner-container\">\n<div class=\"wp-block-columns\">\n<div class=\"wp-block-column\">\n<h1 class=\"has-text-align-left texte-hn\" id=\"notre-route-des-vins\">Unsere Weinstra\u00dfe<\/h1>\n\n\n\n<p>Neuheit 2023: Wir stellen Ihnen unsere Weinstra\u00dfe 2023 vor. Sie werden die M\u00f6glichkeit haben, auf mehreren Weing\u00fctern die Weine unserer Region kennenzulernen. Sie k\u00f6nnen von einer Besichtigung ihrer Weinkeller profitieren manchmal sogar von einer Weinprobe.  <\/p>\n\n\n\n<p>Wir haben drei verschiedene Routen f\u00fcr Sie erstellt, die Sie auf der Karte direkt darunter sehen k\u00f6nnen. Sie k\u00f6nnen durch jedes Gebiet navigieren, um mehr \u00fcber ihre Entstehung sowie ihre Geschichte zu erfahren.  <\/p>\n\n\n\n<div class=\"wp-container-69dcdd16d2c41 wp-block-buttons\">\n<div class=\"wp-block-button btn_resa_loc\"><a class=\"wp-block-button__link\">Buchen Sie Ihren Aufenthalt<\/a><\/div>\n<\/div>\n<\/div>\n\n\n\n<div class=\"wp-block-column\">\n<iframe src=\"https:\/\/www.google.com\/maps\/d\/u\/2\/embed?mid=1jRG6EidnMC4a-0mlRg9-JyIE3a-FTt4&amp;ehbc=2E312F\" width=\"640\" height=\"480\"><\/iframe>\n<\/div>\n<\/div>\n<\/div><\/section>\n\n\n\n<div class=\"wp-container-69dcdd16d3823 wp-block-group\"><div class=\"wp-block-group__inner-container\">\n<div class=\"wp-block-columns pictos anim-fade-up\">\n<div class=\"wp-block-column\">\n<p class=\"has-text-align-left\"><strong><strong>Ch\u00e2teau Paquette<\/strong><\/strong><\/p>\n\n\n\n<figure class=\"wp-block-image size-full\"><img width=\"366\" height=\"183\" src=\"https:\/\/auparadisdescampeurs.com\/wp-content\/uploads\/2023\/06\/image007.jpg\" alt=\"\" class=\"wp-image-4437\" srcset=\"https:\/\/auparadisdescampeurs.com\/wp-content\/uploads\/2023\/06\/image007.jpg 366w, https:\/\/auparadisdescampeurs.com\/wp-content\/uploads\/2023\/06\/image007-300x150.jpg 300w\" sizes=\"(max-width: 366px) 100vw, 366px\" \/><\/figure>\n\n\n\n<p>Sophie und J\u00e9r\u00f4me hei\u00dfen Sie auf ihrem Weingut inmitten der Weinberge willkommen. Genie\u00dfen Sie eine Verkostung verschiedener Weine, darunter eine vom Winzer selbst entwickelte Kreation. Seit 1952 wird die Tradition gepflegt und von Generation zu Generation weitergegeben. In Anlehnung an die angebotene Qualit\u00e4t und Expertise zeichnet sich das Weingut dadurch aus, dass es 2014 das Zertifikat f\u00fcr biologische Landwirtschaft erhalten hat.    <\/p>\n\n\n\n<p>Sind Sie auf der Suche nach neuen Weinen und einer Aktivit\u00e4t, die Sie w\u00e4hrend Ihres Urlaubs unternehmen k\u00f6nnen? Dieses Weingut ist ein Muss, wenn Sie eine warme und gesellige Zeit inmitten der Natur verbringen m\u00f6chten. Sie k\u00f6nnen einen Spaziergang durch die Weinberge genie\u00dfen sowie mehrere Picknickpl\u00e4tze, die sich auf dem Weingut verstecken.  <\/p>\n<\/div>\n\n\n\n<div class=\"wp-block-column\">\n<p class=\"has-text-align-left\"><strong><strong>Ch\u00e2teau de Cabran<\/strong><\/strong><\/p>\n\n\n\n<figure class=\"wp-block-image size-full\"><img width=\"262\" height=\"175\" src=\"https:\/\/auparadisdescampeurs.com\/wp-content\/uploads\/2023\/06\/image008.jpg\" alt=\"\" class=\"wp-image-4442\"\/><\/figure>\n\n\n\n<p>Entdecken Sie das Anwesen mit seiner \u00fcber 200-j\u00e4hrigen Geschichte. Genie\u00dfen Sie eine alte Steinbastide voller Charme. Inmitten der Natur k\u00f6nnen Sie in einem alten Steinhaus mit viel Charme ein echtes provenzalisches Erlebnis genie\u00dfen. Das Landgut verdankt seinen entdeckungsreichen und geschmackvollen Boden den verschiedenen vulkanischen Ausst\u00f6\u00dfen wie Lavastr\u00f6men.    <\/p>\n\n\n\n<p>W\u00e4hrend der Sommermonate werden Veranstaltungen wie After Beach organisiert. Dort k\u00f6nntest du in einer nat\u00fcrlichen und einzigartigen Umgebung sehr gute Weine probieren. <\/p>\n<\/div>\n\n\n\n<div class=\"wp-block-column\">\n<p><strong>Ch\u00e2teau Vaudois<\/strong><\/p>\n\n\n\n<figure class=\"wp-block-image size-full\"><img width=\"310\" height=\"155\" src=\"https:\/\/auparadisdescampeurs.com\/wp-content\/uploads\/2023\/06\/image009.jpg\" alt=\"\" class=\"wp-image-4447\" srcset=\"https:\/\/auparadisdescampeurs.com\/wp-content\/uploads\/2023\/06\/image009.jpg 310w, https:\/\/auparadisdescampeurs.com\/wp-content\/uploads\/2023\/06\/image009-300x150.jpg 300w\" sizes=\"(max-width: 310px) 100vw, 310px\" \/><\/figure>\n\n\n\n<p>Seit 1988 ist es eine echte Familientradition, die aus diesem Weingut hervorgeht. Entdecken Sie ein Weingut mit au\u00dfergew\u00f6hnlichen Weinen. Die Besitzer profitieren von 93 Hektar Land, von denen nur 18 Hektar mit Weinbergen bepflanzt sind.  <\/p>\n\n\n\n<p>Suchen Sie nach einer Aktivit\u00e4t, die Sie an einem regnerischen Nachmittag unternehmen k\u00f6nnen? Z\u00f6gern Sie nicht l\u00e4nger, das Ch\u00e2teau Vaudois bietet Ihnen zahlreiche Aktivit\u00e4ten an, wie z. B. eine Kellerbesichtigung oder eine Gourmet-Tour, bei der Sie die Geheimnisse der Weinherstellung entdecken und ein sch\u00f6nes Brett mit Gourmet-Wurstwaren probieren k\u00f6nnen. <\/p>\n\n\n\n<p>Dar\u00fcber hinaus bietet das Weingut an sonnigen Tagen auch atypische Picknicks inmitten der Weinberge an.<\/p>\n\n\n\n<p>Das Landgut bietet jeden Mittwoch um 10.00 Uhr und um 16.00 Uhr kostenlose Besichtigungen an, die an der Rezeption des Campingplatzes gebucht werden m\u00fcssen. Die Besichtigung des Landgutes dauert eine Stunde. Wenn Sie vom Campingplatz kommen, erhalten Sie au\u00dferdem 10 % Rabatt, wenn Sie den vom Campingplatz abgestempelten Flyer mitbringen (an der Rezeption abholen).  <\/p>\n<\/div>\n<\/div>\n\n\n\n<div class=\"wp-block-columns pictos anim-fade-up\">\n<div class=\"wp-block-column\">\n<p><strong>Domaine de la Bouverie<\/strong><\/p>\n\n\n\n<figure class=\"wp-block-image size-full\"><img width=\"187\" height=\"140\" src=\"https:\/\/auparadisdescampeurs.com\/wp-content\/uploads\/2023\/06\/image011.jpg\" alt=\"\" class=\"wp-image-4468\"\/><\/figure>\n\n\n\n<p>Die Domaine de la Bouverie liegt am Anfang des Esterel-Gebirges und bietet Ihnen einen Moment der Entspannung und der \u00f6notouristischen Entdeckung &#8211; und das seit 27 Jahren.<\/p>\n\n\n\n<p>Gehen Sie auf Entdeckungsreise auf diesem Weingut, das in einer ehemaligen Sch\u00e4ferei untergebracht ist. Hier haben Sie die Gelegenheit, regelm\u00e4\u00dfig mit Medaillen ausgezeichnete Weine zu verkosten. <\/p>\n\n\n\n<p>M\u00f6chten Sie einen Tag in der K\u00fchle der Steinmauern genie\u00dfen? Genie\u00dfen Sie eine Verkostung ihrer besten Jahrg\u00e4nge all das in einer wundersch\u00f6nen Umgebung und im direkten Kontakt mit echten Weinliebhabern. <\/p>\n<\/div>\n\n\n\n<div class=\"wp-block-column\">\n<p class=\"has-text-align-left\"><strong><strong>Font du Broc, le muy<\/strong><\/strong><\/p>\n\n\n\n<figure class=\"wp-block-image size-full\"><img width=\"282\" height=\"132\" src=\"https:\/\/auparadisdescampeurs.com\/wp-content\/uploads\/2023\/06\/image013.jpg\" alt=\"\" class=\"wp-image-4463\"\/><\/figure>\n\n\n\n<p>Entdecken Sie das Anwesen mit seiner \u00fcber 200-j\u00e4hrigen Geschichte. Genie\u00dfen Sie  <\/p>\n\n\n\n<p>Eines der sch\u00f6nsten Weing\u00fcter der Provence empf\u00e4ngt Sie im Herzen einer \u00fcppigen und nat\u00fcrlichen Umgebung, um Ihnen eine Vielfalt an klassifizierten Weinen zu pr\u00e4sentieren. Sie k\u00f6nnen sich f\u00fcr eine nachhaltige Entwicklung einsetzen und die umweltfreundlichen Herstellungsmethoden kennenlernen.  <\/p>\n\n\n\n<p>Die Winzer sind das ganze Jahr \u00fcber ge\u00f6ffnet und zeigen Ihnen bei einer Weinprobe die Ergebnisse ihrer Arbeit. Au\u00dferdem haben Sie die M\u00f6glichkeit, auf eine interne Entdeckungsreise durch das Weingut zu gehen und in die Tiefe zu tauchen, um die wundersch\u00f6ne Architektur ihres Kellers zu entdecken. <\/p>\n<\/div>\n<\/div>\n\n\n\n<div class=\"wp-block-columns pictos anim-fade-up\">\n<div class=\"wp-block-column\">\n<p><strong>Sainte Roseline, le muy<\/strong><\/p>\n\n\n\n<figure class=\"wp-block-image size-full\"><img width=\"261\" height=\"174\" src=\"https:\/\/auparadisdescampeurs.com\/wp-content\/uploads\/2023\/06\/image022.jpg\" alt=\"\" class=\"wp-image-4458\"\/><\/figure>\n\n\n\n<p>Das Schloss Saint Roseline ist ein historisches Anwesen, in dem seit dem 11. Jahrhundert Meisterwerke wie die Reliquien der Heiligen Roseline aufbewahrt werden.<\/p>\n\n\n\n<p>Sie haben die Chance, Weine in einem historischen Rahmen voller Charme zu entdecken. Die Familie Teillaud ist seit Jahren der zeitgen\u00f6ssischen Kunst sehr verbunden, weshalb sie Ihnen den ganzen Sommer \u00fcber die M\u00f6glichkeit bietet, Produkte etablierter K\u00fcnstler in ihrem Schloss zu entdecken. <\/p>\n<\/div>\n\n\n\n<div class=\"wp-block-column\">\n<p class=\"has-text-align-left\"><strong><strong>Ch\u00e2teau Rouet, le muy<\/strong><\/strong><\/p>\n\n\n\n<figure class=\"wp-block-image size-full\"><img width=\"287\" height=\"191\" src=\"https:\/\/auparadisdescampeurs.com\/wp-content\/uploads\/2023\/06\/image023.jpg\" alt=\"\" class=\"wp-image-4453\"\/><\/figure>\n\n\n\n<p>Das ganzj\u00e4hrig ge\u00f6ffnete Schloss empf\u00e4ngt Sie im Herzen der roten Felsen des Esterel-Gebirges. Der ehemalige Seekiefernwald, der einem verheerenden Brand zum Opfer fiel, wurde 1927 offiziell zu einem Weinberg. Die Weinberge wurden n\u00e4mlich als Feuerschneise genutzt, um den Wald zu sch\u00fctzen. Erst nach dem Zweiten Weltkrieg entschieden sich die Besitzer dieses Weinguts, den Verkauf von Flaschenprodukten auszubauen.   <\/p>\n\n\n\n<p>Heute leitet Martin Savatier, einer der Nachfolges\u00f6hne, das Weingut und modernisiert und entwickelt seine Produkte nach dem Geschmack der Zeit.<\/p>\n<\/div>\n<\/div>\n\n\n\n<h2 class=\"has-text-align-center\" id=\"vers-st-tropez\">Nach St. Tropez<\/h2>\n\n\n\n<div class=\"wp-block-columns pictos anim-fade-up\">\n<div class=\"wp-block-column\">\n<p class=\"has-text-align-left\"><strong><strong>Die Weinbauern von Plan de la Tour<\/strong><\/strong><\/p>\n\n\n\n<figure class=\"wp-block-image size-full\"><img width=\"297\" height=\"148\" src=\"https:\/\/auparadisdescampeurs.com\/wp-content\/uploads\/2023\/06\/image024-1.jpg\" alt=\"\" class=\"wp-image-4475\"\/><\/figure>\n\n\n\n<p>Diese Genossenschaftskellerei befindet sich im ber\u00fchmten Golf von Saint Tropez und bietet Ihnen eine angenehme Landschaft. Sie k\u00f6nnen eine Vielzahl von Flaschenweinen, Rot-, Wei\u00df- und Ros\u00e9weinen aus verschiedenen Weinbergen der Region entdecken. Sie werden auch die Herstellungstechniken in Verbindung mit der Agrar\u00f6kologie entdecken, die das \u00d6kosystem, das uns umgibt, respektiert.  <\/p>\n\n\n\n<p>Die Winzer von Plan de la Tour, die fr\u00fcher Les Fouleurs de Saint Pons hie\u00dfen, empfangen Sie von Montag bis Samstag, um Ihnen ihre Vereinigung im Herzen von 170 Hektar Weinbergen vorzustellen.<\/p>\n<\/div>\n\n\n\n<div class=\"wp-block-column\">\n<p class=\"has-text-align-left\"><strong><strong>Ch\u00e2teau Saint Marc<\/strong><\/strong><\/p>\n\n\n\n<figure class=\"wp-block-image size-full\"><img width=\"298\" height=\"149\" src=\"https:\/\/auparadisdescampeurs.com\/wp-content\/uploads\/2023\/06\/image026.jpg\" alt=\"\" class=\"wp-image-4480\"\/><\/figure>\n\n\n\n<p>Das Weingut befindet sich im Massif des Maures in Cogolin, einer Gemeinde am Golf von Saint-Tropez. Das Weingut ist seit 2020 als biologischer Betrieb zertifiziert und empf\u00e4ngt Sie mit 8 Hektar Weinbergen der Appellation D&#8217;Origine Contr\u00f4l\u00e9e C\u00f4tes de Provence. <\/p>\n\n\n\n<p>Sie k\u00f6nnen ein vollst\u00e4ndig biologisch bewirtschaftetes Landgut mit sorgf\u00e4ltiger und traditioneller Arbeit entdecken. Sie k\u00f6nnen eine angenehme Zeit im Herzen der Natur genie\u00dfen. <\/p>\n<\/div>\n\n\n\n<div class=\"wp-block-column\">\n<p><strong>In der Umgebung von Grimaud Ch\u00e2teau de la Garcini\u00e8re <\/strong><\/p>\n\n\n\n<figure class=\"wp-block-image size-full\"><img width=\"280\" height=\"187\" src=\"https:\/\/auparadisdescampeurs.com\/wp-content\/uploads\/2023\/06\/image028.jpg\" alt=\"\" class=\"wp-image-4485\"\/><\/figure>\n\n\n\n<p>Die Familie Valentin empf\u00e4ngt Sie auf ihrem Weingut zu einer Weintourismus-Entdeckung, bei der die Natur und die Umwelt respektiert werden. Durch st\u00e4ndige Verbesserungen bem\u00fcht sich die Familie Valentin jedes Jahr, Ihnen Weine zu pr\u00e4sentieren, die eine gewisse Zartheit und Komplexit\u00e4t in den Vordergrund stellen. Als zertifizierter Bio-Landwirt k\u00f6nnen Sie die Herstellungsmethoden kennenlernen, die Tradition und Umweltschutz miteinander verbinden.  <\/p>\n\n\n\n<p>Sie werden von einer fruchtigen Ros\u00e9weinprobe sowie von Ros\u00e9weinen mit exotischeren und blumigeren Aromen profitieren. Oder Sie probieren einen Wei\u00dfwein mit dem Aroma von Akazienhonig. Und schlie\u00dflich k\u00f6nnen Sie auch einen traditionellen Rotwein aus Grenache und Syrah genie\u00dfen.  <\/p>\n\n\n\n<p>Sie k\u00f6nnen auch die Cuv\u00e9e du Prieur\u00e9 mit ihren exotischen und wechselnden Aromen auf der Grundlage von Zimt und Vanille entdecken oder auch mit einem blumigen Geschmack ausgestattet.<\/p>\n<\/div>\n<\/div>\n\n\n\n<div class=\"wp-block-columns pictos anim-fade-up\">\n<div class=\"wp-block-column\">\n<p class=\"has-text-align-left\"><strong><strong>Ch\u00e2teau Saint Maur<\/strong><\/strong><\/p>\n\n\n\n<figure class=\"wp-block-image size-full\"><img width=\"285\" height=\"178\" src=\"https:\/\/auparadisdescampeurs.com\/wp-content\/uploads\/2023\/06\/image035.jpg\" alt=\"\" class=\"wp-image-4490\"\/><\/figure>\n\n\n\n<p>Dieses Schloss im Herzen des Golfs von Saint-Tropez wurde im 19. Jahrhundert erbaut und empf\u00e4ngt Sie zur Entdeckung von Weinen, die als Crus Class\u00e9s klassifiziert sind. Das Schloss hat seinen Namen von einem ehemaligen Kloster geerbt, das sich auf dem Gel\u00e4nde befand. Eine Mischung aus Eleganz, Finesse und Aromen bietet Ihnen ein angenehmes und originelles Geschmackserlebnis.  <\/p>\n\n\n\n<p>Ihre Feinheit verdanken sie der Weinlese, die nur nachts durchgef\u00fchrt wird. Der Besitzer Roger Zannier kultiviert seine Gr\u00fcnde in Exzellenz und Finesse. <\/p>\n<\/div>\n\n\n\n<div class=\"wp-block-column\">\n<p class=\"has-text-align-left\"><strong><strong>Domaine La Madrague<\/strong><\/strong><\/p>\n\n\n\n<figure class=\"wp-block-image size-full\"><img width=\"425\" height=\"138\" src=\"https:\/\/auparadisdescampeurs.com\/wp-content\/uploads\/2023\/06\/image036.jpg\" alt=\"\" class=\"wp-image-4495\" srcset=\"https:\/\/auparadisdescampeurs.com\/wp-content\/uploads\/2023\/06\/image036.jpg 425w, https:\/\/auparadisdescampeurs.com\/wp-content\/uploads\/2023\/06\/image036-300x97.jpg 300w\" sizes=\"(max-width: 425px) 100vw, 425px\" \/><\/figure>\n\n\n\n<p>Dieses Weingut hei\u00dft Sie das ganze Jahr \u00fcber willkommen, um die Weine des Weinguts zu entdecken und zu verkosten. Au\u00dferdem haben Sie die M\u00f6glichkeit, regelm\u00e4\u00dfig zahlreiche Ausstellungen von K\u00fcnstlern aus der Region auf dem Weingut zu sehen. Sie k\u00f6nnen die 20 Hektar Weinberge, die sich zwischen La Croix Valmer und Gassin erstrecken, kennenlernen. Sie k\u00f6nnen die Geschichte des Weinbergs anhand seiner Weine und seiner Authentizit\u00e4t kennen und sch\u00e4tzen lernen. Sie werden auch die Familiengeschichte des Weinguts entdecken. Die Namen der Cuv\u00e9es stammen von den Vornamen der T\u00f6chter des Winzers Jean-Marie Zodo und seiner Enkel.     <\/p>\n\n\n\n<p>Dieser Weinberg ist dank seines Engagements f\u00fcr den \u00f6kologischen Landbau ein Akteur der Entwicklung.<\/p>\n<\/div>\n<\/div>\n<\/div><\/div>\n","protected":false},"excerpt":{"rendered":"<p>Unsere Weinstra\u00dfe Neuheit 2023: Wir stellen Ihnen unsere Weinstra\u00dfe 2023 vor. Sie werden die M\u00f6glichkeit haben, auf mehreren Weing\u00fctern die Weine unserer Region kennenzulernen. Sie k\u00f6nnen von einer Besichtigung ihrer Weinkeller profitieren manchmal sogar von einer Weinprobe. Wir haben drei verschiedene Routen f\u00fcr Sie erstellt, die Sie auf der Karte direkt darunter sehen k\u00f6nnen. Sie [&hellip;]<\/p>\n","protected":false},"author":1,"featured_media":0,"parent":0,"menu_order":0,"comment_status":"closed","ping_status":"closed","template":"","meta":[],"acf":[],"_links":{"self":[{"href":"https:\/\/auparadisdescampeurs.com\/de\/wp-json\/wp\/v2\/pages\/4506"}],"collection":[{"href":"https:\/\/auparadisdescampeurs.com\/de\/wp-json\/wp\/v2\/pages"}],"about":[{"href":"https:\/\/auparadisdescampeurs.com\/de\/wp-json\/wp\/v2\/types\/page"}],"author":[{"embeddable":true,"href":"https:\/\/auparadisdescampeurs.com\/de\/wp-json\/wp\/v2\/users\/1"}],"replies":[{"embeddable":true,"href":"https:\/\/auparadisdescampeurs.com\/de\/wp-json\/wp\/v2\/comments?post=4506"}],"version-history":[{"count":2,"href":"https:\/\/auparadisdescampeurs.com\/de\/wp-json\/wp\/v2\/pages\/4506\/revisions"}],"predecessor-version":[{"id":4560,"href":"https:\/\/auparadisdescampeurs.com\/de\/wp-json\/wp\/v2\/pages\/4506\/revisions\/4560"}],"wp:attachment":[{"href":"https:\/\/auparadisdescampeurs.com\/de\/wp-json\/wp\/v2\/media?parent=4506"}],"curies":[{"name":"wp","href":"https:\/\/api.w.org\/{rel}","templated":true}]}}