{"id":6439,"date":"2025-06-30T18:44:26","date_gmt":"2025-06-30T16:44:26","guid":{"rendered":"https:\/\/auparadisdescampeurs.com\/pourquoi-choisir-la-location-longue-duree-au-camping-au-paradis-des-campeurs-%ef%bf%bc\/"},"modified":"2026-04-22T17:17:48","modified_gmt":"2026-04-22T15:17:48","slug":"pourquoi-choisir-la-location-longue-duree-au-camping-au-paradis-des-campeurs","status":"publish","type":"page","link":"https:\/\/auparadisdescampeurs.com\/de\/pourquoi-choisir-la-location-longue-duree-au-camping-au-paradis-des-campeurs\/","title":{"rendered":"Langzeitmiete"},"content":{"rendered":"\n<div style=\"height:136px\" aria-hidden=\"true\" class=\"wp-block-spacer\"><\/div>\n\n<h2 class=\"has-text-align-center\" id=\"pourquoi-choisir-la-location-longue-duree-au-camping-au-paradis-des-campeurs\">Warum sollten Sie sich f\u00fcr eine Langzeitmiete auf dem Campingplatz Au Paradis des Campeurs entscheiden?<\/h2>\n\n<div style=\"height:124px\" aria-hidden=\"true\" class=\"wp-block-spacer\"><\/div>\n\n<p class=\"has-text-align-center\" style=\"font-size:25px\"><strong>Die 3 Vorteile einer Langzeitmiete<\/strong><\/p>\n\n<div style=\"height:40px\" aria-hidden=\"true\" class=\"wp-block-spacer\"><\/div>\n\n<p class=\"has-text-align-center has-medium-font-size\"><strong>Vom 14. September 2026 bis zum 20. Mai 2027<\/strong><\/p>\n\n<div style=\"height:40px\" aria-hidden=\"true\" class=\"wp-block-spacer\"><\/div>\n\n<p class=\"has-text-align-center has-medium-font-size\"><strong>1- Eine au\u00dfergew\u00f6hnliche Naturlandschaft<\/strong><\/p>\n\n<div style=\"height:40px\" aria-hidden=\"true\" class=\"wp-block-spacer\"><\/div>\n\n<figure class=\"wp-block-image size-large is-resized\"><img src=\"https:\/\/auparadisdescampeurs.com\/wp-content\/uploads\/2025\/09\/LL55-d-1024x683.jpg\" alt=\"\" class=\"wp-image-7199\" width=\"846\" height=\"564\" srcset=\"https:\/\/auparadisdescampeurs.com\/wp-content\/uploads\/2025\/09\/LL55-d-1024x683.jpg 1024w, https:\/\/auparadisdescampeurs.com\/wp-content\/uploads\/2025\/09\/LL55-d-300x200.jpg 300w, https:\/\/auparadisdescampeurs.com\/wp-content\/uploads\/2025\/09\/LL55-d-768x512.jpg 768w, https:\/\/auparadisdescampeurs.com\/wp-content\/uploads\/2025\/09\/LL55-d-1536x1024.jpg 1536w, https:\/\/auparadisdescampeurs.com\/wp-content\/uploads\/2025\/09\/LL55-d.jpg 1920w\" sizes=\"(max-width: 846px) 100vw, 846px\" \/><\/figure>\n\n<div style=\"height:40px\" aria-hidden=\"true\" class=\"wp-block-spacer\"><\/div>\n\n<p class=\"has-text-align-center has-medium-font-size\">Das Hotel liegt in Les Issambres, zwischen dem Mittelmeer und dem Vallon de la Gaillarde, in einer ruhigen und gr\u00fcnen Umgebung mit direktem Zugang zum Strand von La Gaillarde.<\/p>\n\n<div style=\"height:40px\" aria-hidden=\"true\" class=\"wp-block-spacer\"><\/div>\n\n<p class=\"has-text-align-center has-medium-font-size\"><strong>2- Optimaler Komfort<\/strong><\/p>\n\n<div style=\"height:40px\" aria-hidden=\"true\" class=\"wp-block-spacer\"><\/div>\n\n<figure class=\"wp-block-image size-large is-resized\"><img src=\"https:\/\/auparadisdescampeurs.com\/wp-content\/uploads\/2025\/09\/Chambre-Parentale-2020-1024x683.jpg\" alt=\"Campingplatz Le Paradis Des Campeurs: Elternschlafzimmer 2020\" class=\"wp-image-7204\" width=\"863\" height=\"575\" srcset=\"https:\/\/auparadisdescampeurs.com\/wp-content\/uploads\/2025\/09\/Chambre-Parentale-2020-1024x683.jpg 1024w, https:\/\/auparadisdescampeurs.com\/wp-content\/uploads\/2025\/09\/Chambre-Parentale-2020-300x200.jpg 300w, https:\/\/auparadisdescampeurs.com\/wp-content\/uploads\/2025\/09\/Chambre-Parentale-2020-768x512.jpg 768w, https:\/\/auparadisdescampeurs.com\/wp-content\/uploads\/2025\/09\/Chambre-Parentale-2020.jpg 1280w\" sizes=\"(max-width: 863px) 100vw, 863px\" \/><\/figure>\n\n<div style=\"height:40px\" aria-hidden=\"true\" class=\"wp-block-spacer\"><\/div>\n\n<p class=\"has-text-align-center has-medium-font-size\">Wir bieten Ihnen hochwertige Lodges mit 1 bis 3 Schlafzimmern und allem Komfort: voll ausgestattete K\u00fcche (Gasherd, K\u00fchl-\/Gefrierschrank, Mikrowelle, Geschirrsp\u00fcler), Badezimmer mit ebenerdiger Dusche, Bett mit Hotelmatratze, Wohnzimmer mit Fernseher, halb \u00fcberdachte Terrasse mit Grill\/Plancha und teilweise mit Meerblick und privatem Pool.<\/p>\n\n<div style=\"height:40px\" aria-hidden=\"true\" class=\"wp-block-spacer\"><\/div>\n\n<p class=\"has-text-align-center has-medium-font-size\"><strong>3- Vorzugspreise<\/strong><\/p>\n\n<div style=\"height:40px\" aria-hidden=\"true\" class=\"wp-block-spacer\"><\/div>\n\n<figure class=\"wp-block-image size-large is-resized\"><img src=\"https:\/\/auparadisdescampeurs.com\/wp-content\/uploads\/2025\/09\/Les-Issambres-Sunset-1-1024x683.jpg\" alt=\"Camping Le Paradis Des Campeurs : Les Issambres Sunset\" class=\"wp-image-7214\" width=\"840\" height=\"560\" srcset=\"https:\/\/auparadisdescampeurs.com\/wp-content\/uploads\/2025\/09\/Les-Issambres-Sunset-1-1024x683.jpg 1024w, https:\/\/auparadisdescampeurs.com\/wp-content\/uploads\/2025\/09\/Les-Issambres-Sunset-1-300x200.jpg 300w, https:\/\/auparadisdescampeurs.com\/wp-content\/uploads\/2025\/09\/Les-Issambres-Sunset-1-768x512.jpg 768w, https:\/\/auparadisdescampeurs.com\/wp-content\/uploads\/2025\/09\/Les-Issambres-Sunset-1-1536x1024.jpg 1536w, https:\/\/auparadisdescampeurs.com\/wp-content\/uploads\/2025\/09\/Les-Issambres-Sunset-1-scaled.jpg 2048w\" sizes=\"(max-width: 840px) 100vw, 840px\" \/><\/figure>\n\n<div style=\"height:40px\" aria-hidden=\"true\" class=\"wp-block-spacer\"><\/div>\n\n<p class=\"has-medium-font-size\">Wenn Sie sich f\u00fcr eine Langzeitmiete entscheiden, profitieren Sie von einem g\u00fcnstigen Tarif, um Ihren Aufenthalt an der C\u00f4te d\u2019Azur in vollen Z\u00fcgen genie\u00dfen zu k\u00f6nnen.<\/p>\n\n<p class=\"has-medium-font-size\">Wir bieten Langzeitmieten von Oktober bis Juni an, um den Bed\u00fcrfnissen jedes Einzelnen gerecht zu werden.<\/p>\n\n<p class=\"has-medium-font-size\">Ob Sie gerade umziehen, beruflich unterwegs sind oder einfach nur eine komfortable Unterkunft suchen, um den Winter an der C\u00f4te d&#8217;Azur zu verbringen, unsere Lodges sind wie f\u00fcr Sie gemacht.<\/p>\n\n<div style=\"height:40px\" aria-hidden=\"true\" class=\"wp-block-spacer\"><\/div>\n\n<p class=\"has-medium-font-size\"><strong>Hier finden Sie eine PDF-Datei mit allen Informationen zur Vermietung.<\/strong><\/p>\n\n<figure class=\"wp-block-image size-large\"><img width=\"1024\" height=\"187\" src=\"https:\/\/auparadisdescampeurs.com\/wp-content\/uploads\/2025\/09\/Un-confort-optimal-5-1-1024x187.png\" alt=\"\" class=\"wp-image-7219\" srcset=\"https:\/\/auparadisdescampeurs.com\/wp-content\/uploads\/2025\/09\/Un-confort-optimal-5-1-1024x187.png 1024w, https:\/\/auparadisdescampeurs.com\/wp-content\/uploads\/2025\/09\/Un-confort-optimal-5-1-300x55.png 300w, https:\/\/auparadisdescampeurs.com\/wp-content\/uploads\/2025\/09\/Un-confort-optimal-5-1-768x140.png 768w, https:\/\/auparadisdescampeurs.com\/wp-content\/uploads\/2025\/09\/Un-confort-optimal-5-1-1536x280.png 1536w, https:\/\/auparadisdescampeurs.com\/wp-content\/uploads\/2025\/09\/Un-confort-optimal-5-1.png 1920w\" sizes=\"(max-width: 1024px) 100vw, 1024px\" \/><\/figure>\n<a href=\"https:\/\/auparadisdescampeurs.com\/wp-content\/uploads\/2025\/06\/PDC-SICHERHEITSHINWEISE-DEUTSCH-2025.pdf\" target=\"_blank\" rel=\"noopener\" class=\"file\">Sicherheitshinweise<\/a>\n\n<div style=\"height:100px\" aria-hidden=\"true\" class=\"wp-block-spacer\"><\/div>\n\n<p><\/p>\n","protected":false},"excerpt":{"rendered":"<p>Warum sollten Sie sich f\u00fcr eine Langzeitmiete auf dem Campingplatz Au Paradis des Campeurs entscheiden? Die 3 Vorteile einer Langzeitmiete Vom 14. September 2026 bis zum 20. Mai 2027 1- Eine au\u00dfergew\u00f6hnliche Naturlandschaft Das Hotel liegt in Les Issambres, zwischen dem Mittelmeer und dem Vallon de la Gaillarde, in einer ruhigen und gr\u00fcnen Umgebung mit [&hellip;]<\/p>\n","protected":false},"author":1,"featured_media":0,"parent":0,"menu_order":0,"comment_status":"closed","ping_status":"closed","template":"","meta":[],"acf":[],"_links":{"self":[{"href":"https:\/\/auparadisdescampeurs.com\/de\/wp-json\/wp\/v2\/pages\/6439"}],"collection":[{"href":"https:\/\/auparadisdescampeurs.com\/de\/wp-json\/wp\/v2\/pages"}],"about":[{"href":"https:\/\/auparadisdescampeurs.com\/de\/wp-json\/wp\/v2\/types\/page"}],"author":[{"embeddable":true,"href":"https:\/\/auparadisdescampeurs.com\/de\/wp-json\/wp\/v2\/users\/1"}],"replies":[{"embeddable":true,"href":"https:\/\/auparadisdescampeurs.com\/de\/wp-json\/wp\/v2\/comments?post=6439"}],"version-history":[{"count":6,"href":"https:\/\/auparadisdescampeurs.com\/de\/wp-json\/wp\/v2\/pages\/6439\/revisions"}],"predecessor-version":[{"id":8006,"href":"https:\/\/auparadisdescampeurs.com\/de\/wp-json\/wp\/v2\/pages\/6439\/revisions\/8006"}],"wp:attachment":[{"href":"https:\/\/auparadisdescampeurs.com\/de\/wp-json\/wp\/v2\/media?parent=6439"}],"curies":[{"name":"wp","href":"https:\/\/api.w.org\/{rel}","templated":true}]}}