{"id":6474,"date":"2025-07-04T16:28:22","date_gmt":"2025-07-04T14:28:22","guid":{"rendered":"https:\/\/auparadisdescampeurs.com\/ich-komme-mit-dem-zug\/"},"modified":"2025-07-04T16:28:23","modified_gmt":"2025-07-04T14:28:23","slug":"ich-komme-mit-dem-zug","status":"publish","type":"page","link":"https:\/\/auparadisdescampeurs.com\/de\/ich-komme-mit-dem-zug\/","title":{"rendered":"&#8222;Ich komme mit dem Zug&#8220;"},"content":{"rendered":"\n<div style=\"height:156px\" aria-hidden=\"true\" class=\"wp-block-spacer\"><\/div>\n\n<h2 id=\"bienvenue-en-train-au-camping\">Willkommen im Zug auf dem Campingplatz! <\/h2>\n\n<div style=\"height:51px\" aria-hidden=\"true\" class=\"wp-block-spacer\"><\/div>\n\n<p>Wenn Sie sich f\u00fcr den Zug entscheiden, k\u00f6nnen Sie eine entspannte Reise genie\u00dfen, da Sie Staus und den Stress des Autos vermeiden. Genie\u00dfen Sie die Umgebung mit unserem Angebot &#8222;Mein Urlaub mit Fahrr\u00e4dern&#8220; ab 4\u20ac pro Tag! <\/p>\n\n<p>Unser Campingplatz ist ideal in der N\u00e4he des TGV-Bahnhofs Saint-Rapha\u00ebl Valescure gelegen, was Ihre Ankunft und Ihr Einleben sehr erleichtert. Sobald Sie am Bahnhof angekommen sind, k\u00f6nnen Sie uns leicht mit den \u00f6rtlichen \u00f6ffentlichen Verkehrsmitteln erreichen : <\/p>\n\n<div style=\"height:8px\" aria-hidden=\"true\" class=\"wp-block-spacer\"><\/div>\n\n<p><i class=\"fal fa-bus\"><\/i> <strong>Linie 876<\/strong> von der Haltestelle GARE SAINT-RAPHAEL bis zur Haltestelle la GAILLARDE, 50m von der Rezeption des Campingplatzes entfernt.<\/p>\n\n<p><i class=\"fal fa-taxi\"><\/i> <strong>Mit dem Taxi<\/strong> (im Voraus buchen) Preis ca. 70\u20ac f\u00fcr eine Fahrt<\/p>\n\n<p><i class=\"fal fa-taxi\"><\/i> <strong>Autovermietung:<\/strong> Wenn Sie Ihr eigenes Transportmittel bevorzugen, k\u00f6nnen Sie am Bahnhof von Saint-Rapha\u00ebl ein Auto mieten. Es gibt mehrere Autovermietungen, die in der N\u00e4he des Bahnhofs verf\u00fcgbar sind (Europcar ab 110\u20ac pro Tag \/ France Cars ab 145\u20ac pro Tag \/ Sixt ab 130\u20ac pro Tag).  <\/p>\n\n<div style=\"height:8px\" aria-hidden=\"true\" class=\"wp-block-spacer\"><\/div>\n\n<p>Wenn Sie den Zug w\u00e4hlen, tragen Sie aktiv zur Erhaltung der Umwelt bei. Der Zug ist eines der umweltfreundlichsten Verkehrsmittel und tr\u00e4gt so dazu bei, Ihren CO2-Fu\u00dfabdruck zu verringern. <\/p>\n\n<p>Wenn Sie mit dem Zug anreisen und kein Auto mieten m\u00f6chten, stellen wir Ihnen die Fahrr\u00e4der f\u00fcr die Dauer Ihres Aufenthalts zur Verf\u00fcgung.<\/p>\n\n<div style=\"height:100px\" aria-hidden=\"true\" class=\"wp-block-spacer\"><\/div>\n\n<div class=\"wp-block-columns alignwide\" style=\"margin-bottom:0\">\n<div class=\"wp-elements-69e5dd9f8ca06 wp-block-column has-couleur-3-background-color has-text-color has-background has-link-color\" style=\"color:#000000;padding-top:2em;padding-right:2em;padding-bottom:2em;padding-left:2em\">\n<h2 class=\"has-text-align-center wp-block-heading\" id=\"single\" style=\"font-size:30px\"><strong><strong>Ile de France <\/strong><\/strong><\/h2>\n\n\n\n<p><strong>&#8211; Paris Gare de Lyon:<\/strong> 4 Stunden (mit dem TGV direkt)<\/p>\n\n\n\n<p><strong>&#8211; Paris-Montparnasse<\/strong>: 5 Stunden (mit dem TGV direkt)<\/p>\n\n\n\n<p><strong>&#8211; Paris-Nord:<\/strong> 4,5 Stunden (mit dem direkten TGV)<\/p>\n\n\n\n<p><strong>&#8211; Paris-Est:<\/strong> 4,5 Stunden (mit dem TGV direkt)<\/p>\n\n\n\n<p><strong>&#8211; Paris-Saint-Lazare<\/strong>: 5,5 Stunden (Umsteigen in Marseille, TGV und dann TER)<\/p>\n<\/div>\n\n\n\n<div class=\"wp-elements-69e5dd9f8f744 wp-block-column has-bg-1-background-color has-text-color has-background has-link-color\" style=\"color:#000000;padding-top:2em;padding-right:2em;padding-bottom:2em;padding-left:2em\">\n<h2 class=\"has-text-align-center wp-block-heading\" id=\"family\" style=\"font-size:30px\"><strong><strong>Hauts de France <\/strong><\/strong><\/h2>\n\n\n\n<p>&#8211; <strong>Lille<\/strong>: 6:30 Uhr (mit Umsteigen in Marseille oder Nizza)<\/p>\n\n\n\n<p><strong>&#8211; Calais-Fr\u00e9thun<\/strong>: 6:30 Uhr (mit Anschluss in Paris, TER und dann TGV)<\/p>\n\n\n\n<p><strong>&#8211; Amiens<\/strong>: 6:30 Uhr (mit Anschluss in Paris-Nord, TER und dann TGV)<\/p>\n\n\n\n<p><strong>&#8211; Beauvais<\/strong>: 6 Stunden (mit einem Anschluss in Paris-Nord, TER und dann TGV)<\/p>\n\n\n\n<div class=\"wp-container-69e5dd9f8f713 wp-block-buttons alignfull\"><\/div>\n<\/div>\n\n\n\n<div class=\"wp-elements-69e5dd9f8fad7 wp-block-column has-couleur-3-background-color has-text-color has-background has-link-color\" style=\"color:#000000;padding-top:2em;padding-right:2em;padding-bottom:2em;padding-left:2em\">\n<h2 class=\"has-text-align-center wp-block-heading\" id=\"patron\" style=\"font-size:30px\"><strong><strong>Grand Est <\/strong><\/strong><\/h2>\n\n\n\n<p><strong>&#8211; Stra\u00dfburg:<\/strong> 5h (direkte TGV-Strecke)<\/p>\n\n\n\n<p><strong>&#8211; Reims<\/strong>: 6:45 Uhr (mit Anschluss in Paris Est)<\/p>\n\n\n\n<p><strong>&#8211; Metz<\/strong>: 7 Stunden (mit Umsteigen in Paris)<\/p>\n\n\n\n<p><strong>&#8211; Mulhouse<\/strong>: 7 Std. (mit Anschluss in Paris) oder direkter TGV einmal t\u00e4glich von 8 Std.<\/p>\n\n\n\n<p><strong>&#8211; Nancy:<\/strong> 7h (mit einem Anschlusszug in Paris) oder direkter TGV einmal t\u00e4glich von 8h30<\/p>\n\n\n\n<p><strong>&#8211; Troyes: <\/strong>7h (mit Anschluss in Paris Est)<\/p>\n\n\n\n<div class=\"wp-container-69e5dd9f8faab wp-block-buttons alignfull\"><\/div>\n<\/div>\n\n\n\n<div class=\"wp-elements-69e5dd9f8fb8c wp-block-column has-bg-1-background-color has-text-color has-background has-link-color\" style=\"color:#000000;padding-top:2em;padding-right:2em;padding-bottom:2em;padding-left:2em\">\n<h2 class=\"has-text-align-center wp-block-heading\" id=\"single\" style=\"font-size:30px\"><strong><strong><strong>Normandie<\/strong><\/strong><\/strong><\/h2>\n\n\n\n<p><strong>&#8211; Rouen: <\/strong>7 Stunden (mit Umsteigen in Paris Saint Lazare)<\/p>\n\n\n\n<p><strong>&#8211; Le Havre<\/strong>: 7 Stunden (mit Anschluss in Paris Saint Lazare)<\/p>\n\n\n\n<p><strong>&#8211; Caen<\/strong>: 7:30 Uhr (mit Anschluss in Paris Saint Lazare)<\/p>\n\n\n\n<p><strong>&#8211; Cherbourg: <\/strong>7h (mit Anschluss in Paris Saint Lazare)<\/p>\n\n\n\n<p><strong>&#8211; Evreux<\/strong>: 7:30 Uhr (mit Anschluss in Paris Saint Lazare)<\/p>\n<\/div>\n<\/div>\n\n<div style=\"height:100px\" aria-hidden=\"true\" class=\"wp-block-spacer\"><\/div>\n\n<div class=\"wp-block-columns alignwide\" style=\"margin-bottom:0\">\n<div class=\"wp-elements-69e5dd9f8fc6e wp-block-column has-bg-1-background-color has-text-color has-background has-link-color\" style=\"color:#000000;padding-top:2em;padding-right:2em;padding-bottom:2em;padding-left:2em\">\n<h2 class=\"has-text-align-center wp-block-heading\" id=\"single\" style=\"font-size:30px\"><strong><strong>Bretagne<\/strong><\/strong><\/h2>\n\n\n\n<p><strong>&#8211; Rennes:<\/strong> 8-9 Uhr (mit Umsteigen in Lyon Part Dieu)<\/p>\n\n\n\n<p>&#8211;<strong> Brest:<\/strong> 9h (mit Umsteigen in Paris Montparnasse)<\/p>\n\n\n\n<p><strong>&#8211; Quimper: <\/strong>9 Uhr (mit Anschluss in Paris Montparnasse)<\/p>\n\n\n\n<p><strong>&#8211; Saint-Brieuc:<\/strong> 7 Stunden (mit Umsteigen in Paris Montparnasse)<\/p>\n\n\n\n<p><strong>&#8211; Lorient<\/strong>: 9h (mit Umsteigen in Paris Montparnasse)<\/p>\n<\/div>\n\n\n\n<div class=\"wp-elements-69e5dd9f8ffea wp-block-column has-couleur-3-background-color has-text-color has-background has-link-color\" style=\"color:#000000;padding-top:2em;padding-right:2em;padding-bottom:2em;padding-left:2em\">\n<h2 class=\"has-text-align-center wp-block-heading\" id=\"family\" style=\"font-size:30px\"><strong><strong><strong>Pays de la Loire <\/strong><\/strong><\/strong><\/h2>\n\n\n\n<p><strong>&#8211; Nantes<\/strong>: 8h (mit Anschluss in Lyon Part Dieu)<\/p>\n\n\n\n<p><strong>&#8211; Angers:<\/strong> 8h (mit Anschluss in Lyon Part Dieu)<\/p>\n\n\n\n<p><strong>&#8211; Le Mans<\/strong>: 7:30 Uhr (mit Anschluss in Paris Montparnasse)<\/p>\n\n\n\n<div class=\"wp-container-69e5dd9f8ffbe wp-block-buttons alignfull\"><\/div>\n<\/div>\n\n\n\n<div class=\"wp-elements-69e5dd9f90346 wp-block-column has-bg-1-background-color has-text-color has-background has-link-color\" style=\"color:#000000;padding-top:2em;padding-right:2em;padding-bottom:2em;padding-left:2em\">\n<h2 class=\"has-text-align-center wp-block-heading\" id=\"patron\" style=\"font-size:30px\"><strong><strong><strong>Centre Val de Loire <\/strong><\/strong><\/strong><\/h2>\n\n\n\n<p><strong>&#8211; Tours: <\/strong>7:30 Uhr (mit Anschluss in Paris Montparnasse)<\/p>\n\n\n\n<p><strong>&#8211; Orl\u00e9ans:<\/strong> 6 Stunden (mit Umsteigen in Paris Austerlitz)<\/p>\n\n\n\n<p><strong>&#8211; Bourges<\/strong>: 7.45 Uhr (mit Anschluss in Lyon Part Dieu)<\/p>\n\n\n\n<div class=\"wp-container-69e5dd9f9031b wp-block-buttons alignfull\"><\/div>\n<\/div>\n\n\n\n<div class=\"wp-elements-69e5dd9f903c0 wp-block-column has-couleur-3-background-color has-text-color has-background has-link-color\" style=\"color:#000000;padding-top:2em;padding-right:2em;padding-bottom:2em;padding-left:2em\">\n<h2 class=\"has-text-align-center wp-block-heading\" id=\"single\" style=\"font-size:30px\"><strong><strong><strong><strong><strong><strong><strong>Bourgogne-Franche-Comt\u00e9 <\/strong><\/strong><\/strong><\/strong><\/strong><\/strong><\/strong><\/h2>\n\n\n\n<p><strong>&#8211; Dijon: <\/strong>6:30 Uhr (mit einem Umstieg in Avignon) direkter TGV einmal t\u00e4glich um 5h<\/p>\n\n\n\n<p><strong>&#8211; Besan\u00e7on: <\/strong>6h (mit dem direkten TGV)<\/p>\n<\/div>\n<\/div>\n\n<div style=\"height:100px\" aria-hidden=\"true\" class=\"wp-block-spacer\"><\/div>\n\n<div class=\"wp-block-columns alignwide\" style=\"margin-bottom:0\">\n<div class=\"wp-elements-69e5dd9f9047a wp-block-column has-couleur-3-background-color has-text-color has-background has-link-color\" style=\"color:#000000;padding-top:2em;padding-right:2em;padding-bottom:2em;padding-left:2em\">\n<h2 class=\"has-text-align-center wp-block-heading\" id=\"single\" style=\"font-size:30px\"><strong><strong><strong>Auvergne Rh\u00f4ne Alpes<\/strong><\/strong><\/strong><\/h2>\n\n\n\n<p><strong>&#8211; Lyon Part Dieu<\/strong>: 4 Stunden (mit dem TGV direkt)<\/p>\n\n\n\n<p><strong>&#8211; Grenoble:<\/strong> 5 Stunden (mit einem Umstieg in Lyon Part Dieu, TER und dann TGV)<\/p>\n\n\n\n<p><strong>&#8211; Saint-\u00c9tienne: <\/strong>5 Stunden (mit einem Umstieg in Lyon Part Dieu, TER und dann TGV)<\/p>\n\n\n\n<p><strong>&#8211; Clermont-Ferrand :<\/strong> ,7h (mit einem Umstieg in Lyon Part Dieu, TER und dann TGV)<\/p>\n<\/div>\n\n\n\n<div class=\"wp-elements-69e5dd9f9080e wp-block-column has-bg-1-background-color has-text-color has-background has-link-color\" style=\"color:#000000;padding-top:2em;padding-right:2em;padding-bottom:2em;padding-left:2em\">\n<h2 class=\"has-text-align-center wp-block-heading\" id=\"family\" style=\"font-size:30px\"><strong><strong><strong><strong>Nouvelle Aquitaine<\/strong><\/strong><\/strong><\/strong><\/h2>\n\n\n\n<p><strong>&#8211; Bordeaux: <\/strong>8 Stunden (mit Umsteigen in Marseille)<\/p>\n\n\n\n<p>&#8211; <strong>Limoges: <\/strong>7:30 Uhr (mit Anschluss in Paris Austerlitz)<\/p>\n\n\n\n<p><strong>&#8211; Poitiers:<\/strong> 7 Stunden (mit Umsteigen in Paris Montparnasse)<\/p>\n\n\n\n<p><strong>&#8211; La Rochelle<\/strong>: 8 Stunden (mit Umsteigen in Paris Montparnasse oder Bordeaux)<\/p>\n\n\n\n<p><strong>&#8211; Pau:<\/strong> 9h (mit Umsteigen in Toulouse und dann Marseille)<\/p>\n\n\n\n<div class=\"wp-container-69e5dd9f907e1 wp-block-buttons alignfull\"><\/div>\n<\/div>\n\n\n\n<div class=\"wp-elements-69e5dd9f92bc9 wp-block-column has-couleur-3-background-color has-text-color has-background has-link-color\" style=\"color:#000000;padding-top:2em;padding-right:2em;padding-bottom:2em;padding-left:2em\">\n<h2 class=\"has-text-align-center wp-block-heading\" id=\"patron\" style=\"font-size:30px\"><strong><strong><strong><strong>Occitanie<\/strong><\/strong><\/strong><\/strong><\/h2>\n\n\n\n<p><strong>&#8211; Toulouse: <\/strong>5,5 Stunden (mit Umsteigen in Marseille)<\/p>\n\n\n\n<p><strong>&#8211; Montpellier:<\/strong> 4,5 Stunden (mit Umsteigen in Marseille)<\/p>\n\n\n\n<p><strong>&#8211; N\u00eemes: <\/strong>4 Stunden (mit Umsteigen in Avignon)<\/p>\n\n\n\n<p><strong>&#8211; Perpignan: <\/strong>5 Stunden (mit Umsteigen in Avignon oder Marseille)<\/p>\n\n\n\n<p><strong>&#8211; Carcassonne<\/strong>: 5 Stunden (mit Umsteigen in Marseille)<\/p>\n\n\n\n<div class=\"wp-container-69e5dd9f92b83 wp-block-buttons alignfull\"><\/div>\n<\/div>\n\n\n\n<div class=\"wp-elements-69e5dd9f92ca0 wp-block-column has-bg-1-background-color has-text-color has-background has-link-color\" style=\"color:#000000;padding-top:2em;padding-right:2em;padding-bottom:2em;padding-left:2em\">\n<h2 class=\"has-text-align-center wp-block-heading\" id=\"single\" style=\"font-size:30px\"><strong><strong><strong><strong><strong><strong><strong><strong>Provence Alpes C\u00f4te d\u2019Azur<\/strong><\/strong><\/strong><\/strong><\/strong><\/strong><\/strong><\/strong><\/h2>\n\n\n\n<p><strong>&#8211; Marseille: <\/strong>2 Stunden (mit dem TER direkt)<\/p>\n\n\n\n<p><strong>&#8211; Nice: <\/strong>1 Stunde (und TER direkt)<\/p>\n\n\n\n<p><strong>&#8211; Toulon: <\/strong>1 Stunde (mit dem TER direkt)<\/p>\n\n\n\n<p><strong>&#8211; Avignon: <\/strong>2 Stunden (mit dem TGV direkt)<\/p>\n\n\n\n<p><strong>&#8211; Aix-en-Provence<\/strong>: 2 Stunden (mit dem TGV direkt)<\/p>\n<\/div>\n<\/div>\n\n<div style=\"height:100px\" aria-hidden=\"true\" class=\"wp-block-spacer\"><\/div>\n\n<p><\/p>\n","protected":false},"excerpt":{"rendered":"<p>Willkommen im Zug auf dem Campingplatz! Wenn Sie sich f\u00fcr den Zug entscheiden, k\u00f6nnen Sie eine entspannte Reise genie\u00dfen, da Sie Staus und den Stress des Autos vermeiden. Genie\u00dfen Sie die Umgebung mit unserem Angebot &#8222;Mein Urlaub mit Fahrr\u00e4dern&#8220; ab 4\u20ac pro Tag! Unser Campingplatz ist ideal in der N\u00e4he des TGV-Bahnhofs Saint-Rapha\u00ebl Valescure gelegen, [&hellip;]<\/p>\n","protected":false},"author":2,"featured_media":0,"parent":0,"menu_order":0,"comment_status":"closed","ping_status":"closed","template":"","meta":[],"acf":[],"_links":{"self":[{"href":"https:\/\/auparadisdescampeurs.com\/de\/wp-json\/wp\/v2\/pages\/6474"}],"collection":[{"href":"https:\/\/auparadisdescampeurs.com\/de\/wp-json\/wp\/v2\/pages"}],"about":[{"href":"https:\/\/auparadisdescampeurs.com\/de\/wp-json\/wp\/v2\/types\/page"}],"author":[{"embeddable":true,"href":"https:\/\/auparadisdescampeurs.com\/de\/wp-json\/wp\/v2\/users\/2"}],"replies":[{"embeddable":true,"href":"https:\/\/auparadisdescampeurs.com\/de\/wp-json\/wp\/v2\/comments?post=6474"}],"version-history":[{"count":1,"href":"https:\/\/auparadisdescampeurs.com\/de\/wp-json\/wp\/v2\/pages\/6474\/revisions"}],"predecessor-version":[{"id":6475,"href":"https:\/\/auparadisdescampeurs.com\/de\/wp-json\/wp\/v2\/pages\/6474\/revisions\/6475"}],"wp:attachment":[{"href":"https:\/\/auparadisdescampeurs.com\/de\/wp-json\/wp\/v2\/media?parent=6474"}],"curies":[{"name":"wp","href":"https:\/\/api.w.org\/{rel}","templated":true}]}}