{"id":7285,"date":"2025-09-12T11:34:18","date_gmt":"2025-09-12T09:34:18","guid":{"rendered":"https:\/\/auparadisdescampeurs.com\/le-windy-pizzaria\/"},"modified":"2025-09-12T11:34:19","modified_gmt":"2025-09-12T09:34:19","slug":"le-windy-pizzaria","status":"publish","type":"page","link":"https:\/\/auparadisdescampeurs.com\/de\/le-windy-pizzaria\/","title":{"rendered":"Le Windy &#8211; Pizzaria"},"content":{"rendered":"\n<div style=\"height:112px\" aria-hidden=\"true\" class=\"wp-block-spacer\"><\/div>\n\n<p class=\"has-text-align-center has-couleur-1-color has-text-color has-large-font-size\"><strong>Le Windy<br\/>Pizza &amp; Tapas <\/strong><\/p>\n\n<div style=\"height:58px\" aria-hidden=\"true\" class=\"wp-block-spacer\"><\/div>\n\n<div class=\"wp-block-columns\">\n<div class=\"wp-block-column\">\n<figure class=\"wp-block-image size-large\"><img width=\"790\" height=\"1024\" src=\"https:\/\/auparadisdescampeurs.com\/wp-content\/uploads\/2025\/07\/1-5-790x1024.png\" alt=\"\" class=\"wp-image-6832\" srcset=\"https:\/\/auparadisdescampeurs.com\/wp-content\/uploads\/2025\/07\/1-5-790x1024.png 790w, https:\/\/auparadisdescampeurs.com\/wp-content\/uploads\/2025\/07\/1-5-231x300.png 231w, https:\/\/auparadisdescampeurs.com\/wp-content\/uploads\/2025\/07\/1-5-768x996.png 768w, https:\/\/auparadisdescampeurs.com\/wp-content\/uploads\/2025\/07\/1-5.png 1080w\" sizes=\"(max-width: 790px) 100vw, 790px\" \/><\/figure>\n<\/div>\n\n\n\n<div class=\"wp-block-column\">\n<figure class=\"wp-block-image size-large\"><img width=\"790\" height=\"1024\" src=\"https:\/\/auparadisdescampeurs.com\/wp-content\/uploads\/2025\/07\/2-4-790x1024.png\" alt=\"\" class=\"wp-image-6837\" srcset=\"https:\/\/auparadisdescampeurs.com\/wp-content\/uploads\/2025\/07\/2-4-790x1024.png 790w, https:\/\/auparadisdescampeurs.com\/wp-content\/uploads\/2025\/07\/2-4-231x300.png 231w, https:\/\/auparadisdescampeurs.com\/wp-content\/uploads\/2025\/07\/2-4-768x996.png 768w, https:\/\/auparadisdescampeurs.com\/wp-content\/uploads\/2025\/07\/2-4.png 1080w\" sizes=\"(max-width: 790px) 100vw, 790px\" \/><\/figure>\n<\/div>\n\n\n\n<div class=\"wp-block-column\">\n<figure class=\"wp-block-image size-large\"><img width=\"790\" height=\"1024\" src=\"https:\/\/auparadisdescampeurs.com\/wp-content\/uploads\/2025\/07\/3-4-790x1024.png\" alt=\"\" class=\"wp-image-6842\" srcset=\"https:\/\/auparadisdescampeurs.com\/wp-content\/uploads\/2025\/07\/3-4-790x1024.png 790w, https:\/\/auparadisdescampeurs.com\/wp-content\/uploads\/2025\/07\/3-4-231x300.png 231w, https:\/\/auparadisdescampeurs.com\/wp-content\/uploads\/2025\/07\/3-4-768x996.png 768w, https:\/\/auparadisdescampeurs.com\/wp-content\/uploads\/2025\/07\/3-4.png 1080w\" sizes=\"(max-width: 790px) 100vw, 790px\" \/><\/figure>\n<\/div>\n<\/div>\n\n<div style=\"height:59px\" aria-hidden=\"true\" class=\"wp-block-spacer\"><\/div>\n\n<p class=\"has-text-align-center has-couleur-1-color has-text-color\" style=\"font-size:30px\"><strong>Das Windy bietet eine gro\u00dfe Auswahl an hausgemachten Pizzen mit hochwertigen Zutaten. Au\u00dferdem gibt es hier leckere Pasta, gegrilltes Fleisch und Fisch sowie Muscheln mit reichhaltiger Sauce. W\u00e4hrend der gesamten Saison (Juli-August) finden zweimal pro Woche Musikabende statt.  <\/strong><\/p>\n\n<div style=\"height:59px\" aria-hidden=\"true\" class=\"wp-block-spacer\"><\/div>\n\n<div class=\"wp-block-image\"><figure class=\"aligncenter size-large\"><img width=\"1024\" height=\"576\" src=\"https:\/\/auparadisdescampeurs.com\/wp-content\/uploads\/2025\/07\/Windy4-1024x576.jpg\" alt=\"\" class=\"wp-image-6848\" srcset=\"https:\/\/auparadisdescampeurs.com\/wp-content\/uploads\/2025\/07\/Windy4-1024x576.jpg 1024w, https:\/\/auparadisdescampeurs.com\/wp-content\/uploads\/2025\/07\/Windy4-300x169.jpg 300w, https:\/\/auparadisdescampeurs.com\/wp-content\/uploads\/2025\/07\/Windy4-768x432.jpg 768w, https:\/\/auparadisdescampeurs.com\/wp-content\/uploads\/2025\/07\/Windy4-1536x864.jpg 1536w, https:\/\/auparadisdescampeurs.com\/wp-content\/uploads\/2025\/07\/Windy4.jpg 2048w\" sizes=\"(max-width: 1024px) 100vw, 1024px\" \/><\/figure><\/div>\n\n<div style=\"height:59px\" aria-hidden=\"true\" class=\"wp-block-spacer\"><\/div>\n\n<p class=\"has-text-align-center has-couleur-1-color has-text-color\" style=\"font-size:30px\"><strong>In der Saison finden im Restaurant Tanzabende und Konzerte statt. Das Windy ist von April bis Oktober t\u00e4glich ge\u00f6ffnet und begeistert Liebhaber der italienischen K\u00fcche.<br\/>Das Restaurant \u00fcbertr\u00e4gt auch Sportveranstaltungen und garantiert so eine gesellige Atmosph\u00e4re. <\/strong><br\/><\/p>\n\n<p class=\"has-text-align-center has-couleur-1-color has-text-color\" style=\"font-size:30px\">Reservierung unter 06 16 53 95 35<\/p>\n\n<p><\/p>\n\n<div style=\"height:126px\" aria-hidden=\"true\" class=\"wp-block-spacer\"><\/div>\n","protected":false},"excerpt":{"rendered":"<p>Le WindyPizza &amp; Tapas Das Windy bietet eine gro\u00dfe Auswahl an hausgemachten Pizzen mit hochwertigen Zutaten. Au\u00dferdem gibt es hier leckere Pasta, gegrilltes Fleisch und Fisch sowie Muscheln mit reichhaltiger Sauce. W\u00e4hrend der gesamten Saison (Juli-August) finden zweimal pro Woche Musikabende statt. In der Saison finden im Restaurant Tanzabende und Konzerte statt. Das Windy ist [&hellip;]<\/p>\n","protected":false},"author":2,"featured_media":0,"parent":0,"menu_order":0,"comment_status":"closed","ping_status":"closed","template":"","meta":[],"acf":[],"_links":{"self":[{"href":"https:\/\/auparadisdescampeurs.com\/de\/wp-json\/wp\/v2\/pages\/7285"}],"collection":[{"href":"https:\/\/auparadisdescampeurs.com\/de\/wp-json\/wp\/v2\/pages"}],"about":[{"href":"https:\/\/auparadisdescampeurs.com\/de\/wp-json\/wp\/v2\/types\/page"}],"author":[{"embeddable":true,"href":"https:\/\/auparadisdescampeurs.com\/de\/wp-json\/wp\/v2\/users\/2"}],"replies":[{"embeddable":true,"href":"https:\/\/auparadisdescampeurs.com\/de\/wp-json\/wp\/v2\/comments?post=7285"}],"version-history":[{"count":1,"href":"https:\/\/auparadisdescampeurs.com\/de\/wp-json\/wp\/v2\/pages\/7285\/revisions"}],"predecessor-version":[{"id":7286,"href":"https:\/\/auparadisdescampeurs.com\/de\/wp-json\/wp\/v2\/pages\/7285\/revisions\/7286"}],"wp:attachment":[{"href":"https:\/\/auparadisdescampeurs.com\/de\/wp-json\/wp\/v2\/media?parent=7285"}],"curies":[{"name":"wp","href":"https:\/\/api.w.org\/{rel}","templated":true}]}}