{"id":7532,"date":"2026-01-28T10:11:17","date_gmt":"2026-01-28T09:11:17","guid":{"rendered":"https:\/\/auparadisdescampeurs.com\/valentinstagsangebot\/"},"modified":"2026-01-29T12:57:20","modified_gmt":"2026-01-29T11:57:20","slug":"valentinstagsangebot","status":"publish","type":"page","link":"https:\/\/auparadisdescampeurs.com\/de\/valentinstagsangebot\/","title":{"rendered":"Valentinstagsangebot"},"content":{"rendered":"\n<div style=\"height:146px\" aria-hidden=\"true\" class=\"wp-block-spacer\"><\/div>\n\n<h2 class=\"has-text-align-center has-text-color\" id=\"notre-offre-saint-valentin-insolite-a-partir-de-95-la-nuit-petit-dejeuner-compris\" style=\"color:#e40000\">Unser ungew\u00f6hnliches Valentinstagsangebot ab 95 \u20ac pro Nacht<\/h2>\n\n<h2 class=\"has-text-align-center has-text-color\" id=\"notre-offre-saint-valentin-insolite-a-partir-de-95-la-nuit-petit-dejeuner-compris\" style=\"color:#e40000\">Fr\u00fchst\u00fcck inklusive!<\/h2>\n\n<div style=\"height:71px\" aria-hidden=\"true\" class=\"wp-block-spacer\"><\/div>\n\n<div class=\"wp-block-image\"><figure class=\"aligncenter size-large is-resized\"><img src=\"https:\/\/auparadisdescampeurs.com\/wp-content\/uploads\/2026\/01\/1-1024x1024.png\" alt=\"\" class=\"wp-image-7472\" width=\"451\" height=\"451\" srcset=\"https:\/\/auparadisdescampeurs.com\/wp-content\/uploads\/2026\/01\/1-1024x1024.png 1024w, https:\/\/auparadisdescampeurs.com\/wp-content\/uploads\/2026\/01\/1-300x300.png 300w, https:\/\/auparadisdescampeurs.com\/wp-content\/uploads\/2026\/01\/1-150x150.png 150w, https:\/\/auparadisdescampeurs.com\/wp-content\/uploads\/2026\/01\/1-768x768.png 768w, https:\/\/auparadisdescampeurs.com\/wp-content\/uploads\/2026\/01\/1.png 1080w\" sizes=\"(max-width: 451px) 100vw, 451px\" \/><\/figure><\/div>\n\n<div class=\"wp-block-media-text alignwide is-stacked-on-mobile\"><figure class=\"wp-block-media-text__media\"><img width=\"1024\" height=\"1024\" src=\"https:\/\/auparadisdescampeurs.com\/wp-content\/uploads\/2026\/01\/3-1024x1024.png\" alt=\"\" class=\"wp-image-7492 size-full\" srcset=\"https:\/\/auparadisdescampeurs.com\/wp-content\/uploads\/2026\/01\/3-1024x1024.png 1024w, https:\/\/auparadisdescampeurs.com\/wp-content\/uploads\/2026\/01\/3-300x300.png 300w, https:\/\/auparadisdescampeurs.com\/wp-content\/uploads\/2026\/01\/3-150x150.png 150w, https:\/\/auparadisdescampeurs.com\/wp-content\/uploads\/2026\/01\/3-768x768.png 768w, https:\/\/auparadisdescampeurs.com\/wp-content\/uploads\/2026\/01\/3.png 1080w\" sizes=\"(max-width: 1024px) 100vw, 1024px\" \/><\/figure><div class=\"wp-block-media-text__content\">\n<p class=\"has-text-align-center has-medium-font-size\">Ein Abendessen, das direkt in Ihrer Unterkunft serviert wird<\/p>\n\n\n\n<p class=\"has-text-align-center\">Vorspeise + Hauptgericht + Dessert<\/p>\n\n\n\n<p class=\"has-text-align-center\">Flasche Champagner 25 \u20ac<br\/>Flasche Bio-Wein 20 \u20ac<\/p>\n<\/div><\/div>\n\n<div class=\"wp-block-media-text alignwide has-media-on-the-right is-stacked-on-mobile\"><figure class=\"wp-block-media-text__media\"><img width=\"1080\" height=\"1080\" src=\"https:\/\/auparadisdescampeurs.com\/wp-content\/uploads\/2026\/01\/4-1024x1024.png\" alt=\"\" class=\"wp-image-7500 size-full\" srcset=\"https:\/\/auparadisdescampeurs.com\/wp-content\/uploads\/2026\/01\/4-1024x1024.png 1024w, https:\/\/auparadisdescampeurs.com\/wp-content\/uploads\/2026\/01\/4-300x300.png 300w, https:\/\/auparadisdescampeurs.com\/wp-content\/uploads\/2026\/01\/4-150x150.png 150w, https:\/\/auparadisdescampeurs.com\/wp-content\/uploads\/2026\/01\/4-768x768.png 768w, https:\/\/auparadisdescampeurs.com\/wp-content\/uploads\/2026\/01\/4.png 1080w\" sizes=\"(max-width: 1080px) 100vw, 1080px\" \/><\/figure><div class=\"wp-block-media-text__content\">\n<p class=\"has-text-align-center has-medium-font-size\">Das Fr\u00fchst\u00fcck ist f\u00fcr die erste Nacht inbegriffen.<\/p>\n<\/div><\/div>\n\n<div class=\"wp-block-media-text alignwide is-stacked-on-mobile\"><figure class=\"wp-block-media-text__media\"><img width=\"1024\" height=\"1024\" src=\"https:\/\/auparadisdescampeurs.com\/wp-content\/uploads\/2026\/01\/5-1024x1024.png\" alt=\"\" class=\"wp-image-7505 size-full\" srcset=\"https:\/\/auparadisdescampeurs.com\/wp-content\/uploads\/2026\/01\/5-1024x1024.png 1024w, https:\/\/auparadisdescampeurs.com\/wp-content\/uploads\/2026\/01\/5-300x300.png 300w, https:\/\/auparadisdescampeurs.com\/wp-content\/uploads\/2026\/01\/5-150x150.png 150w, https:\/\/auparadisdescampeurs.com\/wp-content\/uploads\/2026\/01\/5-768x768.png 768w, https:\/\/auparadisdescampeurs.com\/wp-content\/uploads\/2026\/01\/5.png 1080w\" sizes=\"(max-width: 1024px) 100vw, 1024px\" \/><\/figure><div class=\"wp-block-media-text__content\">\n<p class=\"has-text-align-center has-medium-font-size\">Wir bieten verschiedene Unterkunftsm\u00f6glichkeiten an<br\/><\/p>\n\n\n\n<ul style=\"font-size:17px\"><li>Lodge mit 1 Schlafzimmer oder Pod: 1 Nacht: 95 \u20ac inklusive Fr\u00fchst\u00fcck<\/li><li>Lodge Spa mit 2 Schlafzimmern: 1 Nacht 190 \u20ac<\/li><li>Lodge Oc\u00e9an Spa mit Meerblick: 1 Nacht 220 \u20ac<\/li><\/ul>\n\n\n\n<p><\/p>\n<\/div><\/div>\n\n<div style=\"height:67px\" aria-hidden=\"true\" class=\"wp-block-spacer\"><\/div>\n\n<p class=\"has-text-align-center has-large-font-size\">Kontaktieren Sie uns und reservieren Sie<\/p>\n\n<p class=\"has-text-align-center has-medium-font-size\">Um Ihren Aufenthalt zu buchen, kontaktieren Sie uns unter +33 (0)4 94 96 93 55 oder schreiben Sie eine E-Mail an: info@campingpdc.fr<\/p>\n\n<div style=\"height:67px\" aria-hidden=\"true\" class=\"wp-block-spacer\"><\/div>\n","protected":false},"excerpt":{"rendered":"<p>Unser ungew\u00f6hnliches Valentinstagsangebot ab 95 \u20ac pro Nacht Fr\u00fchst\u00fcck inklusive! Ein Abendessen, das direkt in Ihrer Unterkunft serviert wird Vorspeise + Hauptgericht + Dessert Flasche Champagner 25 \u20acFlasche Bio-Wein 20 \u20ac Das Fr\u00fchst\u00fcck ist f\u00fcr die erste Nacht inbegriffen. Wir bieten verschiedene Unterkunftsm\u00f6glichkeiten an Lodge mit 1 Schlafzimmer oder Pod: 1 Nacht: 95 \u20ac inklusive [&hellip;]<\/p>\n","protected":false},"author":2,"featured_media":0,"parent":0,"menu_order":0,"comment_status":"closed","ping_status":"closed","template":"","meta":[],"acf":[],"_links":{"self":[{"href":"https:\/\/auparadisdescampeurs.com\/de\/wp-json\/wp\/v2\/pages\/7532"}],"collection":[{"href":"https:\/\/auparadisdescampeurs.com\/de\/wp-json\/wp\/v2\/pages"}],"about":[{"href":"https:\/\/auparadisdescampeurs.com\/de\/wp-json\/wp\/v2\/types\/page"}],"author":[{"embeddable":true,"href":"https:\/\/auparadisdescampeurs.com\/de\/wp-json\/wp\/v2\/users\/2"}],"replies":[{"embeddable":true,"href":"https:\/\/auparadisdescampeurs.com\/de\/wp-json\/wp\/v2\/comments?post=7532"}],"version-history":[{"count":2,"href":"https:\/\/auparadisdescampeurs.com\/de\/wp-json\/wp\/v2\/pages\/7532\/revisions"}],"predecessor-version":[{"id":7537,"href":"https:\/\/auparadisdescampeurs.com\/de\/wp-json\/wp\/v2\/pages\/7532\/revisions\/7537"}],"wp:attachment":[{"href":"https:\/\/auparadisdescampeurs.com\/de\/wp-json\/wp\/v2\/media?parent=7532"}],"curies":[{"name":"wp","href":"https:\/\/api.w.org\/{rel}","templated":true}]}}