{"id":7896,"date":"2026-04-17T11:49:33","date_gmt":"2026-04-17T09:49:33","guid":{"rendered":"https:\/\/auparadisdescampeurs.com\/our-group-package\/"},"modified":"2026-04-17T11:49:33","modified_gmt":"2026-04-17T09:49:33","slug":"our-group-package","status":"publish","type":"page","link":"https:\/\/auparadisdescampeurs.com\/en\/our-group-package\/","title":{"rendered":"Our group package"},"content":{"rendered":"\n<div style=\"height:155px\" aria-hidden=\"true\" class=\"wp-block-spacer\"><\/div>\n\n<h2 class=\"has-text-align-center has-large-font-size\" id=\"evenements-sejours-groupes-sur-la-cote-d-azur\"><strong>Events &amp; Group Holidays on the French Riviera<\/strong><\/h2>\n\n<div style=\"height:47px\" aria-hidden=\"true\" class=\"wp-block-spacer\"><\/div>\n\n<p class=\"has-text-align-center has-medium-font-size\"><strong>Your ideal 4-star stay between the sea (40 metres away) and the forest<\/strong> <\/p>\n\n<div style=\"height:20px\" aria-hidden=\"true\" class=\"wp-block-spacer\"><\/div>\n\n<p class=\"has-text-align-center has-medium-font-size\">Organising a group holiday takes time and effort. At Paradis des Campeurs, we simplify the logistics for you. Thanks to our direct access to La Gaillarde beach and our location at the foot of the Massif des Maures, you can enjoy an exceptional \u2018walk-to-everything\u2019 location. Whether you\u2019re a sports club, a company looking to build team spirit, or a large family, we\u2019ll work with you to create a holiday that suits you perfectly.   <\/p>\n\n<div style=\"height:38px\" aria-hidden=\"true\" class=\"wp-block-spacer\"><\/div>\n\n<div class=\"wp-block-image\"><figure class=\"aligncenter size-large is-resized\"><img src=\"https:\/\/auparadisdescampeurs.com\/wp-content\/uploads\/2025\/09\/LL55-d-1024x683.jpg\" alt=\"\" class=\"wp-image-7199\" width=\"739\" height=\"493\" srcset=\"https:\/\/auparadisdescampeurs.com\/wp-content\/uploads\/2025\/09\/LL55-d-1024x683.jpg 1024w, https:\/\/auparadisdescampeurs.com\/wp-content\/uploads\/2025\/09\/LL55-d-300x200.jpg 300w, https:\/\/auparadisdescampeurs.com\/wp-content\/uploads\/2025\/09\/LL55-d-768x512.jpg 768w, https:\/\/auparadisdescampeurs.com\/wp-content\/uploads\/2025\/09\/LL55-d-1536x1024.jpg 1536w, https:\/\/auparadisdescampeurs.com\/wp-content\/uploads\/2025\/09\/LL55-d.jpg 1920w\" sizes=\"(max-width: 739px) 100vw, 739px\" \/><\/figure><\/div>\n\n<div style=\"height:38px\" aria-hidden=\"true\" class=\"wp-block-spacer\"><\/div>\n\n<h4 class=\"has-text-align-center\" id=\"a-qui-s-adressent-nos-sejours\" style=\"font-size:25px\">Who are our holidays aimed at?<\/h4>\n\n<div style=\"height:18px\" aria-hidden=\"true\" class=\"wp-block-spacer\"><\/div>\n\n<p class=\"has-medium-font-size\">Sports Clubs &amp; Associations: Diving, hiking, yoga or cycling. Make the most of our dedicated facilities (drying areas, practice terrace) and immediate access to the best spots in the Var. <\/p>\n\n<div style=\"height:20px\" aria-hidden=\"true\" class=\"wp-block-spacer\"><\/div>\n\n<p class=\"has-medium-font-size\">Seminars &amp; Team-Building: Give your teams a break in an inspiring natural setting. Premium lodges, informal workspaces on our panoramic terrace, and activities focused on CSR and nature. <\/p>\n\n<div style=\"height:20px\" aria-hidden=\"true\" class=\"wp-block-spacer\"><\/div>\n\n<p class=\"has-medium-font-size\">Private &amp; Family Events: Family reunions, birthdays or get-togethers. Come and enjoy a friendly, safe setting where everyone, from the youngest to the oldest, will find something to enjoy. <\/p>\n\n<div style=\"height:52px\" aria-hidden=\"true\" class=\"wp-block-spacer\"><\/div>\n\n<div class=\"wp-block-media-text alignwide is-stacked-on-mobile\" style=\"grid-template-columns:42% auto\"><figure class=\"wp-block-media-text__media\"><img width=\"747\" height=\"1024\" src=\"https:\/\/auparadisdescampeurs.com\/wp-content\/uploads\/2026\/03\/IMG_0537-2-1-edited-747x1024.jpg\" alt=\"\" class=\"wp-image-7657 size-full\" srcset=\"https:\/\/auparadisdescampeurs.com\/wp-content\/uploads\/2026\/03\/IMG_0537-2-1-edited-747x1024.jpg 747w, https:\/\/auparadisdescampeurs.com\/wp-content\/uploads\/2026\/03\/IMG_0537-2-1-edited-219x300.jpg 219w, https:\/\/auparadisdescampeurs.com\/wp-content\/uploads\/2026\/03\/IMG_0537-2-1-edited-768x1053.jpg 768w, https:\/\/auparadisdescampeurs.com\/wp-content\/uploads\/2026\/03\/IMG_0537-2-1-edited-1120x1536.jpg 1120w, https:\/\/auparadisdescampeurs.com\/wp-content\/uploads\/2026\/03\/IMG_0537-2-1-edited.jpg 1169w\" sizes=\"(max-width: 747px) 100vw, 747px\" \/><\/figure><div class=\"wp-block-media-text__content\">\n<p class=\"has-medium-font-size\"><strong>Our Infrastructure &amp; Capabilities <\/strong><\/p>\n\n\n\n<div style=\"height:18px\" aria-hidden=\"true\" class=\"wp-block-spacer\"><\/div>\n\n\n\n<p class=\"has-medium-font-size\"><strong>A flexible capacity of up to 600 people<\/strong><\/p>\n\n\n\n<div style=\"height:21px\" aria-hidden=\"true\" class=\"wp-block-spacer\"><\/div>\n\n\n\n<p class=\"has-medium-font-size\">Comfortable accommodation: From our Premium Lodges (with optional private spa and sea views) for maximum privacy, to our spacious nature pitches equipped with fully renovated, modern toilet blocks.<\/p>\n\n\n\n<p class=\"has-medium-font-size\">Dining &amp; Living Spaces: Our spacious panoramic terrace, offering stunning views of both the sea and the forest, is available for private hire. The perfect setting for group meals, hearty breakfasts or drinks at sunset. <\/p>\n\n\n\n<p class=\"has-medium-font-size\">Convenient facilities: Coach parking, direct access to the beach (no cars), and right next to the harbour for your boat trips.<\/p>\n<\/div><\/div>\n\n<div style=\"height:63px\" aria-hidden=\"true\" class=\"wp-block-spacer\"><\/div>\n\n<h4 class=\"has-text-align-center\" id=\"pourquoi-nous-choisir\" style=\"font-size:30px\">Why choose us?<\/h4>\n\n<div style=\"height:13px\" aria-hidden=\"true\" class=\"wp-block-spacer\"><\/div>\n\n<p class=\"has-medium-font-size\">A Single Point of Contact: From drawing up your quote to welcoming you on the day, a dedicated member of staff will guide you every step of the way.<\/p>\n\n<div style=\"height:10px\" aria-hidden=\"true\" class=\"wp-block-spacer\"><\/div>\n\n<p class=\"has-medium-font-size\">100% Tailor-made: Accommodation, half-board, or an \u2018all-inclusive package\u2019 with partner activities&#8230; We tailor our services to your budget and requirements. <\/p>\n\n<div style=\"height:10px\" aria-hidden=\"true\" class=\"wp-block-spacer\"><\/div>\n\n<p class=\"has-medium-font-size\">L&#8217;Engagement Nature: A certified and protected estate, the perfect setting to give your event a sense of purpose.<\/p>\n\n<div style=\"height:70px\" aria-hidden=\"true\" class=\"wp-block-spacer\"><\/div>\n\n<p class=\"has-text-align-center\" style=\"font-size:30px\"><strong>Contact us by email or phone<\/strong><\/p>\n\n<p class=\"has-text-align-center has-medium-font-size\">Email: groupe@campingpdc.fr<br\/>Telephone: 04 94 96 93 55<\/p>\n\n<div style=\"height:41px\" aria-hidden=\"true\" class=\"wp-block-spacer\"><\/div>\n<script type=\"text\/javascript\">var gform;gform||(document.addEventListener(\"gform_main_scripts_loaded\",function(){gform.scriptsLoaded=!0}),window.addEventListener(\"DOMContentLoaded\",function(){gform.domLoaded=!0}),gform={domLoaded:!1,scriptsLoaded:!1,initializeOnLoaded:function(o){gform.domLoaded&&gform.scriptsLoaded?o():!gform.domLoaded&&gform.scriptsLoaded?window.addEventListener(\"DOMContentLoaded\",o):document.addEventListener(\"gform_main_scripts_loaded\",o)},hooks:{action:{},filter:{}},addAction:function(o,n,r,t){gform.addHook(\"action\",o,n,r,t)},addFilter:function(o,n,r,t){gform.addHook(\"filter\",o,n,r,t)},doAction:function(o){gform.doHook(\"action\",o,arguments)},applyFilters:function(o){return gform.doHook(\"filter\",o,arguments)},removeAction:function(o,n){gform.removeHook(\"action\",o,n)},removeFilter:function(o,n,r){gform.removeHook(\"filter\",o,n,r)},addHook:function(o,n,r,t,i){null==gform.hooks[o][n]&&(gform.hooks[o][n]=[]);var e=gform.hooks[o][n];null==i&&(i=n+\"_\"+e.length),gform.hooks[o][n].push({tag:i,callable:r,priority:t=null==t?10:t})},doHook:function(n,o,r){var t;if(r=Array.prototype.slice.call(r,1),null!=gform.hooks[n][o]&&((o=gform.hooks[n][o]).sort(function(o,n){return o.priority-n.priority}),o.forEach(function(o){\"function\"!=typeof(t=o.callable)&&(t=window[t]),\"action\"==n?t.apply(null,r):r[0]=t.apply(null,r)})),\"filter\"==n)return r[0]},removeHook:function(o,n,t,i){var r;null!=gform.hooks[o][n]&&(r=(r=gform.hooks[o][n]).filter(function(o,n,r){return!!(null!=i&&i!=o.tag||null!=t&&t!=o.priority)}),gform.hooks[o][n]=r)}});<\/script>\n                <div class='gf_browser_gecko gform_wrapper gravity-theme' id='gform_wrapper_5' >\n                        <div class='gform_heading'>\n                            <h2 class=\"gform_title\">Formulaire de contact &#8211; \u00c9v\u00e9nements &#038; S\u00e9jours Groupes sur la C\u00f4te d&#8217;Azur<\/h2>\n                            <span class='gform_description'>Concevons ensemble votre \u00e9v\u00e9nement !\r\nRemplissez ce formulaire en quelques clics, notre \u00e9quipe commerciale reviendra vers vous rapidement avec une proposition personnalis\u00e9e.<\/span>\n                        <\/div><form method='post' enctype='multipart\/form-data'  id='gform_5'  action='\/en\/wp-json\/wp\/v2\/pages\/7896' novalidate>\n                        <div class='gform_body gform-body'><div id='gform_fields_5' class='gform_fields top_label form_sublabel_below description_below'><fieldset id=\"field_5_9\" class=\"gfield gfield--width-full gfield_contains_required field_sublabel_below field_description_below gfield_visibility_visible\" ><legend class='gfield_label gfield_label_before_complex'  >Choix du type de groupe<span class=\"gfield_required\"><span class=\"gfield_required gfield_required_text\">(Required)<\/span><\/span><\/legend><div class='ginput_container ginput_container_checkbox'><div class='gfield_checkbox' id='input_5_9'><div class='gchoice gchoice_5_9_1'>\n\t\t\t\t\t\t\t\t<input class='gfield-choice-input' name='input_9.1' type='checkbox'  value='Clubs Sportifs &amp; Associations'  id='choice_5_9_1'   \/>\n\t\t\t\t\t\t\t\t<label for='choice_5_9_1' id='label_5_9_1'>Clubs Sportifs &#038; Associations<\/label>\n\t\t\t\t\t\t\t<\/div><div class='gchoice gchoice_5_9_2'>\n\t\t\t\t\t\t\t\t<input class='gfield-choice-input' name='input_9.2' type='checkbox'  value='S\u00e9minaires &amp; Team-Building'  id='choice_5_9_2'   \/>\n\t\t\t\t\t\t\t\t<label for='choice_5_9_2' id='label_5_9_2'>S\u00e9minaires &#038; Team-Building<\/label>\n\t\t\t\t\t\t\t<\/div><div class='gchoice gchoice_5_9_3'>\n\t\t\t\t\t\t\t\t<input class='gfield-choice-input' name='input_9.3' type='checkbox'  value='\u00c9v\u00e9nements Priv\u00e9s &amp; Familles'  id='choice_5_9_3'   \/>\n\t\t\t\t\t\t\t\t<label for='choice_5_9_3' id='label_5_9_3'>\u00c9v\u00e9nements Priv\u00e9s &#038; Familles<\/label>\n\t\t\t\t\t\t\t<\/div><div class='gchoice gchoice_5_9_4'>\n\t\t\t\t\t\t\t\t<input class='gfield-choice-input' name='input_9.4' type='checkbox'  value='Autre'  id='choice_5_9_4'   \/>\n\t\t\t\t\t\t\t\t<label for='choice_5_9_4' id='label_5_9_4'>Autre<\/label>\n\t\t\t\t\t\t\t<\/div><\/div><\/div><\/fieldset><fieldset id=\"field_5_5\" class=\"gfield gfield--width-full field_sublabel_below field_description_below gfield_visibility_visible\" ><legend class='gfield_label gfield_label_before_complex'  >Nom<\/legend><div class='ginput_complex ginput_container no_prefix has_first_name no_middle_name has_last_name no_suffix gf_name_has_2 ginput_container_name' id='input_5_5'>\n                            \n                            <span id='input_5_5_3_container' class='name_first' >\n                                                    <input type='text' name='input_5.3' id='input_5_5_3' value=''   aria-required='false'     \/>\n                                                    <label for='input_5_5_3' >First<\/label>\n                                                <\/span>\n                            \n                            <span id='input_5_5_6_container' class='name_last' >\n                                                    <input type='text' name='input_5.6' id='input_5_5_6' value=''   aria-required='false'     \/>\n                                                    <label for='input_5_5_6' >Last<\/label>\n                                                <\/span>\n                            \n                        <\/div><\/fieldset><div id=\"field_5_6\" class=\"gfield gfield--width-full gfield_contains_required field_sublabel_below field_description_below gfield_visibility_visible\" ><label class='gfield_label' for='input_5_6' >E-mail<span class=\"gfield_required\"><span class=\"gfield_required gfield_required_text\">(Required)<\/span><\/span><\/label><div class='ginput_container ginput_container_email'>\n                            <input name='input_6' id='input_5_6' type='email' value='' class='large'    aria-required=\"true\" aria-invalid=\"false\"  \/>\n                        <\/div><\/div><div id=\"field_5_7\" class=\"gfield gfield--width-full gfield_contains_required field_sublabel_below field_description_below gfield_visibility_visible\" ><label class='gfield_label' for='input_5_7' >T\u00e9l\u00e9phone<span class=\"gfield_required\"><span class=\"gfield_required gfield_required_text\">(Required)<\/span><\/span><\/label><div class='ginput_container ginput_container_phone'><input name='input_7' id='input_5_7' type='tel' value='' class='large'   aria-required=\"true\" aria-invalid=\"false\"   \/><\/div><\/div><fieldset id=\"field_5_10\" class=\"gfield gfield--width-full gfield_contains_required field_sublabel_below field_description_below gfield_visibility_visible\" ><legend class='gfield_label'  >Choix des dates<span class=\"gfield_required\"><span class=\"gfield_required gfield_required_text\">(Required)<\/span><\/span><\/legend><div class='ginput_container ginput_container_list ginput_list'><div class='gfield_list gfield_list_container'><div class=\"gfield_list_groups\"><div class='gfield_list_row_odd gfield_list_group'><div class='gfield_list_group_item gfield_list_cell gfield_list_10_cell1' ><input aria-invalid='false' aria-required=\"true\"  aria-label='Choix des dates, Row 1' data-aria-label-template='Choix des dates, Row {0}' type='text' name='input_10[]' value=''   \/><\/div><div class='gfield_list_icons'>   <button type=\"button\"  class='add_list_item ' aria-label='Add another row' onclick='gformAddListItem(this, 0)'>Add<\/button>   <button type=\"button\"  class='delete_list_item' aria-label='Remove row 1' data-aria-label-template='Remove row {0}' onclick='gformDeleteListItem(this, 0)' style=\"visibility:hidden;\">Remove<\/button><\/div><\/div><\/div><\/div><\/div><\/fieldset><fieldset id=\"field_5_11\" class=\"gfield gfield--width-full gfield_contains_required field_sublabel_below field_description_below gfield_visibility_visible\" ><legend class='gfield_label'  >Nombre de personnes<span class=\"gfield_required\"><span class=\"gfield_required gfield_required_text\">(Required)<\/span><\/span><\/legend><div class='ginput_container ginput_container_list ginput_list'><div class='gfield_list gfield_list_container'><div class=\"gfield_list_groups\"><div class='gfield_list_row_odd gfield_list_group'><div class='gfield_list_group_item gfield_list_cell gfield_list_11_cell1' ><input aria-invalid='false' aria-required=\"true\"  aria-label='Nombre de personnes, Row 1' data-aria-label-template='Nombre de personnes, Row {0}' type='text' name='input_11[]' value=''   \/><\/div><div class='gfield_list_icons'>   <button type=\"button\"  class='add_list_item ' aria-label='Add another row' onclick='gformAddListItem(this, 0)'>Add<\/button>   <button type=\"button\"  class='delete_list_item' aria-label='Remove row 1' data-aria-label-template='Remove row {0}' onclick='gformDeleteListItem(this, 0)' style=\"visibility:hidden;\">Remove<\/button><\/div><\/div><\/div><\/div><\/div><\/fieldset><fieldset id=\"field_5_12\" class=\"gfield gfield--width-full field_sublabel_below field_description_below gfield_visibility_visible\" ><legend class='gfield_label'  >Besoins sp\u00e9cifiques<\/legend><div class='ginput_container ginput_container_list ginput_list'><div class='gfield_list gfield_list_container'><div class=\"gfield_list_groups\"><div class='gfield_list_row_odd gfield_list_group'><div class='gfield_list_group_item gfield_list_cell gfield_list_12_cell1' ><input aria-invalid='false'   aria-label='Besoins sp\u00e9cifiques, Row 1' data-aria-label-template='Besoins sp\u00e9cifiques, Row {0}' type='text' name='input_12[]' value=''   \/><\/div><div class='gfield_list_icons'>   <button type=\"button\"  class='add_list_item ' aria-label='Add another row' onclick='gformAddListItem(this, 0)'>Add<\/button>   <button type=\"button\"  class='delete_list_item' aria-label='Remove row 1' data-aria-label-template='Remove row {0}' onclick='gformDeleteListItem(this, 0)' style=\"visibility:hidden;\">Remove<\/button><\/div><\/div><\/div><\/div><\/div><\/fieldset><\/div><\/div>\n        <div class='gform_footer top_label'> <input type='submit' id='gform_submit_button_5' class='gform_button button' value='Envoyer'  onclick='if(window[\"gf_submitting_5\"]){return false;}  if( !jQuery(\"#gform_5\")[0].checkValidity || jQuery(\"#gform_5\")[0].checkValidity()){window[\"gf_submitting_5\"]=true;}  ' onkeypress='if( event.keyCode == 13 ){ if(window[\"gf_submitting_5\"]){return false;} if( !jQuery(\"#gform_5\")[0].checkValidity || jQuery(\"#gform_5\")[0].checkValidity()){window[\"gf_submitting_5\"]=true;}  jQuery(\"#gform_5\").trigger(\"submit\",[true]); }' \/> \n            <input type='hidden' class='gform_hidden' name='is_submit_5' value='1' \/>\n            <input type='hidden' class='gform_hidden' name='gform_submit' value='5' \/>\n            \n            <input type='hidden' class='gform_hidden' name='gform_unique_id' value='' \/>\n            <input type='hidden' class='gform_hidden' name='state_5' value='WyJbXSIsIjgzZDc1MTViYjcwMWE5MTBkYjc1ZGVmNDk0MWZiZDkxIl0=' \/>\n            <input type='hidden' class='gform_hidden' name='gform_target_page_number_5' id='gform_target_page_number_5' value='0' \/>\n            <input type='hidden' class='gform_hidden' name='gform_source_page_number_5' id='gform_source_page_number_5' value='1' \/>\n            <input type='hidden' name='gform_field_values' value='' \/>\n            \n        <\/div>\n                        <p style=\"display: none !important;\"><label>&#916;<textarea name=\"ak_hp_textarea\" cols=\"45\" rows=\"8\" maxlength=\"100\"><\/textarea><\/label><input type=\"hidden\" id=\"ak_js_1\" name=\"ak_js\" value=\"67\"\/><script>document.getElementById( \"ak_js_1\" ).setAttribute( \"value\", ( new Date() ).getTime() );<\/script><\/p><\/form>\n                        <\/div>","protected":false},"excerpt":{"rendered":"<p>Events &amp; Group Holidays on the French Riviera Your ideal 4-star stay between the sea (40 metres away) and the forest Organising a group holiday takes time and effort. At Paradis des Campeurs, we simplify the logistics for you. Thanks to our direct access to La Gaillarde beach and our location at the foot of [&hellip;]<\/p>\n","protected":false},"author":2,"featured_media":0,"parent":0,"menu_order":0,"comment_status":"closed","ping_status":"closed","template":"","meta":[],"acf":[],"_links":{"self":[{"href":"https:\/\/auparadisdescampeurs.com\/en\/wp-json\/wp\/v2\/pages\/7896"}],"collection":[{"href":"https:\/\/auparadisdescampeurs.com\/en\/wp-json\/wp\/v2\/pages"}],"about":[{"href":"https:\/\/auparadisdescampeurs.com\/en\/wp-json\/wp\/v2\/types\/page"}],"author":[{"embeddable":true,"href":"https:\/\/auparadisdescampeurs.com\/en\/wp-json\/wp\/v2\/users\/2"}],"replies":[{"embeddable":true,"href":"https:\/\/auparadisdescampeurs.com\/en\/wp-json\/wp\/v2\/comments?post=7896"}],"version-history":[{"count":1,"href":"https:\/\/auparadisdescampeurs.com\/en\/wp-json\/wp\/v2\/pages\/7896\/revisions"}],"predecessor-version":[{"id":7897,"href":"https:\/\/auparadisdescampeurs.com\/en\/wp-json\/wp\/v2\/pages\/7896\/revisions\/7897"}],"wp:attachment":[{"href":"https:\/\/auparadisdescampeurs.com\/en\/wp-json\/wp\/v2\/media?parent=7896"}],"curies":[{"name":"wp","href":"https:\/\/api.w.org\/{rel}","templated":true}]}}