{"id":2500,"date":"2022-03-31T11:18:54","date_gmt":"2022-03-31T09:18:54","guid":{"rendered":"https:\/\/auparadisdescampeurs.com\/servizi\/"},"modified":"2022-03-31T11:18:56","modified_gmt":"2022-03-31T09:18:56","slug":"servizi","status":"publish","type":"page","link":"https:\/\/auparadisdescampeurs.com\/it\/servizi\/","title":{"rendered":"Servizi"},"content":{"rendered":"\n<section class=\"wp-container-69e1130d321b1 wp-block-group alignfull F-05-b\"><div class=\"wp-block-group__inner-container\">\n<figure class=\"wp-block-image size-full wp-embed-aspect-16-9 wp-has-aspect-ratio\"><img width=\"2048\" height=\"941\" src=\"https:\/\/auparadisdescampeurs.com\/wp-content\/uploads\/2022\/03\/pano-resto-1.jpg\" alt=\"\" class=\"wp-image-2261\" srcset=\"https:\/\/auparadisdescampeurs.com\/wp-content\/uploads\/2022\/03\/pano-resto-1.jpg 2048w, https:\/\/auparadisdescampeurs.com\/wp-content\/uploads\/2022\/03\/pano-resto-1-300x138.jpg 300w, https:\/\/auparadisdescampeurs.com\/wp-content\/uploads\/2022\/03\/pano-resto-1-1024x471.jpg 1024w, https:\/\/auparadisdescampeurs.com\/wp-content\/uploads\/2022\/03\/pano-resto-1-768x353.jpg 768w, https:\/\/auparadisdescampeurs.com\/wp-content\/uploads\/2022\/03\/pano-resto-1-1536x706.jpg 1536w\" sizes=\"(max-width: 2048px) 100vw, 2048px\" \/><\/figure><\/div><\/section>\n\n<section class=\"wp-container-69e1130d32919 wp-block-group\"><div class=\"wp-block-group__inner-container\">\n<h1 class=\"has-text-align-center\" id=\"services\">Servizi<\/h1>\n\n\n\n<div class=\"wp-block-columns pictos anim-fade-up\">\n<div class=\"wp-block-column\"><i class=\"fal fa-umbrella-beach\"><\/i>\n\n\n\n<p class=\"has-text-align-left\"><strong>Accesso alla spiaggia<\/strong><\/p>\n\n\n\n<p class=\"has-text-align-left\">Il campeggio ha un accesso privato alla spiaggia di Gaillarde, che si trova a 40 metri. A 100 metri dal campeggio si trova anche una delle uniche spiagge che accetta i cani.<\/p>\n<\/div>\n\n\n\n<div class=\"wp-block-column\"><i class=\"fal fa-wifi\"><\/i>\n\n\n\n<p class=\"has-text-align-left\"><strong>Wifi<\/strong><\/p>\n\n\n\n<p>Una connessione wifi \u00e8 disponibile ad un costo aggiuntivo<\/p>\n<\/div>\n\n\n\n<div class=\"wp-block-column\"><i class=\"fal fa-croissant\"><\/i>\n\n\n\n<p class=\"has-text-align-left\"><strong>Pane e croissant<\/strong><\/p>\n\n\n\n<p>Tutto l&#8217;anno il campeggio offre la vendita di pane e dolci<\/p>\n<\/div>\n<\/div>\n\n\n\n<div class=\"wp-block-columns pictos anim-fade-up\">\n<div class=\"wp-block-column\"><i class=\"fal fa-utensils-alt\"><\/i>\n\n\n\n<p class=\"has-text-align-left\"><strong>Ristorante<\/strong><\/p>\n\n\n\n<p>Il ristorante \u00e8 aperto da aprile a fine ottobre. Offre un menu vario per tutti i gusti e pizze da mangiare o da portare via.<\/p>\n<\/div>\n\n\n\n<div class=\"wp-block-column\"><i class=\"fal fa-cocktail\"><\/i>\n\n\n\n<p class=\"has-text-align-left\"><strong>Bar<\/strong><\/p>\n\n\n\n<p>Godetevi una pausa cocktail da aprile a ottobre a qualsiasi ora del giorno<\/p>\n<\/div>\n\n\n\n<div class=\"wp-block-column\"><i class=\"fal fa-french-fries\"><\/i>\n\n\n\n<p class=\"has-text-align-left\"><strong>Snack<\/strong><\/p>\n\n\n\n<p>Lo snack bar \u00e8 aperto da aprile a ottobre. Si pu\u00f2 anche avere il pollo arrosto!<\/p>\n<\/div>\n<\/div>\n\n\n\n<div class=\"wp-block-columns pictos anim-fade-up\">\n<div class=\"wp-block-column\"><i class=\"fal fa-shopping-basket\"><\/i>\n\n\n\n<p class=\"has-text-align-left\"><strong>Drogheria<\/strong><\/p>\n\n\n\n<p>Aperto da aprile a ottobre, troverete tutto il necessario per i vostri acquisti e provviste. Non perdetevi il banco di frutta e verdura.<\/p>\n<\/div>\n\n\n\n<div class=\"wp-block-column\"><i class=\"fal fa-washer\"><\/i>\n\n\n\n<p class=\"has-text-align-left\"><strong>Lavanderia<\/strong><\/p>\n\n\n\n<p>Il campeggio dispone di una lavanderia. Lavatrice e asciugatrice sono a vostra disposizione.<\/p>\n<\/div>\n\n\n\n<div class=\"wp-block-column\"><i class=\"fal fa-rv\"><\/i>\n\n\n\n<p class=\"has-text-align-left\"><strong>Drenare<\/strong><\/p>\n\n\n\n<p>I proprietari di camper hanno a disposizione uno spazio adeguato per lo svuotamento del proprio veicolo, questo servizio \u00e8 compreso nel prezzo della prenotazione.<\/p>\n<\/div>\n<\/div>\n<\/div><\/section>\n\n<section class=\"wp-container-69e1130d32cbd wp-block-group alignfull F-85-a\"><div class=\"wp-block-group__inner-container\">\n<div class=\"wp-block-columns\">\n<div class=\"wp-block-column\">\n<figure class=\"wp-block-image size-full\"><img width=\"1024\" height=\"683\" src=\"https:\/\/auparadisdescampeurs.com\/wp-content\/uploads\/2022\/03\/gaellelerebeller-auparadisdescampeurs-bd-3-copie-copie-1024x683-1.jpg\" alt=\"Camping Campasun Le Paradis Des Campeurs : Gaellelerebeller Auparadisdescampeurs Bd 3 Copia Copia 1024x683\" class=\"wp-image-564\" srcset=\"https:\/\/auparadisdescampeurs.com\/wp-content\/uploads\/2022\/03\/gaellelerebeller-auparadisdescampeurs-bd-3-copie-copie-1024x683-1.jpg 1024w, https:\/\/auparadisdescampeurs.com\/wp-content\/uploads\/2022\/03\/gaellelerebeller-auparadisdescampeurs-bd-3-copie-copie-1024x683-1-300x200.jpg 300w, https:\/\/auparadisdescampeurs.com\/wp-content\/uploads\/2022\/03\/gaellelerebeller-auparadisdescampeurs-bd-3-copie-copie-1024x683-1-768x512.jpg 768w\" sizes=\"(max-width: 1024px) 100vw, 1024px\" \/><\/figure><\/div>\n\n\n\n<div class=\"wp-block-column has-bg-1-background-color has-background\">\n<figure class=\"wp-block-image size-full\"><img width=\"1024\" height=\"683\" src=\"https:\/\/auparadisdescampeurs.com\/wp-content\/uploads\/2022\/03\/gaellelerebeller-auparadisdescampeurs-bd-14-copie-copie-1024x683-1.jpg\" alt=\"Camping Campasun Le Paradis Des Campeurs : Gaellelerebeller Auparadisdescampeurs Bd 14 Copia Copia 1024x683\" class=\"wp-image-581\" srcset=\"https:\/\/auparadisdescampeurs.com\/wp-content\/uploads\/2022\/03\/gaellelerebeller-auparadisdescampeurs-bd-14-copie-copie-1024x683-1.jpg 1024w, https:\/\/auparadisdescampeurs.com\/wp-content\/uploads\/2022\/03\/gaellelerebeller-auparadisdescampeurs-bd-14-copie-copie-1024x683-1-300x200.jpg 300w, https:\/\/auparadisdescampeurs.com\/wp-content\/uploads\/2022\/03\/gaellelerebeller-auparadisdescampeurs-bd-14-copie-copie-1024x683-1-768x512.jpg 768w\" sizes=\"(max-width: 1024px) 100vw, 1024px\" \/><\/figure><\/div>\n\n\n\n<div class=\"wp-block-column\">\n<figure class=\"wp-block-image size-full\"><img width=\"520\" height=\"380\" src=\"https:\/\/auparadisdescampeurs.com\/wp-content\/uploads\/2022\/03\/gaellelerebeller-auparadisdescampeurs-bd-20-copie-2-520x380-1.jpg\" alt=\"\" class=\"wp-image-563\" srcset=\"https:\/\/auparadisdescampeurs.com\/wp-content\/uploads\/2022\/03\/gaellelerebeller-auparadisdescampeurs-bd-20-copie-2-520x380-1.jpg 520w, https:\/\/auparadisdescampeurs.com\/wp-content\/uploads\/2022\/03\/gaellelerebeller-auparadisdescampeurs-bd-20-copie-2-520x380-1-300x219.jpg 300w\" sizes=\"(max-width: 520px) 100vw, 520px\" \/><\/figure><\/div>\n<\/div>\n<\/div><\/section>\n\n<section class=\"wp-container-69e1130d32ffe wp-block-group F-55-a\"><div class=\"wp-block-group__inner-container\">\n<p class=\"titre1\"><strong>Informazioni e informazioni turistiche<\/strong><\/p>\n\n\n\n<div class=\"wp-block-columns\">\n<div class=\"wp-block-column\" style=\"flex-basis:33.33%\"><\/div>\n\n\n\n<div class=\"wp-block-column\" style=\"flex-basis:66.66%\">\n<p>Durante il vostro soggiorno, non esitate a venirci a trovare alla reception se desiderate informazioni sulla regione e sulle attivit\u00e0 nei dintorni. Siamo felici di fornirti le migliori informazioni affinch\u00e9 le tue vacanze siano ancora pi\u00f9 che perfette!<\/p>\n<\/div>\n<\/div>\n<\/div><\/section>\n","protected":false},"excerpt":{"rendered":"<p>Servizi Accesso alla spiaggia Il campeggio ha un accesso privato alla spiaggia di Gaillarde, che si trova a 40 metri. A 100 metri dal campeggio si trova anche una delle uniche spiagge che accetta i cani. Wifi Una connessione wifi \u00e8 disponibile ad un costo aggiuntivo Pane e croissant Tutto l&#8217;anno il campeggio offre la [&hellip;]<\/p>\n","protected":false},"author":1,"featured_media":0,"parent":0,"menu_order":0,"comment_status":"closed","ping_status":"closed","template":"","meta":[],"acf":[],"_links":{"self":[{"href":"https:\/\/auparadisdescampeurs.com\/it\/wp-json\/wp\/v2\/pages\/2500"}],"collection":[{"href":"https:\/\/auparadisdescampeurs.com\/it\/wp-json\/wp\/v2\/pages"}],"about":[{"href":"https:\/\/auparadisdescampeurs.com\/it\/wp-json\/wp\/v2\/types\/page"}],"author":[{"embeddable":true,"href":"https:\/\/auparadisdescampeurs.com\/it\/wp-json\/wp\/v2\/users\/1"}],"replies":[{"embeddable":true,"href":"https:\/\/auparadisdescampeurs.com\/it\/wp-json\/wp\/v2\/comments?post=2500"}],"version-history":[{"count":3,"href":"https:\/\/auparadisdescampeurs.com\/it\/wp-json\/wp\/v2\/pages\/2500\/revisions"}],"predecessor-version":[{"id":2503,"href":"https:\/\/auparadisdescampeurs.com\/it\/wp-json\/wp\/v2\/pages\/2500\/revisions\/2503"}],"wp:attachment":[{"href":"https:\/\/auparadisdescampeurs.com\/it\/wp-json\/wp\/v2\/media?parent=2500"}],"curies":[{"name":"wp","href":"https:\/\/api.w.org\/{rel}","templated":true}]}}