{"id":2512,"date":"2022-03-31T11:20:56","date_gmt":"2022-03-31T09:20:56","guid":{"rendered":"https:\/\/auparadisdescampeurs.com\/domande-frequenti\/"},"modified":"2025-06-29T17:08:07","modified_gmt":"2025-06-29T15:08:07","slug":"domande-frequenti","status":"publish","type":"page","link":"https:\/\/auparadisdescampeurs.com\/it\/domande-frequenti\/","title":{"rendered":"Domande frequenti"},"content":{"rendered":"\n<section class=\"wp-container-69e5c6495080c wp-block-group alignfull F-05-b\"><div class=\"wp-block-group__inner-container\">\n<figure class=\"wp-block-image size-full wp-embed-aspect-16-9 wp-has-aspect-ratio\"><img width=\"2048\" height=\"1343\" src=\"https:\/\/auparadisdescampeurs.com\/wp-content\/uploads\/2022\/03\/DSC_6861.jpg\" alt=\"\" class=\"wp-image-2254\" srcset=\"https:\/\/auparadisdescampeurs.com\/wp-content\/uploads\/2022\/03\/DSC_6861.jpg 2048w, https:\/\/auparadisdescampeurs.com\/wp-content\/uploads\/2022\/03\/DSC_6861-300x197.jpg 300w, https:\/\/auparadisdescampeurs.com\/wp-content\/uploads\/2022\/03\/DSC_6861-1024x672.jpg 1024w, https:\/\/auparadisdescampeurs.com\/wp-content\/uploads\/2022\/03\/DSC_6861-768x504.jpg 768w, https:\/\/auparadisdescampeurs.com\/wp-content\/uploads\/2022\/03\/DSC_6861-1536x1007.jpg 1536w\" sizes=\"(max-width: 2048px) 100vw, 2048px\" \/><\/figure>\n<\/div><\/section>\n\n\n\n<h1 class=\"has-text-align-center\" id=\"foire-aux-questions\">Domande frequenti<\/h1>\n\n\n\n<div class=\"wp-block-group accordeon\"><div class=\"wp-block-group__inner-container\">\n<p>Quando siamo aperti?<\/p>\n\n\n\n<div class=\"wp-container-69e5c64950c46 wp-block-group\"><div class=\"wp-block-group__inner-container\">\n<p>Au Paradis des Campeurs \u00e8 aperto tutto l&#8217;anno!<\/p>\n<\/div><\/div>\n<\/div><\/div>\n\n\n\n<div class=\"wp-block-group accordeon\"><div class=\"wp-block-group__inner-container\">\n<p>Dov&#8217;\u00e8 Au Paradis des Campeurs?<\/p>\n\n\n\n<div class=\"wp-container-69e5c64951014 wp-block-group\"><div class=\"wp-block-group__inner-container\">\n<p>Al mare della Costa Azzurra nel Var tra Cannes e Saint-Tropez, tra Fr\u00e9jus e Saint-Maxime<\/p>\n<\/div><\/div>\n<\/div><\/div>\n\n\n\n<div class=\"wp-block-group accordeon\"><div class=\"wp-block-group__inner-container\">\n<p>Che categoria di campeggio \u00e8 questa?<\/p>\n\n\n\n<div class=\"wp-container-69e5c649513bd wp-block-group\"><div class=\"wp-block-group__inner-container\">\n<p>4 stelle<\/p>\n<\/div><\/div>\n<\/div><\/div>\n\n\n\n<div class=\"wp-block-group accordeon\"><div class=\"wp-block-group__inner-container\">\n<p>Qual \u00e8 l&#8217;area del campeggio?<\/p>\n\n\n\n<div class=\"wp-container-69e5c649516e2 wp-block-group\"><div class=\"wp-block-group__inner-container\">\n<p>7 ettari<\/p>\n<\/div><\/div>\n<\/div><\/div>\n\n\n\n<div class=\"wp-block-group accordeon\"><div class=\"wp-block-group__inner-container\">\n<p>\u00c8 ombreggiato?<\/p>\n\n\n\n<div class=\"wp-container-69e5c64951a94 wp-block-group\"><div class=\"wp-block-group__inner-container\">\n<p>Dipende dall&#8217;esposizione dell&#8217;alloggio, ma tutti i nostri affitti sono dotati di terrazze semi-coperte realizzate con zerbini Camargue. Le piazzole sono ben circondate dalla vegetazione ma questo dipende anche dall&#8217;esposizione.<\/p>\n<\/div><\/div>\n<\/div><\/div>\n\n\n\n<div class=\"wp-block-group accordeon\"><div class=\"wp-block-group__inner-container\">\n<p>Accetti animali? Ci sono spiagge per cani?<\/p>\n\n\n\n<div class=\"wp-container-69e5c64951de1 wp-block-group\"><div class=\"wp-block-group__inner-container\">\n<p>Gli animali sono ammessi in campeggio! Devono essere tenuti al guinzaglio. L&#8217;accesso diretto al bosco vi permetter\u00e0 di portarli a spasso, ea 100 metri dal campeggio c&#8217;\u00e8 una spiaggia dove si accettano i cani!<\/p>\n<\/div><\/div>\n<\/div><\/div>\n\n\n\n<div class=\"wp-block-group accordeon\"><div class=\"wp-block-group__inner-container\">\n<p>C&#8217;\u00e8 un club per bambini e un club per ragazzi?<\/p>\n\n\n\n<div class=\"wp-container-69e5c6495213c wp-block-group\"><div class=\"wp-block-group__inner-container\">\n<p>Non disponiamo di un club per bambini o adolescenti.<\/p>\n<\/div><\/div>\n<\/div><\/div>\n\n\n\n<div class=\"wp-block-group accordeon\"><div class=\"wp-block-group__inner-container\">\n<p>C&#8217;\u00e8 animazione per adulti?<\/p>\n\n\n\n<div class=\"wp-container-69e5c6495247f wp-block-group\"><div class=\"wp-block-group__inner-container\">\n<p>Il campeggio non offre un programma di animazione per adulti. <\/p>\n<\/div><\/div>\n<\/div><\/div>\n\n\n\n<div class=\"wp-block-group accordeon\"><div class=\"wp-block-group__inner-container\">\n<p>Quali servizi vengono offerti?<\/p>\n\n\n\n<div class=\"wp-container-69e5c649527cd wp-block-group\"><div class=\"wp-block-group__inner-container\">\n<p>Il Campeggio offre una connessione Wi-Fi, un ristorante, uno snack bar e un negozio di alimentari. C&#8217;\u00e8 anche una lavanderia. Consulta la nostra sezione \u201cservizi\u201d per maggiori informazioni.<\/p>\n<\/div><\/div>\n<\/div><\/div>\n\n\n\n<div class=\"wp-block-group accordeon\"><div class=\"wp-block-group__inner-container\">\n<p>Quali attivit\u00e0 si possono praticare nel raggio di 10 km?<\/p>\n\n\n\n<div class=\"wp-container-69e5c64952b19 wp-block-group\"><div class=\"wp-block-group__inner-container\">\n<p>Au Paradis des Campeurs si trova al centro dei luoghi pi\u00f9 belli della Costa Azzurra, ci sono molte attivit\u00e0 nei dintorni. Tutte le attivit\u00e0 nautiche (paddle, canoa, windsurf, noleggio barche, diving\u2026) ma anche tante passeggiate o escursioni. Per non parlare dei paesi e dei paesi limitrofi, tutti vivaci durante tutto l&#8217;anno.<\/p>\n<\/div><\/div>\n<\/div><\/div>\n\n\n\n<div class=\"wp-block-group accordeon\"><div class=\"wp-block-group__inner-container\">\n<p>Il veicolo pu\u00f2 essere parcheggiato vicino all&#8217;alloggio?<\/p>\n\n\n\n<div class=\"wp-container-69e5c64952e62 wp-block-group\"><div class=\"wp-block-group__inner-container\">\n<p>Il campeggio \u00e8 in continua evoluzione, vogliamo creare un luogo dove il traffico sia moderato per il comfort di tutti. Alcuni alloggi dispongono di posto auto, mentre altri si trovano a una ventina di metri dal loro alloggio in un&#8217;area appositamente predisposta.<\/p>\n<\/div><\/div>\n<\/div><\/div>\n\n\n\n<div class=\"wp-block-group accordeon\"><div class=\"wp-block-group__inner-container\">\n<p>Il campeggio consente l&#8217;accesso alle persone a mobilit\u00e0 ridotta?<\/p>\n\n\n\n<div class=\"wp-container-69e5c6495317e wp-block-group\"><div class=\"wp-block-group__inner-container\">\n<p>L&#8217;intero campeggio \u00e8 accessibile a tutte le persone a mobilit\u00e0 ridotta. Accesso a servizi igienici, reception, spiaggia, ristorante, ecc. Disponiamo anche di alloggi PMR in affitto. Un handiplage si trova a San Peire, a 4 chilometri dal campeggio. Non esitate a contattarci per ulteriori informazioni.<\/p>\n<\/div><\/div>\n<\/div><\/div>\n\n\n\n<div class=\"wp-block-group accordeon\"><div class=\"wp-block-group__inner-container\">\n<p>Offrite il noleggio di biciclette?<\/p>\n\n\n\n<div class=\"wp-container-69e5c64953504 wp-block-group\"><div class=\"wp-block-group__inner-container\">\n<p>Offriamo il noleggio di city bike, anche con assistenza elettrica, oltre a mountain bike elettriche. Abbiamo diverse taglie per tutte le et\u00e0!<\/p>\n<\/div><\/div>\n<\/div><\/div>\n\n\n\n<div class=\"wp-block-group accordeon\"><div class=\"wp-block-group__inner-container\">\n<p>Ci sono piste ciclabili nelle vicinanze?<\/p>\n\n\n\n<div class=\"wp-container-69e5c64953835 wp-block-group\"><div class=\"wp-block-group__inner-container\">\n<p>Il campeggio \u00e8 facilmente raggiungibile in bicicletta grazie alle piste ciclabili che passano proprio davanti ad esso.<\/p>\n<\/div><\/div>\n<\/div><\/div>\n\n\n\n<div class=\"wp-block-group accordeon\"><div class=\"wp-block-group__inner-container\">\n<p>Quali sono i mezzi di pagamento accettati?<\/p>\n\n\n\n<div class=\"wp-container-69e5c64953b77 wp-block-group\"><div class=\"wp-block-group__inner-container\">\n<p>Gli assegni sono accettati solo al momento del pagamento della caparra per una prenotazione (diverse settimane prima dell&#8217;arrivo). Si accettano assegni ANCV, contanti e carte di credito (Visa, Mastercard). Non si accettano American Express.<\/p>\n<\/div><\/div>\n<\/div><\/div>\n\n\n\n<div class=\"wp-block-group accordeon\"><div class=\"wp-block-group__inner-container\">\n<p>Quanto dista Au Paradis des Campeurs dalle stazioni ferroviarie e dall&#8217;aeroporto?<\/p>\n\n\n\n<div class=\"wp-container-69e5c64953ea6 wp-block-group\"><div class=\"wp-block-group__inner-container\">\n<p>Il campeggio si trova a 11 km dalla stazione dei treni e degli autobus TGV di Saint-Rapha\u00ebl Valescure. (20 minuti in auto). Si trova a 67 km dall&#8217;aeroporto di Nizza (55 minuti in auto).<\/p>\n<\/div><\/div>\n<\/div><\/div>\n\n\n\n<div class=\"wp-block-group accordeon\"><div class=\"wp-block-group__inner-container\">\n<p>Il campeggio dispone di una piscina?<\/p>\n\n\n\n<div class=\"wp-container-69e5c649541c9 wp-block-group\"><div class=\"wp-block-group__inner-container\">\n<p>No, non c&#8217;\u00e8 piscina. Alcune sistemazioni dispongono di piscina\/Spa privata sulla terrazza (Lodge M\u00e9diterran\u00e9e, Capri, Riviera, Ocean, Spa con 2\/3 camere da letto).<\/p>\n<\/div><\/div>\n<\/div><\/div>\n\n\n\n<div class=\"wp-block-group accordeon\"><div class=\"wp-block-group__inner-container\">\n<p>La biancheria per la casa e la pulizia sono incluse nella prenotazione?<\/p>\n\n\n\n<div class=\"wp-container-69e5c649544e2 wp-block-group\"><div class=\"wp-block-group__inner-container\">\n<p>Biancheria e pulizia sono servizi aggiuntivi. \u00c8 possibile prenotare le lenzuola al momento della prenotazione cos\u00ec come il pacchetto pulizie.<\/p>\n<\/div><\/div>\n<\/div><\/div>\n\n\n\n<div class=\"wp-block-group accordeon\"><div class=\"wp-block-group__inner-container\">\n<p>Sono consentiti i barbecue?<\/p>\n\n\n\n<div class=\"wp-container-69e5c6495481c wp-block-group\"><div class=\"wp-block-group__inner-container\">\n<p>Sono ammessi barbecue elettrici ea gas. Per le piazzole con barbecue elettrico ricordarsi di non superare l&#8217;amperaggio.<\/p>\n<\/div><\/div>\n<\/div><\/div>\n","protected":false},"excerpt":{"rendered":"<p>Domande frequenti<\/p>\n","protected":false},"author":1,"featured_media":0,"parent":0,"menu_order":0,"comment_status":"closed","ping_status":"closed","template":"","meta":[],"acf":[],"_links":{"self":[{"href":"https:\/\/auparadisdescampeurs.com\/it\/wp-json\/wp\/v2\/pages\/2512"}],"collection":[{"href":"https:\/\/auparadisdescampeurs.com\/it\/wp-json\/wp\/v2\/pages"}],"about":[{"href":"https:\/\/auparadisdescampeurs.com\/it\/wp-json\/wp\/v2\/types\/page"}],"author":[{"embeddable":true,"href":"https:\/\/auparadisdescampeurs.com\/it\/wp-json\/wp\/v2\/users\/1"}],"replies":[{"embeddable":true,"href":"https:\/\/auparadisdescampeurs.com\/it\/wp-json\/wp\/v2\/comments?post=2512"}],"version-history":[{"count":4,"href":"https:\/\/auparadisdescampeurs.com\/it\/wp-json\/wp\/v2\/pages\/2512\/revisions"}],"predecessor-version":[{"id":6433,"href":"https:\/\/auparadisdescampeurs.com\/it\/wp-json\/wp\/v2\/pages\/2512\/revisions\/6433"}],"wp:attachment":[{"href":"https:\/\/auparadisdescampeurs.com\/it\/wp-json\/wp\/v2\/media?parent=2512"}],"curies":[{"name":"wp","href":"https:\/\/api.w.org\/{rel}","templated":true}]}}