{"id":2753,"date":"2022-03-31T15:16:37","date_gmt":"2022-03-31T13:16:37","guid":{"rendered":"https:\/\/auparadisdescampeurs.com\/attivita-2\/"},"modified":"2025-06-29T17:02:14","modified_gmt":"2025-06-29T15:02:14","slug":"attivita","status":"publish","type":"page","link":"https:\/\/auparadisdescampeurs.com\/it\/attivita\/","title":{"rendered":"Attivit\u00e0"},"content":{"rendered":"\n<section class=\"wp-container-69d63185d0178 wp-block-group alignfull F-05-b\"><div class=\"wp-block-group__inner-container\">\n<figure class=\"wp-block-image size-full wp-embed-aspect-16-9 wp-has-aspect-ratio\"><img width=\"1920\" height=\"945\" src=\"https:\/\/auparadisdescampeurs.com\/wp-content\/uploads\/2022\/03\/Activites-2-e1648642391964.jpg\" alt=\"\" class=\"wp-image-2241\" srcset=\"https:\/\/auparadisdescampeurs.com\/wp-content\/uploads\/2022\/03\/Activites-2-e1648642391964.jpg 1920w, https:\/\/auparadisdescampeurs.com\/wp-content\/uploads\/2022\/03\/Activites-2-e1648642391964-300x148.jpg 300w, https:\/\/auparadisdescampeurs.com\/wp-content\/uploads\/2022\/03\/Activites-2-e1648642391964-1024x504.jpg 1024w, https:\/\/auparadisdescampeurs.com\/wp-content\/uploads\/2022\/03\/Activites-2-e1648642391964-768x378.jpg 768w, https:\/\/auparadisdescampeurs.com\/wp-content\/uploads\/2022\/03\/Activites-2-e1648642391964-1536x756.jpg 1536w\" sizes=\"(max-width: 1920px) 100vw, 1920px\" \/><\/figure>\n<\/div><\/section>\n\n\n\n<section class=\"wp-container-69d63185d07d0 wp-block-group\"><div class=\"wp-block-group__inner-container\">\n<h1 class=\"has-text-align-center\" id=\"activites\">Attivit\u00e0<\/h1>\n\n\n\n<div class=\"wp-block-columns pictos anim-fade-up\">\n<div class=\"wp-block-column\"><\/div>\n\n\n\n<div class=\"wp-block-column\"><\/div>\n\n\n\n<div class=\"wp-block-column\"><i class=\"fal fa-music\"><\/i>\n\n\n\n<p class=\"has-text-align-left\"><strong><strong>Serata musicale<\/strong><\/strong><\/p>\n\n\n\n<p>Due volte a settimana, il ristorante del campeggio offre musica dal vivo!<\/p>\n<\/div>\n<\/div>\n\n\n\n<div class=\"wp-block-columns pictos anim-fade-up\">\n<div class=\"wp-block-column\"><i class=\"fal fa-bicycle\"><\/i>\n\n\n\n<p class=\"has-text-align-left\"><strong><strong>La mia vacanza in bicicletta<\/strong><\/strong><\/p>\n\n\n\n<p>Per dimenticare la vostra auto, vi proponiamo di includere le biciclette nel prezzo del vostro alloggio ad un prezzo molto interessante. Il campeggio e i villaggi circostanti sono molto accessibili in bicicletta grazie alle piste ciclabili. Quando fai la tua prenotazione, facci sapere cosa vuoi!<\/p>\n<\/div>\n\n\n\n<div class=\"wp-block-column\"><i class=\"fal fa-water\"><\/i>\n\n\n\n<p class=\"has-text-align-left\"><strong><strong>Pagaia e canoa<\/strong><\/strong><\/p>\n\n\n\n<p>Non dimenticate il nostro accesso diretto alla spiaggia, 40 metri e siete arrivati! Offriamo il noleggio di pagaie o canoe, in piedi o seduti, queste attivit\u00e0 sono ideali per tutti. Si pu\u00f2 andare alle cale e alle baie vicino al campeggio e godersi i dintorni. <\/p>\n<\/div>\n\n\n\n<div class=\"wp-block-column\"><i class=\"fal fa-baseball-ball\"><\/i>\n\n\n\n<p class=\"has-text-align-left\"><strong><strong>Petanque<\/strong><\/strong><\/p>\n\n\n\n<p>La nostra piazzola si trova in cima al campeggio, potrete godervi il vostro gioco contemplando la vista sul mare e sorseggiando il vostro sciroppo di anice, o il vostro pastis!<\/p>\n<\/div>\n<\/div>\n\n\n\n<div class=\"wp-block-columns pictos anim-fade-up\">\n<div class=\"wp-block-column\"><i class=\"fal fa-table-tennis\"><\/i>\n\n\n\n<p class=\"has-text-align-left\"><strong><strong>Tennis da tavolo<\/strong><\/strong><\/p>\n\n\n\n<p>I tavoli da ping-pong sono disponibili per tutti nel campeggio. Potete godervela come volete. Le racchette da neve sono disponibili alla reception.<\/p>\n<\/div>\n\n\n\n<div class=\"wp-block-column\"><i class=\"fal fa-hiking\"><\/i>\n\n\n\n<p class=\"has-text-align-left\"><strong>Attivit\u00e0 sportive<\/strong><\/p>\n\n\n\n<p>Per i pi\u00f9 sportivi \u00e8 disponibile un&#8217;ampia scelta di <strong>attivit\u00e0 nautiche o terrestri,<\/strong> vi invitiamo a consultare la nostra sezione \u201cDintorni\u201d.<\/p>\n<\/div>\n<\/div>\n<\/div><\/section>\n\n\n\n<section class=\"wp-container-69d63185d0b6b wp-block-group alignfull F-85-a\"><div class=\"wp-block-group__inner-container\">\n<div class=\"wp-block-columns\">\n<div class=\"wp-block-column\">\n<figure class=\"wp-block-image size-large\"><img width=\"682\" height=\"1024\" src=\"https:\/\/auparadisdescampeurs.com\/wp-content\/uploads\/2022\/03\/standup-paddleboarding-g87d8d1b09_1280-682x1024.jpg\" alt=\"Camping Campasun Le Paradis Des Campeurs : Standup Paddleboarding G87d8d1b09 1280\" class=\"wp-image-952\" srcset=\"https:\/\/auparadisdescampeurs.com\/wp-content\/uploads\/2022\/03\/standup-paddleboarding-g87d8d1b09_1280-682x1024.jpg 682w, https:\/\/auparadisdescampeurs.com\/wp-content\/uploads\/2022\/03\/standup-paddleboarding-g87d8d1b09_1280-200x300.jpg 200w, https:\/\/auparadisdescampeurs.com\/wp-content\/uploads\/2022\/03\/standup-paddleboarding-g87d8d1b09_1280-768x1152.jpg 768w, https:\/\/auparadisdescampeurs.com\/wp-content\/uploads\/2022\/03\/standup-paddleboarding-g87d8d1b09_1280.jpg 853w\" sizes=\"(max-width: 682px) 100vw, 682px\" \/><\/figure>\n<\/div>\n\n\n\n<div class=\"wp-block-column has-bg-1-background-color has-background\">\n<figure class=\"wp-block-image size-large\"><img width=\"1024\" height=\"576\" src=\"https:\/\/auparadisdescampeurs.com\/wp-content\/uploads\/2022\/03\/kayak-g0985df195_1280-1024x576.jpg\" alt=\"Camping Campasun Le Paradis Des Campeurs : Kayak G0985df195 1280\" class=\"wp-image-953\" srcset=\"https:\/\/auparadisdescampeurs.com\/wp-content\/uploads\/2022\/03\/kayak-g0985df195_1280-1024x576.jpg 1024w, https:\/\/auparadisdescampeurs.com\/wp-content\/uploads\/2022\/03\/kayak-g0985df195_1280-300x169.jpg 300w, https:\/\/auparadisdescampeurs.com\/wp-content\/uploads\/2022\/03\/kayak-g0985df195_1280-768x432.jpg 768w, https:\/\/auparadisdescampeurs.com\/wp-content\/uploads\/2022\/03\/kayak-g0985df195_1280.jpg 1280w\" sizes=\"(max-width: 1024px) 100vw, 1024px\" \/><\/figure>\n<\/div>\n\n\n\n<div class=\"wp-block-column\">\n<figure class=\"wp-block-image size-full\"><img width=\"408\" height=\"612\" src=\"https:\/\/auparadisdescampeurs.com\/wp-content\/uploads\/2022\/03\/istockphoto-1316911416-612x612-1.jpg\" alt=\"Camping Campasun Le Paradis Des Campeurs : Large Group Of School Kids Having Fun In Nature.\" class=\"wp-image-979\" srcset=\"https:\/\/auparadisdescampeurs.com\/wp-content\/uploads\/2022\/03\/istockphoto-1316911416-612x612-1.jpg 408w, https:\/\/auparadisdescampeurs.com\/wp-content\/uploads\/2022\/03\/istockphoto-1316911416-612x612-1-200x300.jpg 200w\" sizes=\"(max-width: 408px) 100vw, 408px\" \/><\/figure>\n<\/div>\n<\/div>\n<\/div><\/section>\n","protected":false},"excerpt":{"rendered":"<p>Attivit\u00e0 Serata musicale Due volte a settimana, il ristorante del campeggio offre musica dal vivo! La mia vacanza in bicicletta Per dimenticare la vostra auto, vi proponiamo di includere le biciclette nel prezzo del vostro alloggio ad un prezzo molto interessante. Il campeggio e i villaggi circostanti sono molto accessibili in bicicletta grazie alle piste [&hellip;]<\/p>\n","protected":false},"author":1,"featured_media":0,"parent":0,"menu_order":0,"comment_status":"closed","ping_status":"closed","template":"","meta":[],"acf":[],"_links":{"self":[{"href":"https:\/\/auparadisdescampeurs.com\/it\/wp-json\/wp\/v2\/pages\/2753"}],"collection":[{"href":"https:\/\/auparadisdescampeurs.com\/it\/wp-json\/wp\/v2\/pages"}],"about":[{"href":"https:\/\/auparadisdescampeurs.com\/it\/wp-json\/wp\/v2\/types\/page"}],"author":[{"embeddable":true,"href":"https:\/\/auparadisdescampeurs.com\/it\/wp-json\/wp\/v2\/users\/1"}],"replies":[{"embeddable":true,"href":"https:\/\/auparadisdescampeurs.com\/it\/wp-json\/wp\/v2\/comments?post=2753"}],"version-history":[{"count":6,"href":"https:\/\/auparadisdescampeurs.com\/it\/wp-json\/wp\/v2\/pages\/2753\/revisions"}],"predecessor-version":[{"id":6432,"href":"https:\/\/auparadisdescampeurs.com\/it\/wp-json\/wp\/v2\/pages\/2753\/revisions\/6432"}],"wp:attachment":[{"href":"https:\/\/auparadisdescampeurs.com\/it\/wp-json\/wp\/v2\/media?parent=2753"}],"curies":[{"name":"wp","href":"https:\/\/api.w.org\/{rel}","templated":true}]}}