{"id":4544,"date":"2023-06-26T10:18:56","date_gmt":"2023-06-26T08:18:56","guid":{"rendered":"https:\/\/auparadisdescampeurs.com\/?page_id=4544"},"modified":"2023-06-26T10:18:57","modified_gmt":"2023-06-26T08:18:57","slug":"la-strada-del-vino","status":"publish","type":"page","link":"https:\/\/auparadisdescampeurs.com\/it\/la-strada-del-vino\/","title":{"rendered":"La strada del vino"},"content":{"rendered":"\n<section class=\"wp-container-69f0cda01222a wp-block-group alignfull F-05-b\"><div class=\"wp-block-group__inner-container\">\n<figure class=\"wp-block-image size-full wp-embed-aspect-16-9 wp-has-aspect-ratio\"><img width=\"2048\" height=\"979\" src=\"https:\/\/auparadisdescampeurs.com\/wp-content\/uploads\/2022\/03\/BV-tropez-23-scaled.jpg\" alt=\"\" class=\"wp-image-2248\" srcset=\"https:\/\/auparadisdescampeurs.com\/wp-content\/uploads\/2022\/03\/BV-tropez-23-scaled.jpg 2048w, https:\/\/auparadisdescampeurs.com\/wp-content\/uploads\/2022\/03\/BV-tropez-23-300x143.jpg 300w, https:\/\/auparadisdescampeurs.com\/wp-content\/uploads\/2022\/03\/BV-tropez-23-1024x490.jpg 1024w, https:\/\/auparadisdescampeurs.com\/wp-content\/uploads\/2022\/03\/BV-tropez-23-768x367.jpg 768w, https:\/\/auparadisdescampeurs.com\/wp-content\/uploads\/2022\/03\/BV-tropez-23-1536x734.jpg 1536w\" sizes=\"(max-width: 2048px) 100vw, 2048px\" \/><\/figure>\n<\/div><\/section>\n\n\n\n<section class=\"wp-container-69f0cda012953 wp-block-group F-35-a\"><div class=\"wp-block-group__inner-container\">\n<div class=\"wp-block-columns\">\n<div class=\"wp-block-column\">\n<h1 class=\"has-text-align-left texte-hn\" id=\"notre-route-des-vins\">La nostra strada del vino<\/h1>\n\n\n\n<p>Novit\u00e0 2023: vi presentiamo la nostra strada del vino 2023. Avrete la possibilit\u00e0 di scoprire i vini della nostra regione attraverso una serie di cantine. Potrete visitare le loro cantine e partecipare a una degustazion  <\/p>\n\n\n\n<p>Abbiamo creato tre diversi itinerari, che potete vedere nella mappa qui sotto. \u00c8 possibile navigare attraverso ogni tenuta per scoprirne la creazione e la storia.  <\/p>\n\n\n\n<div class=\"wp-container-69f0cda0125f0 wp-block-buttons\">\n<div class=\"wp-block-button btn_resa_loc\"><a class=\"wp-block-button__link\">Prenota il tuo soggiorno<\/a><\/div>\n<\/div>\n<\/div>\n\n\n\n<div class=\"wp-block-column\">\n<iframe src=\"https:\/\/www.google.com\/maps\/d\/u\/2\/embed?mid=1jRG6EidnMC4a-0mlRg9-JyIE3a-FTt4&amp;ehbc=2E312F\" width=\"640\" height=\"480\"><\/iframe>\n<\/div>\n<\/div>\n<\/div><\/section>\n\n\n\n<div class=\"wp-container-69f0cda013309 wp-block-group\"><div class=\"wp-block-group__inner-container\">\n<div class=\"wp-block-columns pictos anim-fade-up\">\n<div class=\"wp-block-column\">\n<p class=\"has-text-align-left\"><strong><strong>Ch\u00e2teau Paquette<\/strong><\/strong><\/p>\n\n\n\n<figure class=\"wp-block-image size-full\"><img width=\"366\" height=\"183\" src=\"https:\/\/auparadisdescampeurs.com\/wp-content\/uploads\/2023\/06\/image007.jpg\" alt=\"\" class=\"wp-image-4437\" srcset=\"https:\/\/auparadisdescampeurs.com\/wp-content\/uploads\/2023\/06\/image007.jpg 366w, https:\/\/auparadisdescampeurs.com\/wp-content\/uploads\/2023\/06\/image007-300x150.jpg 300w\" sizes=\"(max-width: 366px) 100vw, 366px\" \/><\/figure>\n\n\n\n<p>Sophie e J\u00e9r\u00f4me vi danno il benvenuto nella loro tenuta nel cuore dei vigneti. Godetevi una degustazione di diversi vini, tra cui una creazione sviluppata dall&#8217;enologo stesso. Dal 1952, la tradizione \u00e8 stata mantenuta e tramandata di generazione in generazione. Oltre alla qualit\u00e0 e all&#8217;esperienza offerta, la tenuta si \u00e8 distinta ottenendo la certificazione di agricoltura biologica nel 2014.    <\/p>\n\n\n\n<p>Siete alla ricerca di nuovi vini e di qualcosa da fare in vacanza? Questa tenuta \u00e8 il luogo perfetto per trascorrere un momento di calore e amicizia nel cuore della natura. Potrete godervi una passeggiata tra i vigneti e diverse aree picnic nascoste nella tenuta.  <\/p>\n<\/div>\n\n\n\n<div class=\"wp-block-column\">\n<p class=\"has-text-align-left\"><strong><strong>Ch\u00e2teau de Cabran<\/strong><\/strong><\/p>\n\n\n\n<figure class=\"wp-block-image size-full\"><img width=\"262\" height=\"175\" src=\"https:\/\/auparadisdescampeurs.com\/wp-content\/uploads\/2023\/06\/image008.jpg\" alt=\"\" class=\"wp-image-4442\"\/><\/figure>\n\n\n\n<p>Venite a scoprire una tenuta con oltre 200 anni di storia. Godetevi il fascino di un&#8217;antica bastide in pietra. Nel cuore della natura, vivete un&#8217;autentica esperienza provenzale in un&#8217;antica e affascinante bastide in pietra. \u00c8 grazie ai vari scarichi vulcanici come le colate laviche che la tenuta deve la sua terra ricca di scoperte e sapori.    <\/p>\n\n\n\n<p>Durante l&#8217;estate vengono organizzati eventi come l&#8217;After Beach. Qui \u00e8 possibile degustare vini eccellenti in un contesto naturale unico. <\/p>\n<\/div>\n\n\n\n<div class=\"wp-block-column\">\n<p><strong>Ch\u00e2teau Vaudois<\/strong><\/p>\n\n\n\n<figure class=\"wp-block-image size-full\"><img width=\"310\" height=\"155\" src=\"https:\/\/auparadisdescampeurs.com\/wp-content\/uploads\/2023\/06\/image009.jpg\" alt=\"\" class=\"wp-image-4447\" srcset=\"https:\/\/auparadisdescampeurs.com\/wp-content\/uploads\/2023\/06\/image009.jpg 310w, https:\/\/auparadisdescampeurs.com\/wp-content\/uploads\/2023\/06\/image009-300x150.jpg 300w\" sizes=\"(max-width: 310px) 100vw, 310px\" \/><\/figure>\n\n\n\n<p>Dal 1988, questa tenuta \u00e8 immersa nella tradizione familiare. Venite a scoprire una tenuta con vini eccezionali. I proprietari dispongono di 93 ettari, di cui solo 18 vitati, per produrre vini altrettanto raffinati.  <\/p>\n\n\n\n<p>Cercate qualcosa da fare in un pomeriggio di pioggia? Non esitate, lo Ch\u00e2teau Vaudois offre un&#8217;ampia gamma di attivit\u00e0, dalle visite in cantina alle visite gastronomiche, dove potrete scoprire i segreti della vinificazione e assaggiare un delizioso piatto di salumi. <\/p>\n\n\n\n<p>La tenuta offre anche insoliti picnic nel cuore dei vigneti nelle giornate di sole.<\/p>\n\n\n\n<p>La tenuta offre visite gratuite ogni mercoled\u00ec alle 10.00 e alle 16.00, prenotabili presso la reception del campeggio. Visita della tenuta della durata di un&#8217;ora. Inoltre, se venite per conto del campeggio, avrete uno sconto del 10% se vi presentate con il volantino timbrato dal campeggio (da ritirare alla reception).  <\/p>\n<\/div>\n<\/div>\n\n\n\n<div class=\"wp-block-columns pictos anim-fade-up\">\n<div class=\"wp-block-column\">\n<p><strong>Domaine de la Bouverie<\/strong><\/p>\n\n\n\n<figure class=\"wp-block-image size-full\"><img width=\"187\" height=\"140\" src=\"https:\/\/auparadisdescampeurs.com\/wp-content\/uploads\/2023\/06\/image011.jpg\" alt=\"\" class=\"wp-image-4468\"\/><\/figure>\n\n\n\n<p>Situato all&#8217;inizio della catena montuosa dell&#8217;Esterel, il Domaine de la Bouverie vi offre da 27 anni un momento di relax e di enoturismo.<\/p>\n\n\n\n<p>Scoprite questa tenuta, ospitata in un ex ovile. Avrete la possibilit\u00e0 di degustare vini regolarmente premiati con medaglie. <\/p>\n\n\n\n<p>Volete trascorrere una giornata al fresco delle mura di pietra? Godetevi una degustazione delle loro migliori annate in un ambiente magnifico e a diretto contatto con veri appassionati. <\/p>\n<\/div>\n\n\n\n<div class=\"wp-block-column\">\n<p class=\"has-text-align-left\"><strong><strong>Font du Broc, le muy<\/strong><\/strong><\/p>\n\n\n\n<figure class=\"wp-block-image size-full\"><img width=\"282\" height=\"132\" src=\"https:\/\/auparadisdescampeurs.com\/wp-content\/uploads\/2023\/06\/image013.jpg\" alt=\"\" class=\"wp-image-4463\"\/><\/figure>\n\n\n\n<p>Venite a scoprire una tenuta con oltre 200 anni di storia. Potete godervi <\/p>\n\n\n\n<p>Uno dei pi\u00f9 bei vigneti della Provenza vi accoglie nel cuore di una natura rigogliosa per scoprire una variet\u00e0 di vini classificati. Impegnata nello sviluppo sostenibile, vi far\u00e0 scoprire metodi di produzione rispettosi dell&#8217;ambiente.  <\/p>\n\n\n\n<p>Aperta tutto l&#8217;anno, i viticoltori vi mostreranno i risultati del loro lavoro con una degustazione dei loro vini. Inoltre, potrete esplorare l&#8217;interno della tenuta immergendovi in profondit\u00e0 per scoprire la magnifica architettura della loro cantina. <\/p>\n<\/div>\n<\/div>\n\n\n\n<div class=\"wp-block-columns pictos anim-fade-up\">\n<div class=\"wp-block-column\">\n<p><strong>Sainte Roseline, le muy<\/strong><\/p>\n\n\n\n<figure class=\"wp-block-image size-full\"><img width=\"261\" height=\"174\" src=\"https:\/\/auparadisdescampeurs.com\/wp-content\/uploads\/2023\/06\/image022.jpg\" alt=\"\" class=\"wp-image-4458\"\/><\/figure>\n\n\n\n<p>Tenuta storica, lo Ch\u00e2teau de Saint Roseline ospita dall&#8217;XI secolo capolavori come le reliquie di Santa Rosellina.<\/p>\n\n\n\n<p>Avrete la possibilit\u00e0 di scoprire i vini in un ambiente storico e affascinante. La famiglia Teillaud \u00e8 da molti anni appassionata di arte contemporanea e per questo motivo vi offre la possibilit\u00e0 di scoprire le opere di artisti affermati nel suo castello per tutta l&#8217;estate. <\/p>\n<\/div>\n\n\n\n<div class=\"wp-block-column\">\n<p class=\"has-text-align-left\"><strong><strong>Ch\u00e2teau Rouet, le muy<\/strong><\/strong><\/p>\n\n\n\n<figure class=\"wp-block-image size-full\"><img width=\"287\" height=\"191\" src=\"https:\/\/auparadisdescampeurs.com\/wp-content\/uploads\/2023\/06\/image023.jpg\" alt=\"\" class=\"wp-image-4453\"\/><\/figure>\n\n\n\n<p>Aperto tutto l&#8217;anno, lo ch\u00e2teau vi accoglie nel cuore delle rocce rosse dell&#8217;Esterel. Un tempo foresta di pini marittimi vittima di un devastante incendio, la tenuta \u00e8 diventata ufficialmente un vigneto nel 1927. Le viti furono utilizzate come tagliafuoco per proteggere la foresta. Solo dopo la Seconda Guerra Mondiale i proprietari della tenuta decisero di sviluppare la vendita di vino in bottiglia.   <\/p>\n\n\n\n<p>Oggi Martin Savatier, uno dei figli che gli \u00e8 succeduto, \u00e8 alla guida dell&#8217;azienda, modernizzando e sviluppando i suoi prodotti in linea con i gusti attuali.<\/p>\n<\/div>\n<\/div>\n\n\n\n<h2 class=\"has-text-align-center\" id=\"vers-st-tropez\">A St Tropez<\/h2>\n\n\n\n<div class=\"wp-block-columns pictos anim-fade-up\">\n<div class=\"wp-block-column\">\n<p class=\"has-text-align-left\"><strong><strong>Vignerons du Plan de la Tour<\/strong><\/strong><\/p>\n\n\n\n<figure class=\"wp-block-image size-full\"><img width=\"297\" height=\"148\" src=\"https:\/\/auparadisdescampeurs.com\/wp-content\/uploads\/2023\/06\/image024-1.jpg\" alt=\"\" class=\"wp-image-4475\"\/><\/figure>\n\n\n\n<p>Situata nel famoso Golfo di Saint Tropez, questa cantina cooperativa offre un paesaggio piacevole. Potrete scoprire una moltitudine di vini imbottigliati, rossi, bianchi e rosati provenienti da diversi vigneti della regione. Scoprirete anche le tecniche di vinificazione utilizzate per produrre i nostri vini, che si basano sull&#8217;agroecologia e sul rispetto dell&#8217;ecosistema che ci circonda.  <\/p>\n\n\n\n<p>Un tempo conosciuti come Les Fouleurs de Saint Pons, i viticoltori di Plan de la Tour vi accolgono dal luned\u00ec al sabato per farvi scoprire la loro associazione nel cuore di 170 ettari di vigneti.<\/p>\n<\/div>\n\n\n\n<div class=\"wp-block-column\">\n<p class=\"has-text-align-left\"><strong><strong>Ch\u00e2teau Saint Marc<\/strong><\/strong><\/p>\n\n\n\n<figure class=\"wp-block-image size-full\"><img width=\"298\" height=\"149\" src=\"https:\/\/auparadisdescampeurs.com\/wp-content\/uploads\/2023\/06\/image026.jpg\" alt=\"\" class=\"wp-image-4480\"\/><\/figure>\n\n\n\n<p>Situata nel Massiccio dei Maures a Cogolin, sul Golfo di Saint-Tropez. Certificata biologica dal 2020, la tenuta vi accoglie con 8 ettari di vigneti Appellation D&#8217;Origine Contr\u00f4l\u00e9e C\u00f4tes de Provence. <\/p>\n\n\n\n<p>Potrete scoprire una tenuta interamente biologica con metodi meticolosi e tradizionali. Godetevi un momento piacevole nel cuore della natura. <\/p>\n<\/div>\n\n\n\n<div class=\"wp-block-column\">\n<p><strong>Intorno a Grimaud ch\u00e2teau de la Garcini\u00e8re <\/strong><\/p>\n\n\n\n<figure class=\"wp-block-image size-full\"><img width=\"280\" height=\"187\" src=\"https:\/\/auparadisdescampeurs.com\/wp-content\/uploads\/2023\/06\/image028.jpg\" alt=\"\" class=\"wp-image-4485\"\/><\/figure>\n\n\n\n<p>La famiglia Valentin vi accoglie nella sua tenuta per un&#8217;esperienza enoturistica nel rispetto della natura e dell&#8217;ambiente. In costante miglioramento, ogni anno la famiglia Valentin si impegna a farvi scoprire vini con una certa delicatezza e complessit\u00e0. Certificata biologica, potrete scoprire i metodi di vinificazione che combinano tradizione e rispetto per l&#8217;ambiente.  <\/p>\n\n\n\n<p>Potrete degustare ros\u00e9 fruttati e ros\u00e9 dai sapori esotici e floreali. Oppure potrete gustare un vino bianco al sapore di miele d&#8217;acacia. Infine, potrete gustare un vino rosso pi\u00f9 tradizionale a base di Grenache e Syrah.  <\/p>\n\n\n\n<p>Potete anche scoprire la Cuv\u00e9e du Prieur\u00e9, con i suoi sapori esotici e mutevoli di cannella e vaniglia, o le sue note floreali.<\/p>\n<\/div>\n<\/div>\n\n\n\n<div class=\"wp-block-columns pictos anim-fade-up\">\n<div class=\"wp-block-column\">\n<p class=\"has-text-align-left\"><strong><strong>Ch\u00e2teau Saint Maur<\/strong><\/strong><\/p>\n\n\n\n<figure class=\"wp-block-image size-full\"><img width=\"285\" height=\"178\" src=\"https:\/\/auparadisdescampeurs.com\/wp-content\/uploads\/2023\/06\/image035.jpg\" alt=\"\" class=\"wp-image-4490\"\/><\/figure>\n\n\n\n<p>Ch\u00e2teau situato nel cuore del Golfo di Saint-Tropez, costruito nel XIX secolo, vi accoglie per farvi scoprire i vini classificati growths. Questo ch\u00e2teau ha ereditato il suo nome da un antico monastero situato nella tenuta. Una miscela di eleganza, finezza e aromi, che vi permetter\u00e0 di vivere un&#8217;avventura gustativa piacevole e originale.  <\/p>\n\n\n\n<p>La loro finezza deriva dal fatto che le uve vengono raccolte solo di notte. Il proprietario Roger Zannier coltiva le sue ragioni di eccellenza e finezza. <\/p>\n<\/div>\n\n\n\n<div class=\"wp-block-column\">\n<p class=\"has-text-align-left\"><strong><strong>Domaine La Madrague<\/strong><\/strong><\/p>\n\n\n\n<figure class=\"wp-block-image size-full\"><img width=\"425\" height=\"138\" src=\"https:\/\/auparadisdescampeurs.com\/wp-content\/uploads\/2023\/06\/image036.jpg\" alt=\"\" class=\"wp-image-4495\" srcset=\"https:\/\/auparadisdescampeurs.com\/wp-content\/uploads\/2023\/06\/image036.jpg 425w, https:\/\/auparadisdescampeurs.com\/wp-content\/uploads\/2023\/06\/image036-300x97.jpg 300w\" sizes=\"(max-width: 425px) 100vw, 425px\" \/><\/figure>\n\n\n\n<p>La tenuta vi accoglie tutto l&#8217;anno per scoprire e degustare i suoi vini. Inoltre, la tenuta ospita regolarmente mostre di artisti locali. Potrete esplorare i 20 ettari di vigneti che si estendono tra La Croix Valmer e Gassin. Potrete conoscere e apprezzare la storia del vigneto attraverso i suoi vini e la sua autenticit\u00e0. Scoprirete anche la storia familiare della tenuta. I nomi delle annate derivano dai nomi di battesimo delle figlie dell&#8217;enologo Jean-Marie Zodo e dei suoi nipoti.     <\/p>\n\n\n\n<p>Questo vigneto \u00e8 un protagonista dello sviluppo grazie al suo impegno nell&#8217;agricoltura biologica.<\/p>\n<\/div>\n<\/div>\n<\/div><\/div>\n","protected":false},"excerpt":{"rendered":"<p>La nostra strada del vino Novit\u00e0 2023: vi presentiamo la nostra strada del vino 2023. Avrete la possibilit\u00e0 di scoprire i vini della nostra regione attraverso una serie di cantine. Potrete visitare le loro cantine e partecipare a una degustazion Abbiamo creato tre diversi itinerari, che potete vedere nella mappa qui sotto. \u00c8 possibile navigare [&hellip;]<\/p>\n","protected":false},"author":1,"featured_media":0,"parent":0,"menu_order":0,"comment_status":"closed","ping_status":"closed","template":"","meta":[],"acf":[],"_links":{"self":[{"href":"https:\/\/auparadisdescampeurs.com\/it\/wp-json\/wp\/v2\/pages\/4544"}],"collection":[{"href":"https:\/\/auparadisdescampeurs.com\/it\/wp-json\/wp\/v2\/pages"}],"about":[{"href":"https:\/\/auparadisdescampeurs.com\/it\/wp-json\/wp\/v2\/types\/page"}],"author":[{"embeddable":true,"href":"https:\/\/auparadisdescampeurs.com\/it\/wp-json\/wp\/v2\/users\/1"}],"replies":[{"embeddable":true,"href":"https:\/\/auparadisdescampeurs.com\/it\/wp-json\/wp\/v2\/comments?post=4544"}],"version-history":[{"count":2,"href":"https:\/\/auparadisdescampeurs.com\/it\/wp-json\/wp\/v2\/pages\/4544\/revisions"}],"predecessor-version":[{"id":4561,"href":"https:\/\/auparadisdescampeurs.com\/it\/wp-json\/wp\/v2\/pages\/4544\/revisions\/4561"}],"wp:attachment":[{"href":"https:\/\/auparadisdescampeurs.com\/it\/wp-json\/wp\/v2\/media?parent=4544"}],"curies":[{"name":"wp","href":"https:\/\/api.w.org\/{rel}","templated":true}]}}