{"id":6374,"date":"2025-06-28T16:06:23","date_gmt":"2025-06-28T14:06:23","guid":{"rendered":"https:\/\/auparadisdescampeurs.com\/scoprite-la-nostra-offerta-la-mia-vacanza-in-bicicletta-a-partire-da-4-e-notte-bici\/"},"modified":"2025-06-29T17:16:43","modified_gmt":"2025-06-29T15:16:43","slug":"scoprite-la-nostra-offerta-la-mia-vacanza-in-bicicletta-a-partire-da-4-e-notte-bici","status":"publish","type":"page","link":"https:\/\/auparadisdescampeurs.com\/it\/scoprite-la-nostra-offerta-la-mia-vacanza-in-bicicletta-a-partire-da-4-e-notte-bici\/","title":{"rendered":"Scoprite la nostra offerta \u201cLa mia vacanza in bicicletta\u201d a partire da 4 \u20ac\/notte\/bici!"},"content":{"rendered":"\n<div style=\"height:100px\" aria-hidden=\"true\" class=\"wp-block-spacer\"><\/div>\n\n\n\n<div style=\"height:100px\" aria-hidden=\"true\" class=\"wp-block-spacer\"><\/div>\n\n\n\n<h2 id=\"decouvrez-notre-offre-mes-vacances-a-velos-a-partir-de-4-nuit-velo\">Scoprite la nostra offerta \u201cLa mia vacanza in bicicletta\u201d a partire da 4 \u20ac\/notte\/bici!D\u00e9couvrez notre offre &#8220;Mes vacances \u00e0 v\u00e9los&#8221; \u00e0 partir de 4\u20ac\/nuit\/v\u00e9lo !<\/h2>\n\n\n\n<div style=\"height:44px\" aria-hidden=\"true\" class=\"wp-block-spacer\"><\/div>\n\n\n\n<div class=\"wp-block-columns\">\n<div class=\"wp-block-column\">\n<p>Evitate gli ingorghi e lo stress della guida e godetevi i dintorni in tutta tranquillit\u00e0!<\/p>\n\n\n\n<p>Con la nostra offerta \u201cLe mie vacanze in bicicletta\u201d, scoprite i paesaggi pi\u00f9 belli della Costa Azzurra al vostro ritmo e in piena libert\u00e0 a partire da <strong>24 \u20ac\/settimana\/bici<\/strong>.<\/p>\n\n\n\n<p>Offriamo un&#8217;ampia gamma di biciclette adatte a tutte le et\u00e0 e capacit\u00e0: city bike, city bike con assistenza elettrica, mountain bike elettriche e biciclette per bambini.<\/p>\n\n\n\n<p><\/p>\n<\/div>\n<\/div>\n\n\n\n<ul><li><strong>City bike<\/strong>: ideali per le uscite in famiglia o con gli amici sulle piste ciclabili della regione, queste biciclette sono facili da usare e perfette per semplici escursioni.<\/li><li><strong>Biciclette elettriche:<\/strong> per gli amanti del brivido. Queste biciclette a pedalata assistita permettono di percorrere distanze maggiori senza affaticarsi: Saint-Tropez \u00e8 vostra! <\/li><li><strong>Mountain bike elettriche<\/strong>: se cercate l&#8217;avventura, le mountain bike elettriche fanno al caso vostro. Con queste biciclette fuoristrada, potrete esplorare i sentieri del Vallon de la Gaillarde direttamente dal campeggio. <\/li><li><strong>Biciclette per bambini<\/strong>: anche i vostri bambini possono approfittare dell&#8217;offerta \u201cLe mie vacanze in bicicletta\u201d con le nostre piccole biciclette, pensate per fargli scoprire le gioie della bicicletta in tutta sicurezza.<\/li><\/ul>\n\n\n\n<p>Forniamo gratuitamente caschi per adulti e bambini e lucchetti antifurto per le nostre biciclette.<\/p>\n\n\n\n<div class=\"wp-block-columns\">\n<div class=\"wp-block-column\"><\/div>\n<\/div>\n\n\n\n<p>Abbiamo la fortuna di trovarci sulla pista ciclabile che collega Saint-Tropez a Fr\u00e9jus, passando per Sainte-Maxime e Saint-Rapha\u00ebl. \u00c8 accessibile direttamente dal campeggio, per cui si pu\u00f2 andare in bicicletta senza dover usare l&#8217;auto. <\/p>\n\n\n\n<p>Potrete godervi una piacevole passeggiata in bicicletta, immergendovi nell&#8217;atmosfera provenzale e scoprendo il patrimonio locale, come i mercati che si tengono a Les Issambres il luned\u00ec tutto l&#8217;anno (e i 2 mercati notturni in estate).<\/p>\n\n\n\n<p><\/p>\n\n\n\n<p>L&#8217;offerta \u00e8 valida per il noleggio di biciclette durante tutto il soggiorno per un minimo di una settimana. \u00c8 possibile noleggiare una o pi\u00f9 biciclette: <\/p>\n\n\n\n<ul><li><strong>Biciclette muscolari per adulti<\/strong>: \u20ac4\/notte\/bici<\/li><li><strong>Biciclette elettriche per adulti<\/strong>: 12,5 \u20ac\/notte\/bici<\/li><li><strong>Cyclette per bambini<\/strong>: 3,5 \u20ac\/notte\/bicicletta<\/li><li><strong>Mountain bike elettriche<\/strong>: 15,8 \u20ac\/notte\/bici<\/li><\/ul>\n\n\n\n<div style=\"height:100px\" aria-hidden=\"true\" class=\"wp-block-spacer\"><\/div>\n\n\n\n<figure class=\"wp-block-gallery has-nested-images columns-default is-cropped\">\n<figure class=\"wp-block-image size-full\"><img width=\"851\" height=\"315\" data-id=\"5551\"  src=\"https:\/\/auparadisdescampeurs.com\/wp-content\/uploads\/2024\/06\/1.png\" alt=\"Camping Le Paradis Des Campeurs : 1\" class=\"wp-image-5551\" srcset=\"https:\/\/auparadisdescampeurs.com\/wp-content\/uploads\/2024\/06\/1.png 851w, https:\/\/auparadisdescampeurs.com\/wp-content\/uploads\/2024\/06\/1-300x111.png 300w, https:\/\/auparadisdescampeurs.com\/wp-content\/uploads\/2024\/06\/1-768x284.png 768w\" sizes=\"(max-width: 851px) 100vw, 851px\" \/><\/figure>\n\n\n\n<figure class=\"wp-block-image size-full\"><img width=\"851\" height=\"315\" data-id=\"5556\"  src=\"https:\/\/auparadisdescampeurs.com\/wp-content\/uploads\/2024\/06\/2.png\" alt=\"Camping Le Paradis Des Campeurs : 2\" class=\"wp-image-5556\" srcset=\"https:\/\/auparadisdescampeurs.com\/wp-content\/uploads\/2024\/06\/2.png 851w, https:\/\/auparadisdescampeurs.com\/wp-content\/uploads\/2024\/06\/2-300x111.png 300w, https:\/\/auparadisdescampeurs.com\/wp-content\/uploads\/2024\/06\/2-768x284.png 768w\" sizes=\"(max-width: 851px) 100vw, 851px\" \/><\/figure>\n<\/figure>\n\n\n\n<p> <\/p>\n\n\n\n<div class=\"wp-block-columns\">\n<div class=\"wp-block-column\"><\/div>\n<\/div>\n\n\n\n<div class=\"wp-block-columns\">\n<div class=\"wp-block-column\" style=\"flex-basis:100%\"><\/div>\n<\/div>\n","protected":false},"excerpt":{"rendered":"<p>Scoprite la nostra offerta \u201cLa mia vacanza in bicicletta\u201d a partire da 4 \u20ac\/notte\/bici!D\u00e9couvrez notre offre &#8220;Mes vacances \u00e0 v\u00e9los&#8221; \u00e0 partir de 4\u20ac\/nuit\/v\u00e9lo ! Evitate gli ingorghi e lo stress della guida e godetevi i dintorni in tutta tranquillit\u00e0! Con la nostra offerta \u201cLe mie vacanze in bicicletta\u201d, scoprite i paesaggi pi\u00f9 belli della [&hellip;]<\/p>\n","protected":false},"author":2,"featured_media":0,"parent":0,"menu_order":0,"comment_status":"closed","ping_status":"closed","template":"","meta":[],"acf":[],"_links":{"self":[{"href":"https:\/\/auparadisdescampeurs.com\/it\/wp-json\/wp\/v2\/pages\/6374"}],"collection":[{"href":"https:\/\/auparadisdescampeurs.com\/it\/wp-json\/wp\/v2\/pages"}],"about":[{"href":"https:\/\/auparadisdescampeurs.com\/it\/wp-json\/wp\/v2\/types\/page"}],"author":[{"embeddable":true,"href":"https:\/\/auparadisdescampeurs.com\/it\/wp-json\/wp\/v2\/users\/2"}],"replies":[{"embeddable":true,"href":"https:\/\/auparadisdescampeurs.com\/it\/wp-json\/wp\/v2\/comments?post=6374"}],"version-history":[{"count":2,"href":"https:\/\/auparadisdescampeurs.com\/it\/wp-json\/wp\/v2\/pages\/6374\/revisions"}],"predecessor-version":[{"id":6435,"href":"https:\/\/auparadisdescampeurs.com\/it\/wp-json\/wp\/v2\/pages\/6374\/revisions\/6435"}],"wp:attachment":[{"href":"https:\/\/auparadisdescampeurs.com\/it\/wp-json\/wp\/v2\/media?parent=6374"}],"curies":[{"name":"wp","href":"https:\/\/api.w.org\/{rel}","templated":true}]}}