{"id":6390,"date":"2024-04-15T15:56:26","date_gmt":"2024-04-15T13:56:26","guid":{"rendered":"https:\/\/auparadisdescampeurs.com\/nos-eco-valeurs\/"},"modified":"2025-06-28T16:20:42","modified_gmt":"2025-06-28T14:20:42","slug":"nos-eco-valeurs","status":"publish","type":"page","link":"https:\/\/auparadisdescampeurs.com\/it\/nos-eco-valeurs\/","title":{"rendered":"Nos engagements environnementaux"},"content":{"rendered":"\n<div style=\"height:100px\" aria-hidden=\"true\" class=\"wp-block-spacer\"><\/div>\n\n\n\n<h2 id=\"nos-engagements-environnementaux\">Nos engagements environnementaux<\/h2>\n\n\n\n<p>En 2019, nous avons repris le camping familial. Depuis, nous avons toujours mis un point d&#8217;honneur \u00e0 respecter notre environnement et \u00e0 d\u00e9velopper nos activit\u00e9s en harmonie avec le cadre naturel qui nous entoure tout en vous offrant un s\u00e9jour inoubliable au bord de la mer M\u00e9diterran\u00e9e. <\/p>\n\n\n\n<p>Nous avons investi et mis en place de nombreuses actions et strat\u00e9gies afin de faire de notre \u00e9tablissement un camping \u00e9coresponsable. <\/p>\n\n\n\n<p>Nous sommes personnellement investis dans cet optique de tendre vers le mieux, pour r\u00e9duire notre impact carbone et cela se retrouve \u00e0 travers toutes nos d\u00e9cisions. En s\u00e9journant chez nous, vous pourrez profiter d&#8217;un environnement naturel pr\u00e9serv\u00e9, avec un acc\u00e8s direct \u00e0 la plage de la Gaillarde et au Vallon de La Gaillarde. Nous sommes conscients de la richesse de notre environnement et nous souhaitons vous offrir une exp\u00e9rience unique, en harmonie avec la nature.<\/p>\n\n\n\n<p><strong>Votre camping labellis\u00e9&nbsp;depuis 2020 !<\/strong><\/p>\n\n\n\n<p>Nous sommes fiers de notre labellisation Clef Verte, une distinction environnementale reconnue \u00e0 l&#8217;\u00e9chelle internationale, symbole de notre engagement en faveur du d\u00e9veloppement durable et de la pr\u00e9servation de l&#8217;environnement. Il est attribu\u00e9 aux \u00e9tablissements touristiques qui mettent en place des pratiques respectueuses de l&#8217;environnement et qui s&#8217;engagent \u00e0 r\u00e9duire leur impact sur la plan\u00e8te.<\/p>\n\n\n\n<p>En obtenant cette certification, nous nous engageons \u00e0 respecter des crit\u00e8res stricts, notamment en mati\u00e8re de gestion de l&#8217;eau et de l&#8217;\u00e9nergie, de r\u00e9duction des d\u00e9chets, de sensibilisation environnementale et de protection de la biodiversit\u00e9. En tant que camping labellis\u00e9 Clef Verte, nous nous engageons \u00e0 offrir \u00e0 nos campeurs une exp\u00e9rience \u00e9coresponsable, avec des installations respectueuses de l&#8217;environnement et des services durables. Cela nous pousse \u00e0 nous am\u00e9liorer chaque ann\u00e9e, avec de nouvelles mesures\/gestes.<\/p>\n\n\n\n<div style=\"height:100px\" aria-hidden=\"true\" class=\"wp-block-spacer\"><\/div>\n\n\n\n<figure class=\"wp-block-pullquote\"><blockquote><p><strong>Nos \u00e9co-gestes<\/strong><\/p><\/blockquote><\/figure>\n\n\n\n<div style=\"height:100px\" aria-hidden=\"true\" class=\"wp-block-spacer\"><\/div>\n\n\n\n<div class=\"wp-block-columns alignwide\" style=\"margin-bottom:0\">\n<div class=\"wp-elements-69e1141e396a8 wp-block-column has-couleur-2-background-color has-text-color has-background has-link-color\" style=\"color:#000000;padding-top:2em;padding-right:2em;padding-bottom:2em;padding-left:2em\">\n<h2 class=\"wp-block-heading\" id=\"family\" style=\"font-size:40px\"><strong><strong><strong><strong>Am\u00e9lioration de nos sanitaires<\/strong><\/strong><\/strong><\/strong><\/h2>\n\n\n\n<p>Nous avons adopt\u00e9 une approche \u00e9cologique en utilisant des syst\u00e8mes de chauffe-eau solaire. Cela nous permet de limiter notre consommation d&#8217;\u00e9nergie tout en offrant \u00e0 nos campeurs un confort optimal.<br>De plus, nous encourageons nos campeurs \u00e0 adopter des comportements responsables en limitant leur consommation d&#8217;eau et en \u00e9vitant tout gaspillage. Nous avons \u00e9quip\u00e9 nos infrastructures avec une nouvelle g\u00e9n\u00e9ration de robinetterie \u00e9conome en eau.<\/p>\n\n\n\n<div class=\"wp-block-image is-style-rounded\"><figure class=\"aligncenter size-thumbnail\"><img width=\"150\" height=\"150\" src=\"https:\/\/auparadisdescampeurs.com\/wp-content\/uploads\/2024\/04\/3-150x150.png\" alt=\"Camping Le Paradis Des Campeurs : 3\" class=\"wp-image-4804\" srcset=\"https:\/\/auparadisdescampeurs.com\/wp-content\/uploads\/2024\/04\/3-150x150.png 150w, https:\/\/auparadisdescampeurs.com\/wp-content\/uploads\/2024\/04\/3-300x300.png 300w, https:\/\/auparadisdescampeurs.com\/wp-content\/uploads\/2024\/04\/3-1024x1024.png 1024w, https:\/\/auparadisdescampeurs.com\/wp-content\/uploads\/2024\/04\/3-768x768.png 768w, https:\/\/auparadisdescampeurs.com\/wp-content\/uploads\/2024\/04\/3-200x200.png 200w, https:\/\/auparadisdescampeurs.com\/wp-content\/uploads\/2024\/04\/3-400x400.png 400w, https:\/\/auparadisdescampeurs.com\/wp-content\/uploads\/2024\/04\/3-500x500.png 500w, https:\/\/auparadisdescampeurs.com\/wp-content\/uploads\/2024\/04\/3-600x600.png 600w, https:\/\/auparadisdescampeurs.com\/wp-content\/uploads\/2024\/04\/3-700x700.png 700w, https:\/\/auparadisdescampeurs.com\/wp-content\/uploads\/2024\/04\/3-800x800.png 800w, https:\/\/auparadisdescampeurs.com\/wp-content\/uploads\/2024\/04\/3.png 1080w\" sizes=\"(max-width: 150px) 100vw, 150px\" \/><\/figure><\/div>\n\n\n\n<div class=\"wp-container-69e1141e39675 wp-block-buttons alignfull\"><\/div>\n<\/div>\n\n\n\n<div class=\"wp-elements-69e1141e39a5d wp-block-column has-bg-2-background-color has-text-color has-background has-link-color\" style=\"color:#000000;padding-top:2em;padding-right:2em;padding-bottom:2em;padding-left:2em\">\n<h2 class=\"wp-block-heading\" id=\"family\" style=\"font-size:40px\"><strong><strong>La construction de nos h\u00e9bergeme<\/strong>nts<\/strong><\/h2>\n\n\n\n<p class=\"has-normal-font-size\" style=\"line-height:1.5\"><strong>Nous privil\u00e9gions l&#8217;utilisation de mat\u00e9riaux durables et locaux. Cela nous permet de r\u00e9duire notre empreinte carbone en r\u00e9duisant les \u00e9missions li\u00e9es au transport et aussi de soutenir l&#8217;\u00e9conomie locale. Nos lodges sont con\u00e7us en France (quelques-uns arrivants pour l\u2019\u00e9t\u00e9 2024 dans le nord de l\u2019Italie) et dans le respect de l&#8217;environnement en harmonie avec la nature qui nous entoure. Nous avons pris des options avec isolation naturelle et renforc\u00e9e. Nous fabriquons nous-m\u00eame nos terrasses avec du bois local et non trait\u00e9. Le mobilier des terrasses est achet\u00e9 d\u2019occasion pour une seconde vie et en bois durable.<\/strong><\/p>\n\n\n\n<div class=\"wp-block-image is-style-rounded\"><figure class=\"aligncenter size-thumbnail\"><img width=\"150\" height=\"150\" src=\"https:\/\/auparadisdescampeurs.com\/wp-content\/uploads\/2022\/01\/LVM01-exterieur-1920x1000-1-150x150.jpg\" alt=\"Camping Le Paradis Des Campeurs : Lvm01 Ext\u00e9rieur 1920x1000\" class=\"wp-image-4369\" srcset=\"https:\/\/auparadisdescampeurs.com\/wp-content\/uploads\/2022\/01\/LVM01-exterieur-1920x1000-1-150x150.jpg 150w, https:\/\/auparadisdescampeurs.com\/wp-content\/uploads\/2022\/01\/LVM01-exterieur-1920x1000-1-200x200.jpg 200w, https:\/\/auparadisdescampeurs.com\/wp-content\/uploads\/2022\/01\/LVM01-exterieur-1920x1000-1-300x300.jpg 300w, https:\/\/auparadisdescampeurs.com\/wp-content\/uploads\/2022\/01\/LVM01-exterieur-1920x1000-1-400x400.jpg 400w, https:\/\/auparadisdescampeurs.com\/wp-content\/uploads\/2022\/01\/LVM01-exterieur-1920x1000-1-500x500.jpg 500w, https:\/\/auparadisdescampeurs.com\/wp-content\/uploads\/2022\/01\/LVM01-exterieur-1920x1000-1-600x600.jpg 600w, https:\/\/auparadisdescampeurs.com\/wp-content\/uploads\/2022\/01\/LVM01-exterieur-1920x1000-1-700x700.jpg 700w, https:\/\/auparadisdescampeurs.com\/wp-content\/uploads\/2022\/01\/LVM01-exterieur-1920x1000-1-800x800.jpg 800w, https:\/\/auparadisdescampeurs.com\/wp-content\/uploads\/2022\/01\/LVM01-exterieur-1920x1000-1-1024x1024.jpg 1024w\" sizes=\"(max-width: 150px) 100vw, 150px\" \/><\/figure><\/div>\n\n\n\n<div class=\"wp-container-69e1141e39a2f wp-block-buttons alignfull\"><\/div>\n<\/div>\n\n\n\n<div class=\"wp-elements-69e1141e39df8 wp-block-column has-couleur-2-background-color has-text-color has-background has-link-color\" style=\"color:#000000;padding-top:2em;padding-right:2em;padding-bottom:2em;padding-left:2em\">\n<h2 class=\"wp-block-heading\" id=\"patron\" style=\"font-size:40px\"><strong><strong>Dans nos jardins&nbsp;<\/strong><\/strong><\/h2>\n\n\n\n<p class=\"has-normal-font-size\"><strong>Nous attachons \u00e9galement une grande importance \u00e0 la pr\u00e9servation de la biodiversit\u00e9 et \u00e0 la sant\u00e9 de nos sols. C&#8217;est pourquoi nous avons renonc\u00e9 \u00e0 l&#8217;utilisation d&#8217;engrais chimiques sur nos espaces verts. Nous favorisons des m\u00e9thodes de fertilisation naturelles et respectueuses de l&#8217;environnement pour maintenir un \u00e9quilibre \u00e9cologique sain.<\/strong><\/p>\n\n\n\n<div class=\"wp-block-image is-style-rounded\"><figure class=\"aligncenter size-thumbnail\"><img width=\"150\" height=\"150\" src=\"https:\/\/auparadisdescampeurs.com\/wp-content\/uploads\/2024\/04\/4-150x150.png\" alt=\"Camping Le Paradis Des Campeurs : 4\" class=\"wp-image-4809\" srcset=\"https:\/\/auparadisdescampeurs.com\/wp-content\/uploads\/2024\/04\/4-150x150.png 150w, https:\/\/auparadisdescampeurs.com\/wp-content\/uploads\/2024\/04\/4-300x300.png 300w, https:\/\/auparadisdescampeurs.com\/wp-content\/uploads\/2024\/04\/4-1024x1024.png 1024w, https:\/\/auparadisdescampeurs.com\/wp-content\/uploads\/2024\/04\/4-768x768.png 768w, https:\/\/auparadisdescampeurs.com\/wp-content\/uploads\/2024\/04\/4-200x200.png 200w, https:\/\/auparadisdescampeurs.com\/wp-content\/uploads\/2024\/04\/4-400x400.png 400w, https:\/\/auparadisdescampeurs.com\/wp-content\/uploads\/2024\/04\/4-500x500.png 500w, https:\/\/auparadisdescampeurs.com\/wp-content\/uploads\/2024\/04\/4-600x600.png 600w, https:\/\/auparadisdescampeurs.com\/wp-content\/uploads\/2024\/04\/4-700x700.png 700w, https:\/\/auparadisdescampeurs.com\/wp-content\/uploads\/2024\/04\/4-800x800.png 800w, https:\/\/auparadisdescampeurs.com\/wp-content\/uploads\/2024\/04\/4.png 1080w\" sizes=\"(max-width: 150px) 100vw, 150px\" \/><\/figure><\/div>\n\n\n\n<div class=\"wp-container-69e1141e39dca wp-block-buttons alignfull\"><\/div>\n<\/div>\n<\/div>\n\n\n\n<div style=\"height:100px\" aria-hidden=\"true\" class=\"wp-block-spacer\"><\/div>\n\n\n\n<div class=\"wp-block-columns alignwide\" style=\"margin-bottom:0\">\n<div class=\"wp-elements-69e1141e3a1e3 wp-block-column has-bg-2-background-color has-text-color has-background has-link-color\" style=\"color:#000000;padding-top:2em;padding-right:2em;padding-bottom:2em;padding-left:2em\">\n<h2 class=\"wp-block-heading\" id=\"single\" style=\"font-size:40px\"><strong><strong><strong><strong>Du local dans l\u2019assiette<\/strong><\/strong><\/strong><\/strong><\/h2>\n\n\n\n<p class=\"has-normal-font-size\" style=\"line-height:1.5\"><strong>Nous proposons une \u00e9picerie sur place avec une s\u00e9lection de produits locaux et de saison. En soutenant les producteurs locaux, nous r\u00e9duisons les \u00e9missions de carbone tout en offrant \u00e0 nos vacanciers des produits frais et de qualit\u00e9.<\/strong><\/p>\n\n\n\n<p>Nouveaut\u00e9 Printemps 2024 : La Guinguette vous accueille du petit d\u00e9jeuner au d\u00eener avec des produits frais, locaux et bio dans une ambiance conviviale. <\/p>\n\n\n\n<div class=\"wp-block-image is-style-rounded\"><figure class=\"aligncenter size-thumbnail\"><img width=\"150\" height=\"150\" src=\"https:\/\/auparadisdescampeurs.com\/wp-content\/uploads\/2022\/01\/mini-caravane2-2-150x150.jpg\" alt=\"Camping Campasun Le Paradis Des Campeurs : Mini Caravane2 2\" class=\"wp-image-3963\" srcset=\"https:\/\/auparadisdescampeurs.com\/wp-content\/uploads\/2022\/01\/mini-caravane2-2-150x150.jpg 150w, https:\/\/auparadisdescampeurs.com\/wp-content\/uploads\/2022\/01\/mini-caravane2-2-200x200.jpg 200w, https:\/\/auparadisdescampeurs.com\/wp-content\/uploads\/2022\/01\/mini-caravane2-2-300x300.jpg 300w, https:\/\/auparadisdescampeurs.com\/wp-content\/uploads\/2022\/01\/mini-caravane2-2-400x400.jpg 400w, https:\/\/auparadisdescampeurs.com\/wp-content\/uploads\/2022\/01\/mini-caravane2-2-500x500.jpg 500w, https:\/\/auparadisdescampeurs.com\/wp-content\/uploads\/2022\/01\/mini-caravane2-2-600x600.jpg 600w, https:\/\/auparadisdescampeurs.com\/wp-content\/uploads\/2022\/01\/mini-caravane2-2-700x700.jpg 700w, https:\/\/auparadisdescampeurs.com\/wp-content\/uploads\/2022\/01\/mini-caravane2-2-800x800.jpg 800w, https:\/\/auparadisdescampeurs.com\/wp-content\/uploads\/2022\/01\/mini-caravane2-2-1024x1024.jpg 1024w\" sizes=\"(max-width: 150px) 100vw, 150px\" \/><\/figure><\/div>\n\n\n\n<div class=\"wp-container-69e1141e3a1b7 wp-block-buttons alignfull\"><\/div>\n<\/div>\n\n\n\n<div class=\"wp-elements-69e1141e3a277 wp-block-column has-couleur-2-background-color has-text-color has-background has-link-color\" style=\"color:#000000;padding-top:2em;padding-right:2em;padding-bottom:2em;padding-left:2em\">\n<h2 class=\"wp-block-heading\" id=\"family\" style=\"font-size:40px\"><strong><strong>Gestion des d\u00e9chets<\/strong><\/strong><\/h2>\n\n\n\n<p class=\"has-normal-font-size\" style=\"line-height:1.5\"><strong>Nous mettons \u00e0 la disposition de chaque vacancier des sacs de tri s\u00e9lectif afin de faciliter la collecte des d\u00e9chets recyclables tels que le plastique, le papier et le verre. En plus du tri s\u00e9lectif, nous encourageons activement le compostage. Chaque vacancier se voit remettre un bac de compostage pour les d\u00e9chets organiques. Le compostage permet de valoriser ces d\u00e9chets en les transformant en un fertilisant naturel et riche en nutriments pour nos espaces verts. Dans les h\u00e9bergements, les kits de tris sont d\u00e9j\u00e0 sur la terrasse \u00e0 votre arriv\u00e9e.<\/strong><\/p>\n\n\n\n<div class=\"wp-block-image is-style-rounded\"><figure class=\"aligncenter size-thumbnail\"><img width=\"150\" height=\"150\" src=\"https:\/\/auparadisdescampeurs.com\/wp-content\/uploads\/2024\/04\/1-150x150.png\" alt=\"Camping Le Paradis Des Campeurs : 1\" class=\"wp-image-4794\" srcset=\"https:\/\/auparadisdescampeurs.com\/wp-content\/uploads\/2024\/04\/1-150x150.png 150w, https:\/\/auparadisdescampeurs.com\/wp-content\/uploads\/2024\/04\/1-300x300.png 300w, https:\/\/auparadisdescampeurs.com\/wp-content\/uploads\/2024\/04\/1-1024x1024.png 1024w, https:\/\/auparadisdescampeurs.com\/wp-content\/uploads\/2024\/04\/1-768x768.png 768w, https:\/\/auparadisdescampeurs.com\/wp-content\/uploads\/2024\/04\/1-200x200.png 200w, https:\/\/auparadisdescampeurs.com\/wp-content\/uploads\/2024\/04\/1-400x400.png 400w, https:\/\/auparadisdescampeurs.com\/wp-content\/uploads\/2024\/04\/1-500x500.png 500w, https:\/\/auparadisdescampeurs.com\/wp-content\/uploads\/2024\/04\/1-600x600.png 600w, https:\/\/auparadisdescampeurs.com\/wp-content\/uploads\/2024\/04\/1-700x700.png 700w, https:\/\/auparadisdescampeurs.com\/wp-content\/uploads\/2024\/04\/1-800x800.png 800w, https:\/\/auparadisdescampeurs.com\/wp-content\/uploads\/2024\/04\/1.png 1080w\" sizes=\"(max-width: 150px) 100vw, 150px\" \/><\/figure><\/div>\n<\/div>\n<\/div>\n\n\n\n<div style=\"height:100px\" aria-hidden=\"true\" class=\"wp-block-spacer\"><\/div>\n\n\n\n<p><strong>Nous croyons en la valorisation des activit\u00e9s douces et respectueuses<\/strong><\/p>\n\n\n\n<p>Nous encourageons vivement nos visiteurs \u00e0 d\u00e9couvrir des activit\u00e9s : paddle, v\u00e9lo, massages, accrobranche, excursion en bateau (voilier ou autre), cano\u00eb, visite de vignoble, d\u00e9couverte de l&#8217;Esterel ou du rocher de Roquebrune, &#8230; <\/p>\n\n\n\n<p>Pour les amateurs de randonn\u00e9e, les sentiers sinueux et les paysages vari\u00e9s de notre r\u00e9gion offrent une multitude d&#8217;options pour se connecter \u00e0 la nature : \u00e0 pied ou \u00e0 v\u00e9lo. <\/p>\n\n\n\n<p>En encourageant ces activit\u00e9s douces, nous souhaitons offrir \u00e0 nos vacanciers une exp\u00e9rience authentique et respectueuse de la nature qui les entoure. Nous mettons \u00e0 disposition des informations sur les activit\u00e9s qui permettent de profiter de notre r\u00e9gion, sur notre application et \u00e0 la r\u00e9ception du camping.<\/p>\n","protected":false},"excerpt":{"rendered":"<p>Nos engagements environnementaux En 2019, nous avons repris le camping familial. Depuis, nous avons toujours mis un point d&#8217;honneur \u00e0 respecter notre environnement et \u00e0 d\u00e9velopper nos activit\u00e9s en harmonie avec le cadre naturel qui nous entoure tout en vous offrant un s\u00e9jour inoubliable au bord de la mer M\u00e9diterran\u00e9e. Nous avons investi et mis [&hellip;]<\/p>\n","protected":false},"author":2,"featured_media":0,"parent":0,"menu_order":0,"comment_status":"closed","ping_status":"closed","template":"","meta":[],"acf":[],"_links":{"self":[{"href":"https:\/\/auparadisdescampeurs.com\/it\/wp-json\/wp\/v2\/pages\/6390"}],"collection":[{"href":"https:\/\/auparadisdescampeurs.com\/it\/wp-json\/wp\/v2\/pages"}],"about":[{"href":"https:\/\/auparadisdescampeurs.com\/it\/wp-json\/wp\/v2\/types\/page"}],"author":[{"embeddable":true,"href":"https:\/\/auparadisdescampeurs.com\/it\/wp-json\/wp\/v2\/users\/2"}],"replies":[{"embeddable":true,"href":"https:\/\/auparadisdescampeurs.com\/it\/wp-json\/wp\/v2\/comments?post=6390"}],"version-history":[{"count":1,"href":"https:\/\/auparadisdescampeurs.com\/it\/wp-json\/wp\/v2\/pages\/6390\/revisions"}],"predecessor-version":[{"id":6393,"href":"https:\/\/auparadisdescampeurs.com\/it\/wp-json\/wp\/v2\/pages\/6390\/revisions\/6393"}],"wp:attachment":[{"href":"https:\/\/auparadisdescampeurs.com\/it\/wp-json\/wp\/v2\/media?parent=6390"}],"curies":[{"name":"wp","href":"https:\/\/api.w.org\/{rel}","templated":true}]}}