{"id":7894,"date":"2026-04-17T11:40:42","date_gmt":"2026-04-17T09:40:42","guid":{"rendered":"https:\/\/auparadisdescampeurs.com\/ons-aanbod-voor-groepen\/"},"modified":"2026-04-17T11:40:42","modified_gmt":"2026-04-17T09:40:42","slug":"ons-aanbod-voor-groepen","status":"publish","type":"page","link":"https:\/\/auparadisdescampeurs.com\/nl\/ons-aanbod-voor-groepen\/","title":{"rendered":"Ons aanbod voor groepen"},"content":{"rendered":"\n<div style=\"height:155px\" aria-hidden=\"true\" class=\"wp-block-spacer\"><\/div>\n\n<h2 class=\"has-text-align-center has-large-font-size\" id=\"evenements-sejours-groupes-sur-la-cote-d-azur\"><strong>Evenementen &amp; groepsreizen aan de C\u00f4te d&#8217;Azur<\/strong><\/h2>\n\n<div style=\"height:47px\" aria-hidden=\"true\" class=\"wp-block-spacer\"><\/div>\n\n<p class=\"has-text-align-center has-medium-font-size\"><strong>Uw ideale 4-sterrenverblijf tussen zee (40 meter) en bos<\/strong> <\/p>\n\n<div style=\"height:20px\" aria-hidden=\"true\" class=\"wp-block-spacer\"><\/div>\n\n<p class=\"has-text-align-center has-medium-font-size\">Het organiseren van een groepsvakantie kost tijd en energie. Bij Paradis des Campeurs maken we uw logistiek een stuk eenvoudiger. Dankzij onze directe toegang tot het strand van La Gaillarde en onze ligging aan de voet van het Massif des Maures profiteert u van een uitzonderlijke locatie waar alles te voet bereikbaar is. Of u nu een sportclub bent, een bedrijf op zoek naar teambuilding of een grote familie, wij stellen samen met u een verblijf samen dat bij u past.   <\/p>\n\n<div style=\"height:38px\" aria-hidden=\"true\" class=\"wp-block-spacer\"><\/div>\n\n<div class=\"wp-block-image\"><figure class=\"aligncenter size-large is-resized\"><img src=\"https:\/\/auparadisdescampeurs.com\/wp-content\/uploads\/2025\/09\/LL55-d-1024x683.jpg\" alt=\"\" class=\"wp-image-7199\" width=\"739\" height=\"493\" srcset=\"https:\/\/auparadisdescampeurs.com\/wp-content\/uploads\/2025\/09\/LL55-d-1024x683.jpg 1024w, https:\/\/auparadisdescampeurs.com\/wp-content\/uploads\/2025\/09\/LL55-d-300x200.jpg 300w, https:\/\/auparadisdescampeurs.com\/wp-content\/uploads\/2025\/09\/LL55-d-768x512.jpg 768w, https:\/\/auparadisdescampeurs.com\/wp-content\/uploads\/2025\/09\/LL55-d-1536x1024.jpg 1536w, https:\/\/auparadisdescampeurs.com\/wp-content\/uploads\/2025\/09\/LL55-d.jpg 1920w\" sizes=\"(max-width: 739px) 100vw, 739px\" \/><\/figure><\/div>\n\n<div style=\"height:38px\" aria-hidden=\"true\" class=\"wp-block-spacer\"><\/div>\n\n<h4 class=\"has-text-align-center\" id=\"a-qui-s-adressent-nos-sejours\" style=\"font-size:25px\">Voor wie zijn onze vakanties bedoeld?<\/h4>\n\n<div style=\"height:18px\" aria-hidden=\"true\" class=\"wp-block-spacer\"><\/div>\n\n<p class=\"has-medium-font-size\">Sportclubs en verenigingen: duiken, wandelen, yoga of fietsen. Profiteer van onze aangepaste faciliteiten (droogruimtes, oefenterras) en directe toegang tot de mooiste plekken in de Var. <\/p>\n\n<div style=\"height:20px\" aria-hidden=\"true\" class=\"wp-block-spacer\"><\/div>\n\n<p class=\"has-medium-font-size\">Seminars; Teambuilding: Laat uw teams even helemaal tot rust komen in een inspirerende natuurlijke omgeving. Luxe lodges, informele werkplekken op ons terras met panoramisch uitzicht en activiteiten gericht op MVO en de natuur. <\/p>\n\n<div style=\"height:20px\" aria-hidden=\"true\" class=\"wp-block-spacer\"><\/div>\n\n<p class=\"has-medium-font-size\">Priv\u00e9-evenementen &amp; gezinnen: familiebijeenkomsten, verjaardagen of andere bijeenkomsten. Kom samen in een gezellige en veilige omgeving waar iedereen, van jong tot oud, zich thuis voelt. <\/p>\n\n<div style=\"height:52px\" aria-hidden=\"true\" class=\"wp-block-spacer\"><\/div>\n\n<div class=\"wp-block-media-text alignwide is-stacked-on-mobile\" style=\"grid-template-columns:42% auto\"><figure class=\"wp-block-media-text__media\"><img width=\"747\" height=\"1024\" src=\"https:\/\/auparadisdescampeurs.com\/wp-content\/uploads\/2026\/03\/IMG_0537-2-1-edited-747x1024.jpg\" alt=\"\" class=\"wp-image-7657 size-full\" srcset=\"https:\/\/auparadisdescampeurs.com\/wp-content\/uploads\/2026\/03\/IMG_0537-2-1-edited-747x1024.jpg 747w, https:\/\/auparadisdescampeurs.com\/wp-content\/uploads\/2026\/03\/IMG_0537-2-1-edited-219x300.jpg 219w, https:\/\/auparadisdescampeurs.com\/wp-content\/uploads\/2026\/03\/IMG_0537-2-1-edited-768x1053.jpg 768w, https:\/\/auparadisdescampeurs.com\/wp-content\/uploads\/2026\/03\/IMG_0537-2-1-edited-1120x1536.jpg 1120w, https:\/\/auparadisdescampeurs.com\/wp-content\/uploads\/2026\/03\/IMG_0537-2-1-edited.jpg 1169w\" sizes=\"(max-width: 747px) 100vw, 747px\" \/><\/figure><div class=\"wp-block-media-text__content\">\n<p class=\"has-medium-font-size\"><strong>Onze infrastructuur en capaciteiten <\/strong><\/p>\n\n\n\n<div style=\"height:18px\" aria-hidden=\"true\" class=\"wp-block-spacer\"><\/div>\n\n\n\n<p class=\"has-medium-font-size\"><strong>Een flexibele capaciteit tot 600 personen<\/strong><\/p>\n\n\n\n<div style=\"height:21px\" aria-hidden=\"true\" class=\"wp-block-spacer\"><\/div>\n\n\n\n<p class=\"has-medium-font-size\">Comfortabele accommodaties: van onze Premium Lodges (met opties voor een priv\u00e9spa en uitzicht op zee) voor maximale privacy, tot onze ruime natuurplaatsen met volledig gerenoveerde en moderne sanitairgebouwen.<\/p>\n\n\n\n<p class=\"has-medium-font-size\">Catering &amp; Ontmoetingsruimtes: Ons ruime panoramaterras met uitzicht op zowel de zee als het bos kan exclusief worden afgehuurd. De perfecte plek voor uw groepsmaaltijden, een stevig ontbijt of een aperitief bij zonsondergang. <\/p>\n\n\n\n<p class=\"has-medium-font-size\">Vereenvoudigde logistiek: parkeerplaats voor touringcars, directe toegang tot het strand (geen auto\u2019s) en vlak bij de haven voor uw boottochten.<\/p>\n<\/div><\/div>\n\n<div style=\"height:63px\" aria-hidden=\"true\" class=\"wp-block-spacer\"><\/div>\n\n<h4 class=\"has-text-align-center\" id=\"pourquoi-nous-choisir\" style=\"font-size:30px\">Waarom voor ons kiezen?<\/h4>\n\n<div style=\"height:13px\" aria-hidden=\"true\" class=\"wp-block-spacer\"><\/div>\n\n<p class=\"has-medium-font-size\">E\u00e9n vast aanspreekpunt: van het opstellen van uw offerte tot de ontvangst op de grote dag begeleidt een toegewijde medewerker u stap voor stap.<\/p>\n\n<div style=\"height:10px\" aria-hidden=\"true\" class=\"wp-block-spacer\"><\/div>\n\n<p class=\"has-medium-font-size\">100% op maat: accommodatie, halfpension of een \u201eall-inclusive-pakket\u201c met activiteiten van onze partners&#8230; Wij passen ons aan uw budget en uw wensen aan. <\/p>\n\n<div style=\"height:10px\" aria-hidden=\"true\" class=\"wp-block-spacer\"><\/div>\n\n<p class=\"has-medium-font-size\">L&#8217;Engagement Nature: een gecertificeerd en beschermd landgoed, ideaal om uw bijeenkomst een bijzondere betekenis te geven.<\/p>\n\n<div style=\"height:70px\" aria-hidden=\"true\" class=\"wp-block-spacer\"><\/div>\n\n<p class=\"has-text-align-center\" style=\"font-size:30px\"><strong>Neem contact met ons op via e-mail of telefoon<\/strong><\/p>\n\n<p class=\"has-text-align-center has-medium-font-size\">E-mail: groupe@campingpdc.fr<br\/>Telefoon: 04 94 96 93 55<\/p>\n\n<div style=\"height:41px\" aria-hidden=\"true\" class=\"wp-block-spacer\"><\/div>\n<script type=\"text\/javascript\">var gform;gform||(document.addEventListener(\"gform_main_scripts_loaded\",function(){gform.scriptsLoaded=!0}),window.addEventListener(\"DOMContentLoaded\",function(){gform.domLoaded=!0}),gform={domLoaded:!1,scriptsLoaded:!1,initializeOnLoaded:function(o){gform.domLoaded&&gform.scriptsLoaded?o():!gform.domLoaded&&gform.scriptsLoaded?window.addEventListener(\"DOMContentLoaded\",o):document.addEventListener(\"gform_main_scripts_loaded\",o)},hooks:{action:{},filter:{}},addAction:function(o,n,r,t){gform.addHook(\"action\",o,n,r,t)},addFilter:function(o,n,r,t){gform.addHook(\"filter\",o,n,r,t)},doAction:function(o){gform.doHook(\"action\",o,arguments)},applyFilters:function(o){return gform.doHook(\"filter\",o,arguments)},removeAction:function(o,n){gform.removeHook(\"action\",o,n)},removeFilter:function(o,n,r){gform.removeHook(\"filter\",o,n,r)},addHook:function(o,n,r,t,i){null==gform.hooks[o][n]&&(gform.hooks[o][n]=[]);var e=gform.hooks[o][n];null==i&&(i=n+\"_\"+e.length),gform.hooks[o][n].push({tag:i,callable:r,priority:t=null==t?10:t})},doHook:function(n,o,r){var t;if(r=Array.prototype.slice.call(r,1),null!=gform.hooks[n][o]&&((o=gform.hooks[n][o]).sort(function(o,n){return o.priority-n.priority}),o.forEach(function(o){\"function\"!=typeof(t=o.callable)&&(t=window[t]),\"action\"==n?t.apply(null,r):r[0]=t.apply(null,r)})),\"filter\"==n)return r[0]},removeHook:function(o,n,t,i){var r;null!=gform.hooks[o][n]&&(r=(r=gform.hooks[o][n]).filter(function(o,n,r){return!!(null!=i&&i!=o.tag||null!=t&&t!=o.priority)}),gform.hooks[o][n]=r)}});<\/script>\n                <div class='gf_browser_gecko gform_wrapper gravity-theme' id='gform_wrapper_5' >\n                        <div class='gform_heading'>\n                            <h2 class=\"gform_title\">Formulaire de contact &#8211; \u00c9v\u00e9nements &#038; S\u00e9jours Groupes sur la C\u00f4te d&#8217;Azur<\/h2>\n                            <span class='gform_description'>Concevons ensemble votre \u00e9v\u00e9nement !\r\nRemplissez ce formulaire en quelques clics, notre \u00e9quipe commerciale reviendra vers vous rapidement avec une proposition personnalis\u00e9e.<\/span>\n                        <\/div><form method='post' enctype='multipart\/form-data'  id='gform_5'  action='\/nl\/wp-json\/wp\/v2\/pages\/7894' novalidate>\n                        <div class='gform_body gform-body'><div id='gform_fields_5' class='gform_fields top_label form_sublabel_below description_below'><fieldset id=\"field_5_9\" class=\"gfield gfield--width-full gfield_contains_required field_sublabel_below field_description_below gfield_visibility_visible\" ><legend class='gfield_label gfield_label_before_complex'  >Choix du type de groupe<span class=\"gfield_required\"><span class=\"gfield_required gfield_required_text\">(Vereist)<\/span><\/span><\/legend><div class='ginput_container ginput_container_checkbox'><div class='gfield_checkbox' id='input_5_9'><div class='gchoice gchoice_5_9_1'>\n\t\t\t\t\t\t\t\t<input class='gfield-choice-input' name='input_9.1' type='checkbox'  value='Clubs Sportifs &amp; Associations'  id='choice_5_9_1'   \/>\n\t\t\t\t\t\t\t\t<label for='choice_5_9_1' id='label_5_9_1'>Clubs Sportifs &#038; Associations<\/label>\n\t\t\t\t\t\t\t<\/div><div class='gchoice gchoice_5_9_2'>\n\t\t\t\t\t\t\t\t<input class='gfield-choice-input' name='input_9.2' type='checkbox'  value='S\u00e9minaires &amp; Team-Building'  id='choice_5_9_2'   \/>\n\t\t\t\t\t\t\t\t<label for='choice_5_9_2' id='label_5_9_2'>S\u00e9minaires &#038; Team-Building<\/label>\n\t\t\t\t\t\t\t<\/div><div class='gchoice gchoice_5_9_3'>\n\t\t\t\t\t\t\t\t<input class='gfield-choice-input' name='input_9.3' type='checkbox'  value='\u00c9v\u00e9nements Priv\u00e9s &amp; Familles'  id='choice_5_9_3'   \/>\n\t\t\t\t\t\t\t\t<label for='choice_5_9_3' id='label_5_9_3'>\u00c9v\u00e9nements Priv\u00e9s &#038; Familles<\/label>\n\t\t\t\t\t\t\t<\/div><div class='gchoice gchoice_5_9_4'>\n\t\t\t\t\t\t\t\t<input class='gfield-choice-input' name='input_9.4' type='checkbox'  value='Autre'  id='choice_5_9_4'   \/>\n\t\t\t\t\t\t\t\t<label for='choice_5_9_4' id='label_5_9_4'>Autre<\/label>\n\t\t\t\t\t\t\t<\/div><\/div><\/div><\/fieldset><fieldset id=\"field_5_5\" class=\"gfield gfield--width-full field_sublabel_below field_description_below gfield_visibility_visible\" ><legend class='gfield_label gfield_label_before_complex'  >Nom<\/legend><div class='ginput_complex ginput_container no_prefix has_first_name no_middle_name has_last_name no_suffix gf_name_has_2 ginput_container_name' id='input_5_5'>\n                            \n                            <span id='input_5_5_3_container' class='name_first' >\n                                                    <input type='text' name='input_5.3' id='input_5_5_3' value=''   aria-required='false'     \/>\n                                                    <label for='input_5_5_3' >Voornaam<\/label>\n                                                <\/span>\n                            \n                            <span id='input_5_5_6_container' class='name_last' >\n                                                    <input type='text' name='input_5.6' id='input_5_5_6' value=''   aria-required='false'     \/>\n                                                    <label for='input_5_5_6' >Achternaam<\/label>\n                                                <\/span>\n                            \n                        <\/div><\/fieldset><div id=\"field_5_6\" class=\"gfield gfield--width-full gfield_contains_required field_sublabel_below field_description_below gfield_visibility_visible\" ><label class='gfield_label' for='input_5_6' >E-mail<span class=\"gfield_required\"><span class=\"gfield_required gfield_required_text\">(Vereist)<\/span><\/span><\/label><div class='ginput_container ginput_container_email'>\n                            <input name='input_6' id='input_5_6' type='email' value='' class='large'    aria-required=\"true\" aria-invalid=\"false\"  \/>\n                        <\/div><\/div><div id=\"field_5_7\" class=\"gfield gfield--width-full gfield_contains_required field_sublabel_below field_description_below gfield_visibility_visible\" ><label class='gfield_label' for='input_5_7' >T\u00e9l\u00e9phone<span class=\"gfield_required\"><span class=\"gfield_required gfield_required_text\">(Vereist)<\/span><\/span><\/label><div class='ginput_container ginput_container_phone'><input name='input_7' id='input_5_7' type='tel' value='' class='large'   aria-required=\"true\" aria-invalid=\"false\"   \/><\/div><\/div><fieldset id=\"field_5_10\" class=\"gfield gfield--width-full gfield_contains_required field_sublabel_below field_description_below gfield_visibility_visible\" ><legend class='gfield_label'  >Choix des dates<span class=\"gfield_required\"><span class=\"gfield_required gfield_required_text\">(Vereist)<\/span><\/span><\/legend><div class='ginput_container ginput_container_list ginput_list'><div class='gfield_list gfield_list_container'><div class=\"gfield_list_groups\"><div class='gfield_list_row_odd gfield_list_group'><div class='gfield_list_group_item gfield_list_cell gfield_list_10_cell1' ><input aria-invalid='false' aria-required=\"true\"  aria-label='Choix des dates, Row 1' data-aria-label-template='Choix des dates, Row {0}' type='text' name='input_10[]' value=''   \/><\/div><div class='gfield_list_icons'>   <button type=\"button\"  class='add_list_item ' aria-label='Nog een rij toevoegen' onclick='gformAddListItem(this, 0)'>Add<\/button>   <button type=\"button\"  class='delete_list_item' aria-label='Verwijder rij 1' data-aria-label-template='Verwijder rij {0}' onclick='gformDeleteListItem(this, 0)' style=\"visibility:hidden;\">Remove<\/button><\/div><\/div><\/div><\/div><\/div><\/fieldset><fieldset id=\"field_5_11\" class=\"gfield gfield--width-full gfield_contains_required field_sublabel_below field_description_below gfield_visibility_visible\" ><legend class='gfield_label'  >Nombre de personnes<span class=\"gfield_required\"><span class=\"gfield_required gfield_required_text\">(Vereist)<\/span><\/span><\/legend><div class='ginput_container ginput_container_list ginput_list'><div class='gfield_list gfield_list_container'><div class=\"gfield_list_groups\"><div class='gfield_list_row_odd gfield_list_group'><div class='gfield_list_group_item gfield_list_cell gfield_list_11_cell1' ><input aria-invalid='false' aria-required=\"true\"  aria-label='Nombre de personnes, Row 1' data-aria-label-template='Nombre de personnes, Row {0}' type='text' name='input_11[]' value=''   \/><\/div><div class='gfield_list_icons'>   <button type=\"button\"  class='add_list_item ' aria-label='Nog een rij toevoegen' onclick='gformAddListItem(this, 0)'>Add<\/button>   <button type=\"button\"  class='delete_list_item' aria-label='Verwijder rij 1' data-aria-label-template='Verwijder rij {0}' onclick='gformDeleteListItem(this, 0)' style=\"visibility:hidden;\">Remove<\/button><\/div><\/div><\/div><\/div><\/div><\/fieldset><fieldset id=\"field_5_12\" class=\"gfield gfield--width-full field_sublabel_below field_description_below gfield_visibility_visible\" ><legend class='gfield_label'  >Besoins sp\u00e9cifiques<\/legend><div class='ginput_container ginput_container_list ginput_list'><div class='gfield_list gfield_list_container'><div class=\"gfield_list_groups\"><div class='gfield_list_row_odd gfield_list_group'><div class='gfield_list_group_item gfield_list_cell gfield_list_12_cell1' ><input aria-invalid='false'   aria-label='Besoins sp\u00e9cifiques, Row 1' data-aria-label-template='Besoins sp\u00e9cifiques, Row {0}' type='text' name='input_12[]' value=''   \/><\/div><div class='gfield_list_icons'>   <button type=\"button\"  class='add_list_item ' aria-label='Nog een rij toevoegen' onclick='gformAddListItem(this, 0)'>Add<\/button>   <button type=\"button\"  class='delete_list_item' aria-label='Verwijder rij 1' data-aria-label-template='Verwijder rij {0}' onclick='gformDeleteListItem(this, 0)' style=\"visibility:hidden;\">Remove<\/button><\/div><\/div><\/div><\/div><\/div><\/fieldset><\/div><\/div>\n        <div class='gform_footer top_label'> <input type='submit' id='gform_submit_button_5' class='gform_button button' value='Envoyer'  onclick='if(window[\"gf_submitting_5\"]){return false;}  if( !jQuery(\"#gform_5\")[0].checkValidity || jQuery(\"#gform_5\")[0].checkValidity()){window[\"gf_submitting_5\"]=true;}  ' onkeypress='if( event.keyCode == 13 ){ if(window[\"gf_submitting_5\"]){return false;} if( !jQuery(\"#gform_5\")[0].checkValidity || jQuery(\"#gform_5\")[0].checkValidity()){window[\"gf_submitting_5\"]=true;}  jQuery(\"#gform_5\").trigger(\"submit\",[true]); }' \/> \n            <input type='hidden' class='gform_hidden' name='is_submit_5' value='1' \/>\n            <input type='hidden' class='gform_hidden' name='gform_submit' value='5' \/>\n            \n            <input type='hidden' class='gform_hidden' name='gform_unique_id' value='' \/>\n            <input type='hidden' class='gform_hidden' name='state_5' value='WyJbXSIsIjgzZDc1MTViYjcwMWE5MTBkYjc1ZGVmNDk0MWZiZDkxIl0=' \/>\n            <input type='hidden' class='gform_hidden' name='gform_target_page_number_5' id='gform_target_page_number_5' value='0' \/>\n            <input type='hidden' class='gform_hidden' name='gform_source_page_number_5' id='gform_source_page_number_5' value='1' \/>\n            <input type='hidden' name='gform_field_values' value='' \/>\n            \n        <\/div>\n                        <p style=\"display: none !important;\"><label>&#916;<textarea name=\"ak_hp_textarea\" cols=\"45\" rows=\"8\" maxlength=\"100\"><\/textarea><\/label><input type=\"hidden\" id=\"ak_js_1\" name=\"ak_js\" value=\"33\"\/><script>document.getElementById( \"ak_js_1\" ).setAttribute( \"value\", ( new Date() ).getTime() );<\/script><\/p><\/form>\n                        <\/div>","protected":false},"excerpt":{"rendered":"<p>Evenementen &amp; groepsreizen aan de C\u00f4te d&#8217;Azur Uw ideale 4-sterrenverblijf tussen zee (40 meter) en bos Het organiseren van een groepsvakantie kost tijd en energie. Bij Paradis des Campeurs maken we uw logistiek een stuk eenvoudiger. Dankzij onze directe toegang tot het strand van La Gaillarde en onze ligging aan de voet van het Massif [&hellip;]<\/p>\n","protected":false},"author":2,"featured_media":0,"parent":0,"menu_order":0,"comment_status":"closed","ping_status":"closed","template":"","meta":[],"acf":[],"_links":{"self":[{"href":"https:\/\/auparadisdescampeurs.com\/nl\/wp-json\/wp\/v2\/pages\/7894"}],"collection":[{"href":"https:\/\/auparadisdescampeurs.com\/nl\/wp-json\/wp\/v2\/pages"}],"about":[{"href":"https:\/\/auparadisdescampeurs.com\/nl\/wp-json\/wp\/v2\/types\/page"}],"author":[{"embeddable":true,"href":"https:\/\/auparadisdescampeurs.com\/nl\/wp-json\/wp\/v2\/users\/2"}],"replies":[{"embeddable":true,"href":"https:\/\/auparadisdescampeurs.com\/nl\/wp-json\/wp\/v2\/comments?post=7894"}],"version-history":[{"count":1,"href":"https:\/\/auparadisdescampeurs.com\/nl\/wp-json\/wp\/v2\/pages\/7894\/revisions"}],"predecessor-version":[{"id":7895,"href":"https:\/\/auparadisdescampeurs.com\/nl\/wp-json\/wp\/v2\/pages\/7894\/revisions\/7895"}],"wp:attachment":[{"href":"https:\/\/auparadisdescampeurs.com\/nl\/wp-json\/wp\/v2\/media?parent=7894"}],"curies":[{"name":"wp","href":"https:\/\/api.w.org\/{rel}","templated":true}]}}